{"id":329124,"date":"2026-01-16T22:37:45","date_gmt":"2026-01-16T19:37:45","guid":{"rendered":"https:\/\/baldumarket.lt\/product\/mebloscianka-apulia-ix-dab-zloty-wyjatkowo-stylowa-mebloscianka-proste-bryly-wpisujace-sie-w-kazde-wnetrze\/"},"modified":"2026-02-11T18:01:40","modified_gmt":"2026-02-11T15:01:40","slug":"mebloscianka-apulia-ix-dab-zloty-wyjatkowo-stylowa-mebloscianka-proste-bryly-wpisujace-sie-w-kazde-wnetrze","status":"publish","type":"product","link":"https:\/\/baldumarket.lt\/lt\/product\/mebloscianka-apulia-ix-dab-zloty-wyjatkowo-stylowa-mebloscianka-proste-bryly-wpisujace-sie-w-kazde-wnetrze\/","title":{"rendered":"\u201eApulia IX\u201c auksinio \u0105\u017euolo sienin\u0117 spintel\u0117 \u2013 i\u0161skirtinai stilinga, paprast\u0173 form\u0173, tinkanti bet kokiam interjerui"},"content":{"rendered":"<p>Auksinio \u0105\u017euolo spalvos \u201eApulia\u201c sienin\u0117 spintel\u0117 \u2013 tai modernus dizainas, kuris j\u016bs\u0173 interjerui suteiks stiling\u0105 akcent\u0105.<br \/>\n\u201eApulia\u201c kolekcijos baldai pasi\u017eymi madingu, moderniu stiliumi. Paprastos, geometrin\u0117s formos sukuria harmoning\u0105 ir unikal\u0173 interjer\u0105. \u0160ilto \u0105\u017euolo atspalvio sienin\u0117 spintel\u0117 praskaidrins kambar\u012f ir sukurs jauki\u0105 atmosfer\u0105. Sienin\u0117 spintel\u0117 suteiks kambariui stiling\u0105 apdailos akcent\u0105, suteikdama jam modernumo ir unikalumo poj\u016bt\u012f. \u201eApulia\u201c baldai sukurs original\u0173 ir unikal\u0173 dekor\u0105.<br \/>\nStikliniai indauja leid\u017eia demonstruoti svetain\u0117s aksesuarus. Erdvus televizoriaus staliukas tilps visus j\u016bs\u0173 aksesuarus ir buitin\u0119 technik\u0105. Subtiliai vir\u0161 stalvir\u0161io i\u0161siki\u0161\u0119 fasadai taip pat atlieka rankenos funkcij\u0105. Papildomas televizoriaus staliuko privalumas \u2013 galimyb\u0117 pasirinkti pad\u0117ties nustatymo b\u016bd\u0105. Televizoriaus staliuk\u0105 galima pakabinti ant sienos. D\u0117l pridedam\u0173 plastikini\u0173 kojeli\u0173 televizoriaus staliukas gali greitai tapti laisvai stovin\u010diu baldu.<br \/>\nApulijos baldai pasi\u017eymi paprasta forma, kuri sukuria modernius, ta\u010diau labai eleganti\u0161kus i\u0161d\u0117stymus.<br \/>\nSienin\u0117 spintel\u0117 pagaminta i\u0161 auk\u0161tos kokyb\u0117s laminuotos plok\u0161t\u0117s, kuri yra atspari i\u0161oriniams veiksniams, tokiems kaip \u012flenkimai, sm\u016bgiai ir \u012fbr\u0117\u017eimai. \u201eApulia\u201c baldai garantuoja nepriekai\u0161ting\u0105 naudojim\u0105 ir visos sienin\u0117s spintel\u0117s patvarum\u0105 daugel\u012f met\u0173. \u0160ilta \u0105\u017euolo spalva gra\u017eiai dera su kitomis spalvomis, tod\u0117l \u201eApulia\u201c baldai yra puiki sienin\u0117 spintel\u0117 svetainei ar miegamajam.<br \/>\n\u201eApulia\u201c sienin\u0119 spintel\u0119 galima ap\u0161viesti LED \u0161viestuvais, kuriuos galite \u012fsigyti m\u016bs\u0173 parduotuv\u0117je.<br \/>\nSienin\u012f blok\u0105 sudaro:<br \/>\nPrie sienos pakabinama lentyna<br \/>\nAuk\u0161tis: 35 cm<br \/>\nPlotis: 105 cm<br \/>\nGylis: 32 cm<br \/>\nTelevizoriaus blokas<br \/>\nAuk\u0161tis: 37 cm<br \/>\nPlotis: 100 cm<br \/>\nGylis: 43 cm<br \/>\nKomoda su stiklu<br \/>\n\u016agis: 107 cm<br \/>\nPlotis: 100 cm<br \/>\nGylis: 35 cm<\/p>","protected":false},"excerpt":{"rendered":"<p>plotis: 200 cm<br \/>\n\u016bgis: 142 cm<\/p>","protected":false},"featured_media":329125,"comment_status":"open","ping_status":"open","template":"","meta":[],"product_brand":[],"product_cat":[9235,2008],"product_tag":[],"class_list":{"0":"post-329124","1":"product","2":"type-product","3":"status-publish","4":"has-post-thumbnail","6":"product_cat-gib-meble","7":"product_cat-wall-units","9":"first","10":"instock","11":"purchasable","12":"product-type-simple"},"_links":{"self":[{"href":"https:\/\/baldumarket.lt\/lt\/wp-json\/wp\/v2\/product\/329124","targetHints":{"allow":["GET"]}}],"collection":[{"href":"https:\/\/baldumarket.lt\/lt\/wp-json\/wp\/v2\/product"}],"about":[{"href":"https:\/\/baldumarket.lt\/lt\/wp-json\/wp\/v2\/types\/product"}],"replies":[{"embeddable":true,"href":"https:\/\/baldumarket.lt\/lt\/wp-json\/wp\/v2\/comments?post=329124"}],"wp:featuredmedia":[{"embeddable":true,"href":"https:\/\/baldumarket.lt\/lt\/wp-json\/wp\/v2\/media\/329125"}],"wp:attachment":[{"href":"https:\/\/baldumarket.lt\/lt\/wp-json\/wp\/v2\/media?parent=329124"}],"wp:term":[{"taxonomy":"product_brand","embeddable":true,"href":"https:\/\/baldumarket.lt\/lt\/wp-json\/wp\/v2\/product_brand?post=329124"},{"taxonomy":"product_cat","embeddable":true,"href":"https:\/\/baldumarket.lt\/lt\/wp-json\/wp\/v2\/product_cat?post=329124"},{"taxonomy":"product_tag","embeddable":true,"href":"https:\/\/baldumarket.lt\/lt\/wp-json\/wp\/v2\/product_tag?post=329124"}],"curies":[{"name":"wp","href":"https:\/\/api.w.org\/{rel}","templated":true}]}}