{"id":329110,"date":"2026-01-16T22:37:35","date_gmt":"2026-01-16T19:37:35","guid":{"rendered":"https:\/\/baldumarket.lt\/product\/mebloscianka-memone-dab-zloty-bialy-grafitowy-nowoczesny-design-stylowy-zestaw-mebli-do-pokoju-dziecka-w-stylu-skandynawskim\/"},"modified":"2026-02-11T18:01:40","modified_gmt":"2026-02-11T15:01:40","slug":"mebloscianka-memone-dab-zloty-bialy-grafitowy-nowoczesny-design-stylowy-zestaw-mebli-do-pokoju-dziecka-w-stylu-skandynawskim","status":"publish","type":"product","link":"https:\/\/baldumarket.lt\/lt\/product\/mebloscianka-memone-dab-zloty-bialy-grafitowy-nowoczesny-design-stylowy-zestaw-mebli-do-pokoju-dziecka-w-stylu-skandynawskim\/","title":{"rendered":"\u201eMemone\u201c sienin\u0117 spintel\u0117, auksinio \u0105\u017euolo \/ baltos \/ grafito spalvos, modernaus dizaino, stilingas skandinavi\u0161ko stiliaus bald\u0173 komplektas vaik\u0173 kambariui"},"content":{"rendered":"<p>\u201eMemone\u201c sienin\u0117 spintel\u0117 yra i\u0161skirtinai funkcionalus baldas, kuris tiks daugelyje interjer\u0173.<br \/>\n\u201eMemone\u201c sienin\u0117 spintel\u0117 pasi\u017eymi skandinavi\u0161ku stiliumi ir madinga spalv\u0173 gama prislopintais atspalviais, tod\u0117l puikiai tinka svetainei, jaunesnio vaiko kambariui ar net paauglio kambariui. \u0104\u017euolo spalvos r\u0117m\u0173 ir balt\u0173 bei grafito fasad\u0173 derinys sukuria modern\u0173 ir unikal\u0173 interjer\u0105. Subtil\u016bs \u012fdubimai fasaduose suteikia original\u0173 ir i\u0161skirtin\u012f dekoratyvin\u012f akcent\u0105. Juodos metalin\u0117s ranken\u0117l\u0117s su kra\u0161tais stilingai papildo \u201eMemone\u201c kolekcijos fasadus.<br \/>\n\u0160is vaik\u0173 kambario bald\u0173 komplektas pagamintas i\u0161 auk\u0161tos kokyb\u0117s laminuotos plok\u0161t\u0117s, kuri yra atspari i\u0161oriniams veiksniams, tokiems kaip \u012flenkimai, sm\u016bgiai ir \u012fbr\u0117\u017eimai. Erdviuose komodos stal\u010diuose tilps visi j\u016bs\u0173 daiktai. Atviros lentynos knyg\u0173 lentynoje yra puiki vieta vadov\u0117liams ar m\u0117gstamoms knygoms. Prakti\u0161kas stalo stal\u010dius leid\u017eia laikyti b\u016btiniausius aksesuarus.<br \/>\n\u201eMemone\u201c sienin\u0117 spintel\u0117 puikiai tiks \u012fvairiuose i\u0161d\u0117stymuose.<br \/>\n\u201eMemone\u201c bald\u0173 konstrukcij\u0105 laiko skandinavi\u0161ko stiliaus kojel\u0117s, pagamintos i\u0161 plastiko su \u0105\u017euolo apdaila. \u0160i jaunimo kambario sienin\u0117 spintel\u0117 garantuoja patog\u0173 ir be r\u016bpes\u010di\u0173 naudojim\u0105 bei viso baldo patvarum\u0105 daugel\u012f met\u0173. \u0104\u017euolo spalva su kontrastinga grafito ir balta puikiai dera su kitomis spalvomis, tod\u0117l \u201eMemone\u201c baldai puikiai tinka vaik\u0173 kambariui ar svetain\u0117s sieninei spintelei.<br \/>\nSienin\u012f blok\u0105 sudaro:<br \/>\nKomoda<br \/>\nAuk\u0161tis: 90 cm<br \/>\nPlotis: 120 cm<br \/>\nGylis: 40 cm<br \/>\nRa\u0161omasis stalas<br \/>\nAuk\u0161tis: 75 cm<br \/>\nPlotis: 110 cm<br \/>\nGylis: 50 cm<br \/>\nKnyg\u0173 lentyna su durel\u0117mis<br \/>\nAuk\u0161tis: 200 cm<br \/>\nPlotis: 80 cm<br \/>\nGylis: 40 cm<br \/>\nLentyna<br \/>\nAuk\u0161tis: 30 cm<br \/>\nPlotis: 100 cm<br \/>\nGylis: 22 cm<\/p>","protected":false},"excerpt":{"rendered":"<p>Plotis: 310 cm<br \/>\nAuk\u0161tis: 200 cm<br \/>\nGylis: 40 cm<\/p>","protected":false},"featured_media":329111,"comment_status":"open","ping_status":"open","template":"","meta":[],"product_brand":[],"product_cat":[9235,2008],"product_tag":[],"class_list":{"0":"post-329110","1":"product","2":"type-product","3":"status-publish","4":"has-post-thumbnail","6":"product_cat-gib-meble","7":"product_cat-wall-units","9":"first","10":"instock","11":"purchasable","12":"product-type-simple"},"_links":{"self":[{"href":"https:\/\/baldumarket.lt\/lt\/wp-json\/wp\/v2\/product\/329110","targetHints":{"allow":["GET"]}}],"collection":[{"href":"https:\/\/baldumarket.lt\/lt\/wp-json\/wp\/v2\/product"}],"about":[{"href":"https:\/\/baldumarket.lt\/lt\/wp-json\/wp\/v2\/types\/product"}],"replies":[{"embeddable":true,"href":"https:\/\/baldumarket.lt\/lt\/wp-json\/wp\/v2\/comments?post=329110"}],"wp:featuredmedia":[{"embeddable":true,"href":"https:\/\/baldumarket.lt\/lt\/wp-json\/wp\/v2\/media\/329111"}],"wp:attachment":[{"href":"https:\/\/baldumarket.lt\/lt\/wp-json\/wp\/v2\/media?parent=329110"}],"wp:term":[{"taxonomy":"product_brand","embeddable":true,"href":"https:\/\/baldumarket.lt\/lt\/wp-json\/wp\/v2\/product_brand?post=329110"},{"taxonomy":"product_cat","embeddable":true,"href":"https:\/\/baldumarket.lt\/lt\/wp-json\/wp\/v2\/product_cat?post=329110"},{"taxonomy":"product_tag","embeddable":true,"href":"https:\/\/baldumarket.lt\/lt\/wp-json\/wp\/v2\/product_tag?post=329110"}],"curies":[{"name":"wp","href":"https:\/\/api.w.org\/{rel}","templated":true}]}}