{"id":329103,"date":"2026-01-16T22:37:30","date_gmt":"2026-01-16T19:37:30","guid":{"rendered":"https:\/\/baldumarket.lt\/product\/zestaw-mebli-apallo-dab-brandy-castello-charakterystyczny-design-bryly-osadzone-na-metalowych-nogach-subtelne-uchwyty-wysokie-ranty-blatow\/"},"modified":"2026-02-11T18:01:40","modified_gmt":"2026-02-11T15:01:40","slug":"zestaw-mebli-apallo-dab-brandy-castello-charakterystyczny-design-bryly-osadzone-na-metalowych-nogach-subtelne-uchwyty-wysokie-ranty-blatow","status":"publish","type":"product","link":"https:\/\/baldumarket.lt\/lt\/product\/zestaw-mebli-apallo-dab-brandy-castello-charakterystyczny-design-bryly-osadzone-na-metalowych-nogach-subtelne-uchwyty-wysokie-ranty-blatow\/","title":{"rendered":"Apallo bald\u0173 komplektas i\u0161 brandy \u0105\u017euolo \u201eCastello\u201c, i\u0161skirtinio dizaino, tvirtos dalys ant metalini\u0173 kojeli\u0173, subtilios rankenos, auk\u0161ti stalvir\u0161io kra\u0161tai"},"content":{"rendered":"<p>\u201eApallo\u201c bald\u0173 komplektas yra paprastas, ta\u010diau labai eleganti\u0161kas ir originalus.<br \/>\n\u201eApallo\u201c baldai \u2013 tai \u017eavus baldas, pasi\u017eymintis unikaliu ir i\u0161skirtiniu charakteriu. Intriguojanti, tamsiai ruda fasad\u0173 spalva puikiai dera su juodais aksesuarais, suteikdama baldams lofto ir industrinio charakterio. Auk\u0161ti stalvir\u0161i\u0173 kra\u0161tai pabr\u0117\u017eia unikal\u0173 sienin\u0117s spintel\u0117s charakter\u012f ir apsaugo dekoratyvinius elementus nuo kritimo. Sienin\u0117 spintel\u0117 suteiks kambariui stiling\u0105 apdailos akcent\u0105, suteikdama jam modernumo ir elegancijos poj\u016bt\u012f. Unikalus \u201eApallo\u201c bald\u0173 dizainas tiks net ir reikliausiam interjerui.<br \/>\nSienin\u0117 spintel\u0117 pagaminta i\u0161 auk\u0161tos kokyb\u0117s 16 mm laminuotos plok\u0161t\u0117s, kuri yra atspari i\u0161oriniams veiksniams, tokiems kaip \u012flenkimai, sm\u016bgiai ir \u012fbr\u0117\u017eimai. Ma\u017eos juodos ranken\u0117l\u0117s stilingai u\u017ebaigia sienin\u0117s spintel\u0117s priekin\u0119 dal\u012f. Kiekvien\u0105 spintel\u0119 laiko metalinis pagrindas. Erdvioje komodoje tilps visi priedai ir buitin\u0117 technika. Atviros televizoriaus staliuko lentynos puikiai tinka televizoriaus \u012frangai. Kavos staliuko vir\u0161us yra atsparus i\u0161siliejimui.<br \/>\n\u201eApallo\u201c baldai pasi\u017eymi unikaliu ir moderniu dizainu, kuris bet kokiam interjerui suteiks originalumo.<br \/>\nSvetain\u0117s spintel\u0117 standarti\u0161kai turi \u0161velnaus u\u017edarymo vyrius. Be to, stal\u010diai turi \u0161velnaus u\u017edarymo b\u0117gelius. \u0160ios sistemos padidina bald\u0173 patogum\u0105 ir saugum\u0105. \u201eApallo\u201c svetain\u0117s baldai garantuoja skland\u0173 naudojim\u0105 ir visos spintel\u0117s patvarum\u0105 daugel\u012f met\u0173. \u0104\u017euolo dekoras \u201eBrandy Castello\u201c atspalvio puikiai dera su kitomis spalvomis, tod\u0117l \u201eApallo\u201c baldai puikiai tinka kaip svetain\u0117s arba miegamojo spintel\u0117.<br \/>\nBald\u0173 komplekt\u0105 sudaro:<br \/>\nBaro spintel\u0117<br \/>\nAuk\u0161tis: 140 cm<br \/>\nPlotis: 90 cm<br \/>\nGylis: 40 cm<br \/>\nTelevizoriaus blokas<br \/>\nAuk\u0161tis: 56,2 cm<br \/>\nPlotis: 100 cm<br \/>\nGylis: 40 cm<br \/>\nKomoda<br \/>\nAuk\u0161tis: 90 cm<br \/>\nPlotis: 90 cm<br \/>\nGylis: 45 cm<br \/>\nKavos staliukas<br \/>\nAuk\u0161tis: 37 cm<br \/>\nPlotis: 119,2 cm<br \/>\nGylis: 62,3 cm<\/p>","protected":false},"excerpt":{"rendered":"<p>The Apallo furniture set is simple yet very elegant and original. Apallo furniture is a delightful piece of furniture with a unique and distinctive character. The intriguing, dark brown color of the fronts perfectly complements the black accessories, giving the furniture a loft and industrial character. The high edges of the countertops emphasize the unique [&hellip;]<\/p>","protected":false},"featured_media":329104,"comment_status":"open","ping_status":"open","template":"","meta":[],"product_brand":[],"product_cat":[9235,2008],"product_tag":[],"class_list":{"0":"post-329103","1":"product","2":"type-product","3":"status-publish","4":"has-post-thumbnail","6":"product_cat-gib-meble","7":"product_cat-wall-units","9":"first","10":"instock","11":"purchasable","12":"product-type-simple"},"_links":{"self":[{"href":"https:\/\/baldumarket.lt\/lt\/wp-json\/wp\/v2\/product\/329103","targetHints":{"allow":["GET"]}}],"collection":[{"href":"https:\/\/baldumarket.lt\/lt\/wp-json\/wp\/v2\/product"}],"about":[{"href":"https:\/\/baldumarket.lt\/lt\/wp-json\/wp\/v2\/types\/product"}],"replies":[{"embeddable":true,"href":"https:\/\/baldumarket.lt\/lt\/wp-json\/wp\/v2\/comments?post=329103"}],"wp:featuredmedia":[{"embeddable":true,"href":"https:\/\/baldumarket.lt\/lt\/wp-json\/wp\/v2\/media\/329104"}],"wp:attachment":[{"href":"https:\/\/baldumarket.lt\/lt\/wp-json\/wp\/v2\/media?parent=329103"}],"wp:term":[{"taxonomy":"product_brand","embeddable":true,"href":"https:\/\/baldumarket.lt\/lt\/wp-json\/wp\/v2\/product_brand?post=329103"},{"taxonomy":"product_cat","embeddable":true,"href":"https:\/\/baldumarket.lt\/lt\/wp-json\/wp\/v2\/product_cat?post=329103"},{"taxonomy":"product_tag","embeddable":true,"href":"https:\/\/baldumarket.lt\/lt\/wp-json\/wp\/v2\/product_tag?post=329103"}],"curies":[{"name":"wp","href":"https:\/\/api.w.org\/{rel}","templated":true}]}}