{"id":329096,"date":"2026-01-16T22:37:25","date_gmt":"2026-01-16T19:37:25","guid":{"rendered":"https:\/\/baldumarket.lt\/product\/mebloscianka-denver-dab-monastery-czarny-polysk-prosta-forma-mebloscianki-w-nowoczesnym-wydaniu-trwale-metalowe-uchwyty\/"},"modified":"2026-02-11T18:01:40","modified_gmt":"2026-02-11T15:01:40","slug":"mebloscianka-denver-dab-monastery-czarny-polysk-prosta-forma-mebloscianki-w-nowoczesnym-wydaniu-trwale-metalowe-uchwyty","status":"publish","type":"product","link":"https:\/\/baldumarket.lt\/lt\/product\/mebloscianka-denver-dab-monastery-czarny-polysk-prosta-forma-mebloscianki-w-nowoczesnym-wydaniu-trwale-metalowe-uchwyty\/","title":{"rendered":"Denver sienin\u0117 spintel\u0117, vienuolyno \u0105\u017euolas \/ juodas blizgus pavir\u0161ius, paprastos formos sienin\u0117 spintel\u0117 moderniame variante, patvarios metalin\u0117s ranken\u0117l\u0117s"},"content":{"rendered":"<p>\u201eDenver\u201c sienin\u0117 spintel\u0117 \u201eMonoye Oak\/Black\u201c spalvos \u2013 tai paprastas, ta\u010diau stilingas ir modernus baldas.<br \/>\n\u201eDenver\u201c kolekcijos baldai \u2013 idealus pasirinkimas vertinantiems klasikin\u012f i\u0161d\u0117stym\u0105. Madingos spalvos ir kruop\u0161ti sienin\u0117s spintel\u0117s apdaila suteiks interjerui elegancijos ir estetinio patrauklumo. I\u0161skirtiniai \u0161i\u0173 svetain\u0117s bald\u0173 elementai \u2013 blizg\u016bs juodi intarpai, sukuriantys trimat\u012f efekt\u0105. Stilingos ranken\u0117l\u0117s suteikia baldams i\u0161ties \u012fsp\u016bding\u0105 i\u0161vaizd\u0105. \u201eDenver\u201c sienin\u0117 spintel\u0117 \u2013 universalus baldas, kuris puikiai papildys svetain\u0117s, miegamojo, jaunimo kambario ar net prie\u0161kambario estetik\u0105, suteikdamas erdvei elegancijos ir modernaus stiliaus.<br \/>\nSienin\u0117 spintel\u0117 pagaminta i\u0161 auk\u0161tos kokyb\u0117s laminuotos plok\u0161t\u0117s, kuri yra atspari i\u0161oriniams veiksniams, tokiems kaip \u012flenkimai, sm\u016bgiai ir \u012fbr\u0117\u017eimai. Metalin\u0117s spinteli\u0173 ir stal\u010di\u0173 rankenos pasi\u017eymi dideliu patvarumu ir tvirtumu. Tiksli apdaila ir d\u0117mesys detal\u0117ms u\u017etikrina, kad \u201eDenver\u201c svetain\u0117s bald\u0173 komplektas daugel\u012f met\u0173 i\u0161laikys gra\u017ei\u0105 i\u0161vaizd\u0105 nepakenkdamas funkcionalumui.<br \/>\nDenverio baldai buvo sukurti tiems, kurie vertina modernius baldus ir patogum\u0105 kasdienio naudojimo metu.<br \/>\n\u201eDenver\u201c svetain\u0117s sienin\u0117 spintel\u0117 buvo sukurta atsi\u017evelgiant \u012f funkcionalum\u0105 ir patogum\u0105, si\u016blant daug vietos daiktams susid\u0117ti. Kontrastingos ir i\u0161rai\u0161kingos spalvos papildys klasikin\u012f interjer\u0105, tod\u0117l \u201eDenver\u201c baldai puikiai tinka svetainei ar miegamajam.<br \/>\nDenver sienin\u0119 spintel\u0119 galima ap\u0161viesti LED \u0161viestuvais, kuriuos galite \u012fsigyti m\u016bs\u0173 parduotuv\u0117je.<br \/>\nSienin\u012f blok\u0105 sudaro:<br \/>\nvitrina<br \/>\nauk\u0161tis: 200 cm<br \/>\nplotis: 50 cm<br \/>\ngylis: 40 cm<br \/>\nTelevizoriaus blokas<br \/>\nauk\u0161tis: 46 cm<br \/>\nplotis: 135 cm<br \/>\ngylis: 40 cm<br \/>\nkomoda<br \/>\nauk\u0161tis: 90 cm<br \/>\nplotis: 135 cm<br \/>\ngylis: 40 cm<br \/>\nprie sienos tvirtinama lentyna<br \/>\nauk\u0161tis: 35 cm<br \/>\nplotis: 120 cm<br \/>\ngylis: 32 cm<\/p>","protected":false},"excerpt":{"rendered":"<p>plotis: 320 cm<br \/>\nauk\u0161tis: 200 cm<\/p>","protected":false},"featured_media":329097,"comment_status":"open","ping_status":"open","template":"","meta":[],"product_brand":[],"product_cat":[9235,2008],"product_tag":[],"class_list":{"0":"post-329096","1":"product","2":"type-product","3":"status-publish","4":"has-post-thumbnail","6":"product_cat-gib-meble","7":"product_cat-wall-units","9":"first","10":"instock","11":"purchasable","12":"product-type-simple"},"_links":{"self":[{"href":"https:\/\/baldumarket.lt\/lt\/wp-json\/wp\/v2\/product\/329096","targetHints":{"allow":["GET"]}}],"collection":[{"href":"https:\/\/baldumarket.lt\/lt\/wp-json\/wp\/v2\/product"}],"about":[{"href":"https:\/\/baldumarket.lt\/lt\/wp-json\/wp\/v2\/types\/product"}],"replies":[{"embeddable":true,"href":"https:\/\/baldumarket.lt\/lt\/wp-json\/wp\/v2\/comments?post=329096"}],"wp:featuredmedia":[{"embeddable":true,"href":"https:\/\/baldumarket.lt\/lt\/wp-json\/wp\/v2\/media\/329097"}],"wp:attachment":[{"href":"https:\/\/baldumarket.lt\/lt\/wp-json\/wp\/v2\/media?parent=329096"}],"wp:term":[{"taxonomy":"product_brand","embeddable":true,"href":"https:\/\/baldumarket.lt\/lt\/wp-json\/wp\/v2\/product_brand?post=329096"},{"taxonomy":"product_cat","embeddable":true,"href":"https:\/\/baldumarket.lt\/lt\/wp-json\/wp\/v2\/product_cat?post=329096"},{"taxonomy":"product_tag","embeddable":true,"href":"https:\/\/baldumarket.lt\/lt\/wp-json\/wp\/v2\/product_tag?post=329096"}],"curies":[{"name":"wp","href":"https:\/\/api.w.org\/{rel}","templated":true}]}}