{"id":329089,"date":"2026-01-16T22:37:17","date_gmt":"2026-01-16T19:37:17","guid":{"rendered":"https:\/\/baldumarket.lt\/product\/garderoba-denver-137-cm-dab-monastery-czarny-polysk-klasyczny-design-w-nowoczesnym-wydaniu-garderoba-do-malego-przedpokoju\/"},"modified":"2026-02-11T18:01:40","modified_gmt":"2026-02-11T15:01:40","slug":"garderoba-denver-137-cm-dab-monastery-czarny-polysk-klasyczny-design-w-nowoczesnym-wydaniu-garderoba-do-malego-przedpokoju","status":"publish","type":"product","link":"https:\/\/baldumarket.lt\/lt\/product\/garderoba-denver-137-cm-dab-monastery-czarny-polysk-klasyczny-design-w-nowoczesnym-wydaniu-garderoba-do-malego-przedpokoju\/","title":{"rendered":"Denver spinta 137 cm Monastery Oak \/ Black Gloss Klasikinis dizainas modernioje versijoje Spinta ma\u017eam prie\u0161kambariui"},"content":{"rendered":"<p>\u201eDenver\u201c spinta \u201eMonoye Oak\/Black\u201c spalvos \u2013 tai paprastas, ta\u010diau stilingas ir modernus baldas.<br \/>\n\u201eDenver\u201c spinta \u2013 puikus pasirinkimas tiems, kurie vertina klasikin\u012f dizain\u0105. Madingos spalvos ir kruop\u0161ti spintos apdaila suteiks interjerui elegancijos ir estetinio patrauklumo. Prie\u0161kambario baldai pasi\u017eymi blizgiais juodais \u012fd\u0117klais, kurie sukuria trimat\u012f efekt\u0105. Stilingos ranken\u0117l\u0117s su kra\u0161tais suteikia spintai i\u0161ties \u012fsp\u016bding\u0105 i\u0161vaizd\u0105. \u201eDenver\u201c spinta \u2013 tai universalus baldas, kuris puikiai papildys bet kurio prie\u0161kambario estetik\u0105, suteikdamas erdvei elegancijos ir modernumo.<br \/>\nBaldai pagaminti i\u0161 auk\u0161tos kokyb\u0117s laminuotos plok\u0161t\u0117s, kuri yra atspari i\u0161oriniams veiksniams, tokiems kaip \u012flenkimai, sm\u016bgiai ir \u012fbr\u0117\u017eimai. Metalin\u0117s rankenos bald\u0173 stal\u010diuose pasi\u017eymi dideliu patvarumu ir tvirtumu. Tiksli apdaila ir d\u0117mesys detal\u0117ms u\u017etikrina, kad Denver prie\u0161kambario bald\u0173 komplektas daugel\u012f met\u0173 i\u0161laikys gra\u017ei\u0105 i\u0161vaizd\u0105 nepakenkdamas funkcionalumui.<br \/>\n\u201eDenver\u201c spinta buvo sukurta tiems, kurie vertina modernius baldus ir patogum\u0105 kasdienio naudojimo metu.<br \/>\nSpinta pagaminta i\u0161 panel\u0117s su dideliu veidrod\u017eiu, panel\u0117s su pakabomis ir spinteli\u0173 su stal\u010diais. Prakti\u0161ka spintel\u0117 su stal\u010diumi gali b\u016bti s\u0117kmingai naudojama kaip bat\u0173 spintel\u0117. \u201eDenver\u201c spinta su veidrod\u017eiu buvo sukurta atsi\u017evelgiant \u012f funkcionalum\u0105 ir prakti\u0161kum\u0105, si\u016blant daug vietos daiktams susid\u0117ti. Kontrastingos ir ry\u0161kios spalvos papildys klasikin\u012f interjer\u0105, tod\u0117l \u201eDenver\u201c baldai idealiai tinka prie\u0161kambario ar \u012f\u0117jimo spintai.<br \/>\nBald\u0173 komplekt\u0105 sudaro:<br \/>\nkabantis veidrodis<br \/>\nauk\u0161tis: 150 cm<br \/>\nplotis: 56 cm<br \/>\nstoris: 2 cm<br \/>\nsienin\u0117 palt\u0173 kabykla<br \/>\nauk\u0161tis: 150 cm<br \/>\nplotis: 46,5 cm<br \/>\nstoris: 2 cm<br \/>\nspintel\u0117 su stal\u010diumi 90 cm<br \/>\nauk\u0161tis: 46 cm<br \/>\nplotis: 90 cm<br \/>\ngylis: 40 cm<br \/>\nspintel\u0117 su stal\u010diumi 46,5 cm<br \/>\nauk\u0161tis: 46 cm<br \/>\nplotis: 46,5 cm<br \/>\ngylis: 40 cm<\/p>","protected":false},"excerpt":{"rendered":"<p>plotis: 137 cm<br \/>\n\u016bgis: 196 cm<br \/>\ngylis: 40 cm<\/p>","protected":false},"featured_media":329090,"comment_status":"open","ping_status":"open","template":"","meta":[],"product_brand":[],"product_cat":[9235,1177],"product_tag":[],"class_list":{"0":"post-329089","1":"product","2":"type-product","3":"status-publish","4":"has-post-thumbnail","6":"product_cat-gib-meble","7":"product_cat-wardrobes","9":"first","10":"instock","11":"purchasable","12":"product-type-simple"},"_links":{"self":[{"href":"https:\/\/baldumarket.lt\/lt\/wp-json\/wp\/v2\/product\/329089","targetHints":{"allow":["GET"]}}],"collection":[{"href":"https:\/\/baldumarket.lt\/lt\/wp-json\/wp\/v2\/product"}],"about":[{"href":"https:\/\/baldumarket.lt\/lt\/wp-json\/wp\/v2\/types\/product"}],"replies":[{"embeddable":true,"href":"https:\/\/baldumarket.lt\/lt\/wp-json\/wp\/v2\/comments?post=329089"}],"wp:featuredmedia":[{"embeddable":true,"href":"https:\/\/baldumarket.lt\/lt\/wp-json\/wp\/v2\/media\/329090"}],"wp:attachment":[{"href":"https:\/\/baldumarket.lt\/lt\/wp-json\/wp\/v2\/media?parent=329089"}],"wp:term":[{"taxonomy":"product_brand","embeddable":true,"href":"https:\/\/baldumarket.lt\/lt\/wp-json\/wp\/v2\/product_brand?post=329089"},{"taxonomy":"product_cat","embeddable":true,"href":"https:\/\/baldumarket.lt\/lt\/wp-json\/wp\/v2\/product_cat?post=329089"},{"taxonomy":"product_tag","embeddable":true,"href":"https:\/\/baldumarket.lt\/lt\/wp-json\/wp\/v2\/product_tag?post=329089"}],"curies":[{"name":"wp","href":"https:\/\/api.w.org\/{rel}","templated":true}]}}