{"id":329054,"date":"2026-01-16T22:36:46","date_gmt":"2026-01-16T19:36:46","guid":{"rendered":"https:\/\/baldumarket.lt\/product\/mebloscianka-apulia-bialy-polysk-dab-zloty-wyjatkowo-stylowa-mebloscianka-proste-bryly-wpisujace-sie-w-kazde-wnetrze\/"},"modified":"2026-02-11T18:01:41","modified_gmt":"2026-02-11T15:01:41","slug":"mebloscianka-apulia-bialy-polysk-dab-zloty-wyjatkowo-stylowa-mebloscianka-proste-bryly-wpisujace-sie-w-kazde-wnetrze","status":"publish","type":"product","link":"https:\/\/baldumarket.lt\/lt\/product\/mebloscianka-apulia-bialy-polysk-dab-zloty-wyjatkowo-stylowa-mebloscianka-proste-bryly-wpisujace-sie-w-kazde-wnetrze\/","title":{"rendered":"Apulijos sienin\u0117 spintel\u0117, balta blizgi \/ auksinio \u0105\u017euolo, i\u0161skirtinai stilinga, paprast\u0173 form\u0173 sienin\u0117 spintel\u0117, tinkanti bet kokiam interjerui"},"content":{"rendered":"<p>Balto\/auksinio \u0105\u017euolo spalvos \u201eApulia\u201c sienin\u0117 spintel\u0117 \u2013 tai modernus dizainas, kuris j\u016bs\u0173 interjerui suteiks stiling\u0105 akcent\u0105.<br \/>\n\u201eApulia\u201c kolekcijos baldai sukurti madingu ir moderniu stiliumi. Paprastos formos, paremtos geometrija, sukurs harmoning\u0105 ir unikal\u0173 interjer\u0105. Nesenstanti balta spalva praskaidrins kambar\u012f ir sukurs jauki\u0105 atmosfer\u0105, o \u0161iltas \u0105\u017euolo atspalvis pabr\u0117\u0161 sienin\u0117s spintel\u0117s unikalum\u0105 ir elegancij\u0105. Blizgios baltos sienini\u0173 spinteli\u0173 fasadai vizualiai padidins kambar\u012f. Sienin\u0117 spintel\u0117 taps stilingu kambario apdailos akcentu, suteikdama jam moderni\u0105 ir unikali\u0105 atmosfer\u0105. \u201eApulia\u201c baldai sukurs original\u0173 ir unikal\u0173 dekor\u0105.<br \/>\n\u012estiklintos vitrin\u0173 priekin\u0117s dalys leis jums pademonstruoti svetain\u0117s aksesuarus. Erdviose televizoriaus spintel\u0117se tilps visi j\u016bs\u0173 aksesuarai ir buitin\u0117 technika. Subtiliai vir\u0161 stalvir\u0161io i\u0161siki\u0161usios priekin\u0117s dalys taip pat atlieka rankenos funkcij\u0105. Papildomas televizoriaus staliuko privalumas \u2013 galimyb\u0117 pasirinkti jo pad\u0117t\u012f. Televizoriaus staliuko galima pakabinti ant sienos. D\u0117l pridedam\u0173 plastikini\u0173 kojeli\u0173 televizoriaus staliuko staliukas gali greitai tapti laisvai stovin\u010diu baldu.<br \/>\nApulijos baldams b\u016bdingos paprastos formos, kurios sukuria modernius, ta\u010diau labai eleganti\u0161kus i\u0161d\u0117stymus.<br \/>\nSienin\u0117 spintel\u0117 pagaminta i\u0161 auk\u0161tos kokyb\u0117s laminuotos plok\u0161t\u0117s, kuri yra atspari i\u0161oriniams veiksniams, tokiems kaip \u012flenkimai, sm\u016bgiai ir \u012fbr\u0117\u017eimai. \u201eApulia\u201c baldai garantuoja nepriekai\u0161ting\u0105 naudojim\u0105 ir visos sienin\u0117s spintel\u0117s patvarum\u0105 daugel\u012f met\u0173. Klasikinis baltos ir \u0161iltos \u0105\u017euolo spalvos derinys puikiai dera su kitomis spalvomis, tod\u0117l \u201eApulia\u201c baldai puikiai tinka svetainei ar miegamajam. \u201eApulia\u201c sienin\u0119 spintel\u0119 galima ap\u0161viesti LED \u0161viestuvais, kuriuos galite \u012fsigyti m\u016bs\u0173 parduotuv\u0117je.<br \/>\nSienin\u012f blok\u0105 sudaro:<br \/>\ndvi pakabinamos lentynos<br \/>\nauk\u0161tis: 35 cm<br \/>\nplotis: 105 cm<br \/>\ngylis: 32 cm<br \/>\ndvi pakabinamos vitrinos<br \/>\n\u016bgis: 117 cm<br \/>\nplotis: 45 cm<br \/>\ngylis: 32 cm<br \/>\ndvi televizoriaus spintel\u0117s<br \/>\nauk\u0161tis: 37 cm<br \/>\nplotis: 150 cm<br \/>\ngylis: 43 cm<\/p>","protected":false},"excerpt":{"rendered":"<p>plotis: 300 cm<br \/>\n\u016bgis: 154 cm<\/p>","protected":false},"featured_media":329055,"comment_status":"open","ping_status":"open","template":"","meta":[],"product_brand":[],"product_cat":[9235,2008],"product_tag":[],"class_list":{"0":"post-329054","1":"product","2":"type-product","3":"status-publish","4":"has-post-thumbnail","6":"product_cat-gib-meble","7":"product_cat-wall-units","9":"first","10":"instock","11":"purchasable","12":"product-type-simple"},"_links":{"self":[{"href":"https:\/\/baldumarket.lt\/lt\/wp-json\/wp\/v2\/product\/329054","targetHints":{"allow":["GET"]}}],"collection":[{"href":"https:\/\/baldumarket.lt\/lt\/wp-json\/wp\/v2\/product"}],"about":[{"href":"https:\/\/baldumarket.lt\/lt\/wp-json\/wp\/v2\/types\/product"}],"replies":[{"embeddable":true,"href":"https:\/\/baldumarket.lt\/lt\/wp-json\/wp\/v2\/comments?post=329054"}],"wp:featuredmedia":[{"embeddable":true,"href":"https:\/\/baldumarket.lt\/lt\/wp-json\/wp\/v2\/media\/329055"}],"wp:attachment":[{"href":"https:\/\/baldumarket.lt\/lt\/wp-json\/wp\/v2\/media?parent=329054"}],"wp:term":[{"taxonomy":"product_brand","embeddable":true,"href":"https:\/\/baldumarket.lt\/lt\/wp-json\/wp\/v2\/product_brand?post=329054"},{"taxonomy":"product_cat","embeddable":true,"href":"https:\/\/baldumarket.lt\/lt\/wp-json\/wp\/v2\/product_cat?post=329054"},{"taxonomy":"product_tag","embeddable":true,"href":"https:\/\/baldumarket.lt\/lt\/wp-json\/wp\/v2\/product_tag?post=329054"}],"curies":[{"name":"wp","href":"https:\/\/api.w.org\/{rel}","templated":true}]}}