{"id":328991,"date":"2026-01-16T22:35:46","date_gmt":"2026-01-16T19:35:46","guid":{"rendered":"https:\/\/baldumarket.lt\/product\/mebloscianka-apulia-iii-bialy-polysk-czarny-polysk-wyjatkowo-stylowa-mebloscianka-proste-bryly-wpisujace-sie-w-kazde-wnetrze\/"},"modified":"2026-02-11T18:01:42","modified_gmt":"2026-02-11T15:01:42","slug":"mebloscianka-apulia-iii-bialy-polysk-czarny-polysk-wyjatkowo-stylowa-mebloscianka-proste-bryly-wpisujace-sie-w-kazde-wnetrze","status":"publish","type":"product","link":"https:\/\/baldumarket.lt\/lt\/product\/mebloscianka-apulia-iii-bialy-polysk-czarny-polysk-wyjatkowo-stylowa-mebloscianka-proste-bryly-wpisujace-sie-w-kazde-wnetrze\/","title":{"rendered":"\u201eApulia III\u201c sienin\u0117 spintel\u0117, baltai blizgi \/ juodai blizgi, i\u0161skirtinai stilinga sienin\u0117 spintel\u0117, paprast\u0173 form\u0173, tinkanti bet kokiam interjerui"},"content":{"rendered":"<p>Baltos\/juodos spalvos \u201eApulia\u201c sienin\u0117 spintel\u0117 yra modernaus dizaino, kuris suteiks j\u016bs\u0173 interjerui stiling\u0105 akcent\u0105.<br \/>\n\u201eApulia\u201c kolekcijos baldai sukurti madingu ir moderniu stiliumi. Paprastos formos, \u012fkv\u0117ptos geometrijos, sukurs harmoning\u0105 ir unikal\u0173 interjer\u0105. Nesenstanti balta spalva praskaidrins kambar\u012f ir sukurs jauki\u0105 atmosfer\u0105, o universali juoda spalva pabr\u0117\u0161 sienin\u0117s spintel\u0117s unikalum\u0105 ir elegancij\u0105. Blizg\u016bs fasadai vizualiai padidins kambar\u012f. Sienin\u0117 spintel\u0117 suteiks kambariui stiling\u0105 apdailos akcent\u0105, suteikdama jam moderni\u0105 ir unikali\u0105 atmosfer\u0105. \u201eApulia\u201c baldai sukurs original\u0173 ir unikal\u0173 dekor\u0105.<br \/>\nKomod\u0173 ir vitrin\u0173 stikliniai fasadai leis jums pademonstruoti svetain\u0117s aksesuarus. Erdvus televizoriaus staliukas tilps visus j\u016bs\u0173 aksesuarus ir buitin\u0119 technik\u0105. Subtiliai vir\u0161 stalvir\u0161io i\u0161siki\u0161\u0119 fasadai taip pat atlieka rankenos funkcij\u0105. Papildomas televizoriaus staliuko privalumas \u2013 galimyb\u0117 pasirinkti jo pad\u0117t\u012f. Televizoriaus staliuk\u0105 galima pakabinti ant sienos. D\u0117l pridedam\u0173 plastikini\u0173 kojeli\u0173 televizoriaus staliukas gali greitai tapti laisvai stovin\u010diu baldu.<br \/>\nApulijos baldams b\u016bdingos paprastos formos, kurios sukuria modernius, ta\u010diau labai eleganti\u0161kus i\u0161d\u0117stymus.<br \/>\nSienin\u0117 spintel\u0117 pagaminta i\u0161 auk\u0161tos kokyb\u0117s laminuotos plok\u0161t\u0117s, kuri yra atspari i\u0161oriniams veiksniams, tokiems kaip \u012flenkimai, sm\u016bgiai ir \u012fbr\u0117\u017eimai. \u201eApulia\u201c baldai garantuoja nepriekai\u0161ting\u0105 naudojim\u0105 ir visos sienin\u0117s spintel\u0117s patvarum\u0105 daugel\u012f met\u0173. Ikoni\u0161kas baltos ir juodos spalv\u0173 derinys puikiai dera su kitomis spalvomis, tod\u0117l \u201eApulia\u201c baldai yra puiki sienin\u0117 spintel\u0117 svetainei ar miegamajam. \u201eApulia\u201c sienin\u0119 spintel\u0119 galima ap\u0161viesti LED \u0161viestuvais, kuriuos galite \u012fsigyti m\u016bs\u0173 parduotuv\u0117je.<br \/>\nSienin\u012f blok\u0105 sudaro:<br \/>\nPrie sienos pakabinama lentyna<br \/>\nAuk\u0161tis: 35 cm<br \/>\nPlotis: 105 cm<br \/>\nGylis: 32 cm<br \/>\nPakabinama vitrina<br \/>\n\u016agis: 117 cm<br \/>\nPlotis: 45 cm<br \/>\nGylis: 32 cm<br \/>\nTelevizoriaus blokas<br \/>\nAuk\u0161tis: 37 cm<br \/>\nPlotis: 150 cm<br \/>\nGylis: 43 cm<br \/>\nKomoda su stikliniu skydeliu<br \/>\n\u016agis: 107 cm<br \/>\nPlotis: 100 cm<br \/>\nGylis: 35 cm<\/p>","protected":false},"excerpt":{"rendered":"<p>plotis: 250 cm<br \/>\n\u016bgis: 154 cm<\/p>","protected":false},"featured_media":328992,"comment_status":"open","ping_status":"open","template":"","meta":[],"product_brand":[],"product_cat":[9235,2008],"product_tag":[],"class_list":{"0":"post-328991","1":"product","2":"type-product","3":"status-publish","4":"has-post-thumbnail","6":"product_cat-gib-meble","7":"product_cat-wall-units","9":"first","10":"instock","11":"purchasable","12":"product-type-simple"},"_links":{"self":[{"href":"https:\/\/baldumarket.lt\/lt\/wp-json\/wp\/v2\/product\/328991","targetHints":{"allow":["GET"]}}],"collection":[{"href":"https:\/\/baldumarket.lt\/lt\/wp-json\/wp\/v2\/product"}],"about":[{"href":"https:\/\/baldumarket.lt\/lt\/wp-json\/wp\/v2\/types\/product"}],"replies":[{"embeddable":true,"href":"https:\/\/baldumarket.lt\/lt\/wp-json\/wp\/v2\/comments?post=328991"}],"wp:featuredmedia":[{"embeddable":true,"href":"https:\/\/baldumarket.lt\/lt\/wp-json\/wp\/v2\/media\/328992"}],"wp:attachment":[{"href":"https:\/\/baldumarket.lt\/lt\/wp-json\/wp\/v2\/media?parent=328991"}],"wp:term":[{"taxonomy":"product_brand","embeddable":true,"href":"https:\/\/baldumarket.lt\/lt\/wp-json\/wp\/v2\/product_brand?post=328991"},{"taxonomy":"product_cat","embeddable":true,"href":"https:\/\/baldumarket.lt\/lt\/wp-json\/wp\/v2\/product_cat?post=328991"},{"taxonomy":"product_tag","embeddable":true,"href":"https:\/\/baldumarket.lt\/lt\/wp-json\/wp\/v2\/product_tag?post=328991"}],"curies":[{"name":"wp","href":"https:\/\/api.w.org\/{rel}","templated":true}]}}