{"id":328921,"date":"2026-01-16T22:34:55","date_gmt":"2026-01-16T19:34:55","guid":{"rendered":"https:\/\/baldumarket.lt\/product\/mebloscianka-apulia-v-bialy-polysk-dab-zloty-wyjatkowo-stylowa-mebloscianka-proste-bryly-wpisujace-sie-w-kazde-wnetrze\/"},"modified":"2026-02-11T18:01:42","modified_gmt":"2026-02-11T15:01:42","slug":"mebloscianka-apulia-v-bialy-polysk-dab-zloty-wyjatkowo-stylowa-mebloscianka-proste-bryly-wpisujace-sie-w-kazde-wnetrze","status":"publish","type":"product","link":"https:\/\/baldumarket.lt\/lt\/product\/mebloscianka-apulia-v-bialy-polysk-dab-zloty-wyjatkowo-stylowa-mebloscianka-proste-bryly-wpisujace-sie-w-kazde-wnetrze\/","title":{"rendered":"\u201eApulia V\u201c sienin\u0117 spintel\u0117, baltai blizgi \/ auksinio \u0105\u017euolo spalvos \u2013 i\u0161skirtinai stilinga sienin\u0117 spintel\u0117, paprast\u0173 form\u0173, tinkanti bet kokiam interjerui"},"content":{"rendered":"<p>Balto\/auksinio \u0105\u017euolo spalvos \u201eApulia\u201c sienin\u0117 spintel\u0117 \u2013 tai modernus dizainas, kuris j\u016bs\u0173 interjerui suteiks stiling\u0105 akcent\u0105.<br \/>\n\u201eApulia\u201c kolekcijos baldai sukurti madingu ir moderniu stiliumi. Paprastos formos, paremtos geometrija, sukurs harmoning\u0105 ir unikal\u0173 interjer\u0105. Nesenstanti balta spalva praskaidrins kambar\u012f ir sukurs jauki\u0105 atmosfer\u0105, o \u0161iltas \u0105\u017euolo atspalvis pabr\u0117\u0161 sienin\u0117s spintel\u0117s unikalum\u0105 ir elegancij\u0105. Blizgios baltos sienini\u0173 spinteli\u0173 fasadai vizualiai padidins interjer\u0105. Sienin\u0117 spintel\u0117 taps stilingu kambario apdailos akcentu, suteikdama jam moderni\u0105 ir unikali\u0105 atmosfer\u0105. \u201eApulia\u201c baldai sukurs original\u0173 ir i\u0161skirtin\u012f dekor\u0105.<br \/>\nStiklinis vitrinos priekis leis jums pademonstruoti aksesuarus, kurie puo\u0161ia j\u016bs\u0173 svetain\u0119. Erdviose televizoriaus spintel\u0117se tilps visi j\u016bs\u0173 aksesuarai ir buitin\u0117 technika. Subtiliai vir\u0161 stalvir\u0161io i\u0161siki\u0161\u0119 fasadai taip pat atlieka ranken\u0173 funkcij\u0105. Papildomas televizoriaus spintel\u0117s privalumas \u2013 galimyb\u0117 pasirinkti jos pad\u0117t\u012f. Televizoriaus spintel\u0117 gali stov\u0117ti ant grind\u0173. D\u0117l pridedam\u0173 pakab\u0173 televizoriaus spintel\u0119 galima greitai paversti sieniniu \u012frenginiu.<br \/>\nApulijos baldams b\u016bdingos paprastos formos, kurios sukuria modernius, ta\u010diau labai eleganti\u0161kus i\u0161d\u0117stymus.<br \/>\nSienin\u0117 spintel\u0117 pagaminta i\u0161 auk\u0161tos kokyb\u0117s laminuotos plok\u0161t\u0117s, atsparios i\u0161oriniams veiksniams, tokiems kaip \u012flenkimai, sm\u016bgiai ir \u012fbr\u0117\u017eimai. \u201eApulia\u201c baldai garantuoja nepriekai\u0161ting\u0105 naudojim\u0105 ir visos sienin\u0117s spintel\u0117s patvarum\u0105 daugel\u012f met\u0173. Klasikinis baltos ir \u0161iltos \u0105\u017euolo spalvos derinys puikiai dera su kitomis spalvomis, tod\u0117l \u201eApulia\u201c baldai puikiai tinka svetain\u0117s ar miegamojo sieninei spintelei.<br \/>\n\u201eApulia\u201c sienin\u0119 spintel\u0119 galima ap\u0161viesti LED \u0161viestuvais, kuriuos galite \u012fsigyti m\u016bs\u0173 parduotuv\u0117je.<br \/>\nSienin\u012f blok\u0105 sudaro:<br \/>\ntrys prie sienos tvirtinamos vitrinos<br \/>\n\u016bgis: 117 cm<br \/>\nplotis: 45 cm<br \/>\ngylis: 32 cm<br \/>\nprie sienos tvirtinama lentyna<br \/>\nauk\u0161tis: 35 cm<br \/>\nplotis: 105 cm<br \/>\ngylis: 32 cm<br \/>\ndvi televizoriaus spintel\u0117s<br \/>\nauk\u0161tis: 37 cm<br \/>\nplotis: 150 cm<br \/>\ngylis: 43 cm<\/p>","protected":false},"excerpt":{"rendered":"<p>plotis: 300 cm<br \/>\n\u016bgis: 154 cm<\/p>","protected":false},"featured_media":328922,"comment_status":"open","ping_status":"open","template":"","meta":[],"product_brand":[],"product_cat":[9235,2008],"product_tag":[],"class_list":{"0":"post-328921","1":"product","2":"type-product","3":"status-publish","4":"has-post-thumbnail","6":"product_cat-gib-meble","7":"product_cat-wall-units","9":"first","10":"instock","11":"purchasable","12":"product-type-simple"},"_links":{"self":[{"href":"https:\/\/baldumarket.lt\/lt\/wp-json\/wp\/v2\/product\/328921","targetHints":{"allow":["GET"]}}],"collection":[{"href":"https:\/\/baldumarket.lt\/lt\/wp-json\/wp\/v2\/product"}],"about":[{"href":"https:\/\/baldumarket.lt\/lt\/wp-json\/wp\/v2\/types\/product"}],"replies":[{"embeddable":true,"href":"https:\/\/baldumarket.lt\/lt\/wp-json\/wp\/v2\/comments?post=328921"}],"wp:featuredmedia":[{"embeddable":true,"href":"https:\/\/baldumarket.lt\/lt\/wp-json\/wp\/v2\/media\/328922"}],"wp:attachment":[{"href":"https:\/\/baldumarket.lt\/lt\/wp-json\/wp\/v2\/media?parent=328921"}],"wp:term":[{"taxonomy":"product_brand","embeddable":true,"href":"https:\/\/baldumarket.lt\/lt\/wp-json\/wp\/v2\/product_brand?post=328921"},{"taxonomy":"product_cat","embeddable":true,"href":"https:\/\/baldumarket.lt\/lt\/wp-json\/wp\/v2\/product_cat?post=328921"},{"taxonomy":"product_tag","embeddable":true,"href":"https:\/\/baldumarket.lt\/lt\/wp-json\/wp\/v2\/product_tag?post=328921"}],"curies":[{"name":"wp","href":"https:\/\/api.w.org\/{rel}","templated":true}]}}