{"id":328872,"date":"2026-01-16T22:34:17","date_gmt":"2026-01-16T19:34:17","guid":{"rendered":"https:\/\/baldumarket.lt\/product\/mebloscianka-apulia-vii-bialy-polysk-dab-zloty-wyjatkowo-stylowa-mebloscianka-proste-bryly-wpisujace-sie-w-kazde-wnetrze\/"},"modified":"2026-02-11T18:01:42","modified_gmt":"2026-02-11T15:01:42","slug":"mebloscianka-apulia-vii-bialy-polysk-dab-zloty-wyjatkowo-stylowa-mebloscianka-proste-bryly-wpisujace-sie-w-kazde-wnetrze","status":"publish","type":"product","link":"https:\/\/baldumarket.lt\/lt\/product\/mebloscianka-apulia-vii-bialy-polysk-dab-zloty-wyjatkowo-stylowa-mebloscianka-proste-bryly-wpisujace-sie-w-kazde-wnetrze\/","title":{"rendered":"\u201eApulia VII\u201c sienin\u0117 spintel\u0117, baltai blizgi \/ auksinio \u0105\u017euolo spalvos \u2013 i\u0161skirtinai stilinga sienin\u0117 spintel\u0117, paprast\u0173 form\u0173, tinkanti bet kokiam interjerui"},"content":{"rendered":"<p>Balto\/auksinio \u0105\u017euolo spalvos \u201eApulia\u201c sienin\u0117 spintel\u0117 \u2013 tai modernus dizainas, kuris j\u016bs\u0173 interjerui suteiks stiling\u0105 akcent\u0105.<br \/>\n\u201eApulia\u201c kolekcijos baldai sukurti madingu ir moderniu stiliumi. Paprastos formos, paremtos geometrija, sukurs harmoning\u0105 ir unikal\u0173 interjer\u0105. Nesenstanti balta spalva praskaidrins kambar\u012f ir sukurs jauki\u0105 atmosfer\u0105, o \u0161iltas \u0105\u017euolo atspalvis pabr\u0117\u0161 sienin\u0117s spintel\u0117s unikalum\u0105 ir elegancij\u0105. Blizgios baltos sienini\u0173 spinteli\u0173 priekin\u0117s dalys vizualiai padidins interjer\u0105. Sienin\u0117 spintel\u0117 suteiks kambariui stiling\u0105 apdailos akcent\u0105, suteikdama jam moderni\u0105 ir unikali\u0105 atmosfer\u0105. \u201eApulia\u201c baldai sukurs original\u0173 ir i\u0161skirtin\u012f dekor\u0105.<br \/>\nVitrinos ir komodos stiklinis priekis leis jums pademonstruoti aksesuarus, kurie puo\u0161ia j\u016bs\u0173 svetain\u0119. \u0160is erdvus televizoriaus staliukas tilps visus j\u016bs\u0173 aksesuarus ir buitinius prietaisus. Subtiliai vir\u0161 stalvir\u0161io i\u0161siki\u0161\u0119 fasadai taip pat atlieka rankenos funkcij\u0105. Papildomas televizoriaus staliuko privalumas \u2013 galimyb\u0117 pasirinkti jo pad\u0117t\u012f. Televizoriaus staliukas gali stov\u0117ti ant grind\u0173. D\u0117l pridedam\u0173 pakab\u0173 televizoriaus staliuk\u0105 galima greitai paversti sieniniu \u012frenginiu.<br \/>\nApulijos baldams b\u016bdingos paprastos formos, kurios sukuria modernius, ta\u010diau labai eleganti\u0161kus i\u0161d\u0117stymus.<br \/>\nSienin\u0117 spintel\u0117 pagaminta i\u0161 auk\u0161tos kokyb\u0117s laminuotos plok\u0161t\u0117s, kuri yra atspari i\u0161oriniams veiksniams, tokiems kaip \u012flenkimai, sm\u016bgiai ir \u012fbr\u0117\u017eimai. \u201eApulia\u201c baldai garantuoja nepriekai\u0161ting\u0105 naudojim\u0105 ir visos sienin\u0117s spintel\u0117s patvarum\u0105 daugel\u012f met\u0173. Klasikinis baltos ir \u0161iltos \u0105\u017euolo spalvos derinys puikiai dera su kitomis spalvomis, tod\u0117l \u201eApulia\u201c baldai yra puiki sienin\u0117 spintel\u0117 svetainei ar miegamajam.<br \/>\n\u201eApulia\u201c sienin\u0119 spintel\u0119 galima ap\u0161viesti LED \u0161viestuvais, kuriuos galite \u012fsigyti m\u016bs\u0173 parduotuv\u0117je.<br \/>\nSienin\u012f blok\u0105 sudaro:<br \/>\nKomoda su stikliniu fasadu<br \/>\n\u016agis: 107 cm<br \/>\nPlotis: 100 cm<br \/>\nGylis: 35 cm<br \/>\nTelevizoriaus blokas<br \/>\nAuk\u0161tis: 37 cm<br \/>\nPlotis: 150 cm<br \/>\nGylis: 43 cm<br \/>\nPrie sienos tvirtinama vitrina<br \/>\n\u016agis: 117 cm<br \/>\nPlotis: 45 cm<br \/>\nGylis: 32 cm<\/p>","protected":false},"excerpt":{"rendered":"<p>plotis: 250 cm<br \/>\n\u016bgis: 154 cm<\/p>","protected":false},"featured_media":328873,"comment_status":"open","ping_status":"open","template":"","meta":[],"product_brand":[],"product_cat":[9235,2008],"product_tag":[],"class_list":{"0":"post-328872","1":"product","2":"type-product","3":"status-publish","4":"has-post-thumbnail","6":"product_cat-gib-meble","7":"product_cat-wall-units","9":"first","10":"instock","11":"purchasable","12":"product-type-simple"},"_links":{"self":[{"href":"https:\/\/baldumarket.lt\/lt\/wp-json\/wp\/v2\/product\/328872","targetHints":{"allow":["GET"]}}],"collection":[{"href":"https:\/\/baldumarket.lt\/lt\/wp-json\/wp\/v2\/product"}],"about":[{"href":"https:\/\/baldumarket.lt\/lt\/wp-json\/wp\/v2\/types\/product"}],"replies":[{"embeddable":true,"href":"https:\/\/baldumarket.lt\/lt\/wp-json\/wp\/v2\/comments?post=328872"}],"wp:featuredmedia":[{"embeddable":true,"href":"https:\/\/baldumarket.lt\/lt\/wp-json\/wp\/v2\/media\/328873"}],"wp:attachment":[{"href":"https:\/\/baldumarket.lt\/lt\/wp-json\/wp\/v2\/media?parent=328872"}],"wp:term":[{"taxonomy":"product_brand","embeddable":true,"href":"https:\/\/baldumarket.lt\/lt\/wp-json\/wp\/v2\/product_brand?post=328872"},{"taxonomy":"product_cat","embeddable":true,"href":"https:\/\/baldumarket.lt\/lt\/wp-json\/wp\/v2\/product_cat?post=328872"},{"taxonomy":"product_tag","embeddable":true,"href":"https:\/\/baldumarket.lt\/lt\/wp-json\/wp\/v2\/product_tag?post=328872"}],"curies":[{"name":"wp","href":"https:\/\/api.w.org\/{rel}","templated":true}]}}