{"id":328644,"date":"2026-01-16T22:31:08","date_gmt":"2026-01-16T19:31:08","guid":{"rendered":"https:\/\/baldumarket.lt\/product\/mebloscianka-apulia-xviii-bialy-polysk-wyjatkowo-stylowa-mebloscianka-proste-bryly-wpisujace-sie-w-kazde-wnetrze\/"},"modified":"2026-02-11T18:01:44","modified_gmt":"2026-02-11T15:01:44","slug":"mebloscianka-apulia-xviii-bialy-polysk-wyjatkowo-stylowa-mebloscianka-proste-bryly-wpisujace-sie-w-kazde-wnetrze","status":"publish","type":"product","link":"https:\/\/baldumarket.lt\/lt\/product\/mebloscianka-apulia-xviii-bialy-polysk-wyjatkowo-stylowa-mebloscianka-proste-bryly-wpisujace-sie-w-kazde-wnetrze\/","title":{"rendered":"Apulijos XVIII sienin\u0117 spintel\u0117, baltai blizgi, i\u0161skirtinai stilinga sienin\u0117 spintel\u0117, paprast\u0173 form\u0173, tinkanti bet kokiam interjerui"},"content":{"rendered":"<p>Balta \u201eApulia\u201c sienin\u0117 spintel\u0117 pasi\u017eymi moderniu dizainu, kuris suteiks j\u016bs\u0173 interjerui stiling\u0105 akcent\u0105.<br \/>\n\u201eApulia\u201c kolekcijos baldai pasi\u017eymi madingu, moderniu stiliumi. Paprastos formos, \u012fkv\u0117ptos geometrijos, sukuria harmoning\u0105 ir unikal\u0173 interjer\u0105. Nesenstanti balta spalva nuda\u017eyta sienin\u0117 spintel\u0117 pa\u0161viesina kambar\u012f ir sukuria jauki\u0105 atmosfer\u0105. Blizg\u016bs fasadai vizualiai padidins erdv\u0119. Sienin\u0117 spintel\u0117 suteiks kambariui stiling\u0105 apdailos akcent\u0105, suteikdama jam moderni\u0105 ir unikali\u0105 atmosfer\u0105. \u201eApulia\u201c baldai sukurs original\u0173 ir unikal\u0173 dekor\u0105.<br \/>\nErdviose televizoriaus spintel\u0117se tilps visi j\u016bs\u0173 priedai ir buitin\u0117 technika. Subtiliai vir\u0161 stalvir\u0161io i\u0161siki\u0161usios priekin\u0117s dalys taip pat atlieka ranken\u0173 funkcij\u0105. Papildomas televizoriaus spintel\u0117s privalumas \u2013 galimyb\u0117 pasirinkti jos pastatymo b\u016bd\u0105. Televizoriaus spintel\u0117 gali b\u016bti pastatyta ant grind\u0173. D\u0117l pridedam\u0173 pakab\u0173 televizoriaus staliuk\u0105 galima greitai paversti sieniniu \u012frenginiu.<br \/>\nApulijos baldai pasi\u017eymi paprastomis formomis, kurios sukuria modernius, ta\u010diau labai eleganti\u0161kus i\u0161d\u0117stymus.<br \/>\nSienin\u0117 spintel\u0117 pagaminta i\u0161 auk\u0161tos kokyb\u0117s laminuotos plok\u0161t\u0117s, kuri yra atspari i\u0161oriniams veiksniams, tokiems kaip \u012flenkimai, sm\u016bgiai ir \u012fbr\u0117\u017eimai. \u201eApulia\u201c baldai garantuoja nepriekai\u0161ting\u0105 naudojim\u0105 ir visos sienin\u0117s spintel\u0117s patvarum\u0105 daugel\u012f met\u0173. Ikonin\u0117 balta form\u0173 spalva puikiai dera su kitomis spalvomis, tod\u0117l \u201eApulia\u201c baldai yra puiki sienin\u0117 spintel\u0117 svetainei ar miegamajam. Sienin\u0119 spintel\u0119 sudaro:<br \/>\nketurios ma\u017eos pakabinamos lentynos<br \/>\nauk\u0161tis: 34 cm<br \/>\nplotis: 34 cm<br \/>\ngylis: 32 cm<br \/>\nTV spintel\u0117 100 cm<br \/>\nauk\u0161tis: 37 cm<br \/>\nplotis: 100 cm<br \/>\ngylis: 43 cm<br \/>\nTelevizoriaus spintel\u0117 150 cm<br \/>\nauk\u0161tis: 37 cm<br \/>\nplotis: 150 cm<br \/>\ngylis: 43 cm<\/p>","protected":false},"excerpt":{"rendered":"<p>plotis: 250 cm<br \/>\nauk\u0161tis: 105 cm<\/p>","protected":false},"featured_media":328645,"comment_status":"open","ping_status":"open","template":"","meta":[],"product_brand":[],"product_cat":[9235,2008],"product_tag":[],"class_list":{"0":"post-328644","1":"product","2":"type-product","3":"status-publish","4":"has-post-thumbnail","6":"product_cat-gib-meble","7":"product_cat-wall-units","9":"first","10":"instock","11":"purchasable","12":"product-type-simple"},"_links":{"self":[{"href":"https:\/\/baldumarket.lt\/lt\/wp-json\/wp\/v2\/product\/328644","targetHints":{"allow":["GET"]}}],"collection":[{"href":"https:\/\/baldumarket.lt\/lt\/wp-json\/wp\/v2\/product"}],"about":[{"href":"https:\/\/baldumarket.lt\/lt\/wp-json\/wp\/v2\/types\/product"}],"replies":[{"embeddable":true,"href":"https:\/\/baldumarket.lt\/lt\/wp-json\/wp\/v2\/comments?post=328644"}],"wp:featuredmedia":[{"embeddable":true,"href":"https:\/\/baldumarket.lt\/lt\/wp-json\/wp\/v2\/media\/328645"}],"wp:attachment":[{"href":"https:\/\/baldumarket.lt\/lt\/wp-json\/wp\/v2\/media?parent=328644"}],"wp:term":[{"taxonomy":"product_brand","embeddable":true,"href":"https:\/\/baldumarket.lt\/lt\/wp-json\/wp\/v2\/product_brand?post=328644"},{"taxonomy":"product_cat","embeddable":true,"href":"https:\/\/baldumarket.lt\/lt\/wp-json\/wp\/v2\/product_cat?post=328644"},{"taxonomy":"product_tag","embeddable":true,"href":"https:\/\/baldumarket.lt\/lt\/wp-json\/wp\/v2\/product_tag?post=328644"}],"curies":[{"name":"wp","href":"https:\/\/api.w.org\/{rel}","templated":true}]}}