{"id":328551,"date":"2026-01-16T22:29:54","date_gmt":"2026-01-16T19:29:54","guid":{"rendered":"https:\/\/baldumarket.lt\/product\/zestaw-mebli-apulia-xxi-bialy-czarny-polysk-wyjatkowo-stylowa-mebloscianka-do-salonu-proste-bryly-wpisujace-sie-w-kazde-wnetrze\/"},"modified":"2026-02-11T18:01:45","modified_gmt":"2026-02-11T15:01:45","slug":"zestaw-mebli-apulia-xxi-bialy-czarny-polysk-wyjatkowo-stylowa-mebloscianka-do-salonu-proste-bryly-wpisujace-sie-w-kazde-wnetrze","status":"publish","type":"product","link":"https:\/\/baldumarket.lt\/lt\/product\/zestaw-mebli-apulia-xxi-bialy-czarny-polysk-wyjatkowo-stylowa-mebloscianka-do-salonu-proste-bryly-wpisujace-sie-w-kazde-wnetrze\/","title":{"rendered":"\u201eApulia XXI\u201c baltos \/ juodos blizgios spalvos bald\u0173 komplektas \u2013 i\u0161skirtinai stilinga sienin\u0117 spintel\u0117 svetainei, paprast\u0173 form\u0173, tinkan\u010di\u0173 bet kokiam interjerui"},"content":{"rendered":"<p>Baltos\/juodos spalvos \u201eApulia\u201c bald\u0173 komplektas yra modernaus dizaino, kuris suteiks j\u016bs\u0173 interjerui stiling\u0105 akcent\u0105.<br \/>\n\u201eApulia\u201c kolekcijos baldai sukurti madingu ir moderniu stiliumi. Paprastos formos, \u012fkv\u0117ptos geometrijos, sukuria harmoning\u0105 ir unikal\u0173 interjer\u0105. Nesenstanti balta spalva praskaidrins kambar\u012f ir sukurs jauki\u0105 atmosfer\u0105, o universali juoda spalva pabr\u0117\u0161 sienin\u0117s spintel\u0117s unikalum\u0105 ir elegancij\u0105. Blizg\u016bs fasadai vizualiai padidins kambar\u012f. Sienin\u0117 spintel\u0117 suteiks kambariui stiling\u0105 apdailos akcent\u0105, suteikdama jam moderni\u0105 ir unikali\u0105 atmosfer\u0105. \u201eApulia\u201c baldai sukurs original\u0173 ir i\u0161skirtin\u012f dekor\u0105.<br \/>\nErdvus televizoriaus staliukas tilps visus j\u016bs\u0173 priedus ir buitinius prietaisus. Subtiliai vir\u0161 stalvir\u0161io i\u0161siki\u0161usios priekin\u0117s dalys taip pat atlieka rankenos funkcij\u0105. Papildomas televizoriaus staliuko privalumas \u2013 galimyb\u0117 pasirinkti pad\u0117ties nustatymo b\u016bd\u0105. Televizoriaus staliuk\u0105 galima pakabinti ant sienos. D\u0117l pridedam\u0173 plastikini\u0173 kojeli\u0173 televizoriaus staliukas gali greitai tapti laisvai stovin\u010diu baldu. Kavos staliukas su stal\u010diumi pastatytas ant chromo spalvos metalini\u0173 kojeli\u0173.<br \/>\nApulijos baldams b\u016bdingos paprastos formos, kurios sukuria modernius, ta\u010diau labai eleganti\u0161kus i\u0161d\u0117stymus.<br \/>\nSienin\u0117 spintel\u0117 pagaminta i\u0161 auk\u0161tos kokyb\u0117s laminuotos plok\u0161t\u0117s, atsparios i\u0161oriniams veiksniams, tokiems kaip \u012flenkimai, sm\u016bgiai ir \u012fbr\u0117\u017eimai. \u201eApulia\u201c baldai garantuoja nepriekai\u0161ting\u0105 naudojim\u0105 ir visos sienin\u0117s spintel\u0117s patvarum\u0105 daugel\u012f met\u0173. Ikoni\u0161kas baltos ir juodos spalv\u0173 derinys puikiai dera su kitomis spalvomis, tod\u0117l \u201eApulia\u201c baldai yra puiki sienin\u0117 spintel\u0117 svetainei ar miegamajam.<br \/>\nBald\u0173 komplekt\u0105 sudaro:<br \/>\nketurios ma\u017eos pakabinamos lentynos<br \/>\nauk\u0161tis: 34 cm<br \/>\nplotis: 34 cm<br \/>\ngylis: 32 cm<br \/>\nTV spintel\u0117<br \/>\nauk\u0161tis: 37 cm<br \/>\nplotis: 150 cm<br \/>\ngylis: 43 cm<br \/>\nkavos staliukas su stal\u010diumi<br \/>\nauk\u0161tis: 45 cm<br \/>\nplotis: 63,5 cm<br \/>\ngylis: 63,5 cm<\/p>","protected":false},"excerpt":{"rendered":"<p>Baltos\/juodos spalvos \u201eApulia\u201c bald\u0173 komplektas yra modernaus dizaino, kuris suteiks j\u016bs\u0173 interjerui stiling\u0105 akcent\u0105. \u201eApulia\u201c kolekcijos baldai sukurti madingu ir moderniu stiliumi. Paprastos formos, \u012fkv\u0117ptos geometrijos, sukuria harmoning\u0105 ir unikal\u0173 interjer\u0105. Nesenstanti balta spalva praskaidrins kambar\u012f ir sukurs jauki\u0105 atmosfer\u0105, [\u2026]<\/p>","protected":false},"featured_media":328552,"comment_status":"open","ping_status":"open","template":"","meta":[],"product_brand":[],"product_cat":[9235,2008],"product_tag":[],"class_list":{"0":"post-328551","1":"product","2":"type-product","3":"status-publish","4":"has-post-thumbnail","6":"product_cat-gib-meble","7":"product_cat-wall-units","9":"first","10":"instock","11":"purchasable","12":"product-type-simple"},"_links":{"self":[{"href":"https:\/\/baldumarket.lt\/lt\/wp-json\/wp\/v2\/product\/328551","targetHints":{"allow":["GET"]}}],"collection":[{"href":"https:\/\/baldumarket.lt\/lt\/wp-json\/wp\/v2\/product"}],"about":[{"href":"https:\/\/baldumarket.lt\/lt\/wp-json\/wp\/v2\/types\/product"}],"replies":[{"embeddable":true,"href":"https:\/\/baldumarket.lt\/lt\/wp-json\/wp\/v2\/comments?post=328551"}],"wp:featuredmedia":[{"embeddable":true,"href":"https:\/\/baldumarket.lt\/lt\/wp-json\/wp\/v2\/media\/328552"}],"wp:attachment":[{"href":"https:\/\/baldumarket.lt\/lt\/wp-json\/wp\/v2\/media?parent=328551"}],"wp:term":[{"taxonomy":"product_brand","embeddable":true,"href":"https:\/\/baldumarket.lt\/lt\/wp-json\/wp\/v2\/product_brand?post=328551"},{"taxonomy":"product_cat","embeddable":true,"href":"https:\/\/baldumarket.lt\/lt\/wp-json\/wp\/v2\/product_cat?post=328551"},{"taxonomy":"product_tag","embeddable":true,"href":"https:\/\/baldumarket.lt\/lt\/wp-json\/wp\/v2\/product_tag?post=328551"}],"curies":[{"name":"wp","href":"https:\/\/api.w.org\/{rel}","templated":true}]}}