{"id":328530,"date":"2026-01-16T22:29:38","date_gmt":"2026-01-16T19:29:38","guid":{"rendered":"https:\/\/baldumarket.lt\/product\/zestaw-mebli-apulia-xxii-dab-zloty-wyjatkowo-stylowa-mebloscianka-do-salonu-proste-bryly-wpisujace-sie-w-kazde-wnetrze\/"},"modified":"2026-02-11T18:01:45","modified_gmt":"2026-02-11T15:01:45","slug":"zestaw-mebli-apulia-xxii-dab-zloty-wyjatkowo-stylowa-mebloscianka-do-salonu-proste-bryly-wpisujace-sie-w-kazde-wnetrze","status":"publish","type":"product","link":"https:\/\/baldumarket.lt\/lt\/product\/zestaw-mebli-apulia-xxii-dab-zloty-wyjatkowo-stylowa-mebloscianka-do-salonu-proste-bryly-wpisujace-sie-w-kazde-wnetrze\/","title":{"rendered":"Apulijos XXII auksinio \u0105\u017euolo bald\u0173 komplektas, i\u0161skirtinai stilinga sienin\u0117 spintel\u0117 svetainei, paprast\u0173 form\u0173, tinkan\u010di\u0173 bet kokiam interjerui"},"content":{"rendered":"<p>Auksinio \u0105\u017euolo bald\u0173 komplektas \u201eApulia\u201c yra modernaus dizaino, kuris suteiks j\u016bs\u0173 interjerui stiling\u0105 akcent\u0105.<br \/>\n\u201eApulia\u201c kolekcijos baldai sukurti madingu, moderniu stiliumi. Paprastos formos, \u012fkv\u0117ptos geometrijos, sukuria harmoning\u0105 ir unikal\u0173 interjer\u0105. \u0160ilto \u0105\u017euolo atspalvio sienin\u0117 spintel\u0117 praskaidrins kambar\u012f ir sukurs jauki\u0105 atmosfer\u0105. Sienin\u0117 spintel\u0117 suteiks kambariui stiling\u0105 apdailos akcent\u0105, suteikdama jam modernumo ir unikalumo poj\u016bt\u012f. \u201eApulia\u201c baldai sukurs original\u0173 ir unikal\u0173 dekor\u0105.<br \/>\nKomodos ir vitrin\u0173 stikliniai fasadai leid\u017eia pademonstruoti aksesuarus, kurie puo\u0161ia j\u016bs\u0173 svetain\u0119. Erdviose televizoriaus spintel\u0117se tilps visi j\u016bs\u0173 aksesuarai ir buitin\u0117 technika. Subtiliai vir\u0161 stalvir\u0161io i\u0161siki\u0161\u0119 fasadai taip pat atlieka ranken\u0173 funkcij\u0105. Papildomas televizoriaus spintel\u0117s privalumas \u2013 galimyb\u0117 pasirinkti pad\u0117ties nustatymo b\u016bd\u0105. Televizoriaus staliuk\u0105 galima pakabinti ant sienos. D\u0117l pridedam\u0173 plastikini\u0173 kojeli\u0173 televizoriaus staliukas gali greitai tapti laisvai stovin\u010diu baldu. Kavos staliukas su stal\u010diumi pastatytas ant chromo spalvos metalini\u0173 kojeli\u0173.<br \/>\nApulijos baldai pasi\u017eymi paprasta forma, kuri sukuria modernius, ta\u010diau labai eleganti\u0161kus i\u0161d\u0117stymus.<br \/>\nSienin\u0117 spintel\u0117 pagaminta i\u0161 auk\u0161tos kokyb\u0117s laminuotos plok\u0161t\u0117s, kuri yra atspari i\u0161oriniams veiksniams, tokiems kaip \u012flenkimai, sm\u016bgiai ir \u012fbr\u0117\u017eimai. \u201eApulia\u201c baldai garantuoja nepriekai\u0161ting\u0105 naudojim\u0105 ir visos sienin\u0117s spintel\u0117s patvarum\u0105 daugel\u012f met\u0173. \u0160ilta \u0105\u017euolo spalva puikiai dera su kitomis spalvomis, tod\u0117l \u201eApulia\u201c baldai yra puiki sienin\u0117 spintel\u0117 svetainei ar miegamajam.<br \/>\n\u201eApulia\u201c sienin\u0119 spintel\u0119 galima ap\u0161viesti LED \u0161viestuvais, kuriuos galite \u012fsigyti m\u016bs\u0173 parduotuv\u0117je. Bald\u0173 komplekt\u0105 sudaro:<br \/>\nstiklin\u0117 komoda<br \/>\nauk\u0161tis: 107 cm<br \/>\nplotis: 100 cm<br \/>\ngylis: 35 cm<br \/>\ndvi televizoriaus spintel\u0117s<br \/>\nauk\u0161tis: 37 cm<br \/>\nplotis: 100 cm<br \/>\ngylis: 43 cm<br \/>\nprie sienos tvirtinama vitrina<br \/>\n\u016bgis: 117 cm<br \/>\nplotis: 45 cm<br \/>\ngylis: 32 cm<br \/>\nkavos staliukas su stal\u010diumi<br \/>\nauk\u0161tis: 45 cm<br \/>\nplotis: 110 cm<br \/>\ngylis: 63,5 cm<\/p>","protected":false},"excerpt":{"rendered":"<p>\u201eApulia\u201c auksinio \u0105\u017euolo bald\u0173 komplektas yra modernaus dizaino, kuris suteiks j\u016bs\u0173 interjerui stiling\u0105 akcent\u0105. \u201eApulia\u201c kolekcijos baldai sukurti madingu, moderniu stiliumi. Paprastos formos, \u012fkv\u0117ptos geometrijos, sukuria harmoning\u0105 ir unikal\u0173 interjer\u0105. \u0160ilto \u0105\u017euolo atspalvio sienin\u0117 spintel\u0117 praskaidrins [\u2026]<\/p>","protected":false},"featured_media":328531,"comment_status":"open","ping_status":"open","template":"","meta":[],"product_brand":[],"product_cat":[9235,2008],"product_tag":[],"class_list":{"0":"post-328530","1":"product","2":"type-product","3":"status-publish","4":"has-post-thumbnail","6":"product_cat-gib-meble","7":"product_cat-wall-units","9":"first","10":"instock","11":"purchasable","12":"product-type-simple"},"_links":{"self":[{"href":"https:\/\/baldumarket.lt\/lt\/wp-json\/wp\/v2\/product\/328530","targetHints":{"allow":["GET"]}}],"collection":[{"href":"https:\/\/baldumarket.lt\/lt\/wp-json\/wp\/v2\/product"}],"about":[{"href":"https:\/\/baldumarket.lt\/lt\/wp-json\/wp\/v2\/types\/product"}],"replies":[{"embeddable":true,"href":"https:\/\/baldumarket.lt\/lt\/wp-json\/wp\/v2\/comments?post=328530"}],"wp:featuredmedia":[{"embeddable":true,"href":"https:\/\/baldumarket.lt\/lt\/wp-json\/wp\/v2\/media\/328531"}],"wp:attachment":[{"href":"https:\/\/baldumarket.lt\/lt\/wp-json\/wp\/v2\/media?parent=328530"}],"wp:term":[{"taxonomy":"product_brand","embeddable":true,"href":"https:\/\/baldumarket.lt\/lt\/wp-json\/wp\/v2\/product_brand?post=328530"},{"taxonomy":"product_cat","embeddable":true,"href":"https:\/\/baldumarket.lt\/lt\/wp-json\/wp\/v2\/product_cat?post=328530"},{"taxonomy":"product_tag","embeddable":true,"href":"https:\/\/baldumarket.lt\/lt\/wp-json\/wp\/v2\/product_tag?post=328530"}],"curies":[{"name":"wp","href":"https:\/\/api.w.org\/{rel}","templated":true}]}}