{"id":328313,"date":"2026-01-16T22:26:47","date_gmt":"2026-01-16T19:26:47","guid":{"rendered":"https:\/\/baldumarket.lt\/product\/zestaw-mebli-memone-dab-zloty-bialy-grafitowy-nowoczesny-design-stylowy-zestaw-mebli-do-pokoju-dziecka-w-stylu-skandynawskim\/"},"modified":"2026-02-11T18:01:47","modified_gmt":"2026-02-11T15:01:47","slug":"zestaw-mebli-memone-dab-zloty-bialy-grafitowy-nowoczesny-design-stylowy-zestaw-mebli-do-pokoju-dziecka-w-stylu-skandynawskim","status":"publish","type":"product","link":"https:\/\/baldumarket.lt\/lt\/product\/zestaw-mebli-memone-dab-zloty-bialy-grafitowy-nowoczesny-design-stylowy-zestaw-mebli-do-pokoju-dziecka-w-stylu-skandynawskim\/","title":{"rendered":"\u201eMemone\u201c bald\u0173 komplektas, auksinio \u0105\u017euolo \/ baltos \/ grafito spalvos, modernaus dizaino stilingas skandinavi\u0161ko stiliaus vaik\u0173 kambario bald\u0173 komplektas"},"content":{"rendered":"<p>\u201eMemone\u201c vaik\u0173 kambario bald\u0173 komplektas yra i\u0161skirtinai funkcionalus ir tiks \u012fvairiems interjerams.<br \/>\n\u201eMemone\u201c bald\u0173 komplektui b\u016bdingas skandinavi\u0161kas stilius ir madinga spalv\u0173 gama prislopintais atspalviais, tod\u0117l jis tinka tiek jaunesnio vaiko, tiek paauglio kambariui. \u0104\u017euolo spalvos r\u0117m\u0173 derinys su baltais ir grafito fasadais sukuria modern\u0173 ir unikal\u0173 interjer\u0105. Subtil\u016bs \u012fdubimai fasaduose suteikia original\u0173 ir i\u0161skirtin\u012f dekoratyvin\u012f akcent\u0105. Juodo metalo ranken\u0117l\u0117s su kra\u0161tais stilingai papildo \u201eMemone\u201c kolekcijos fasadus.<br \/>\nVaik\u0173 kambario bald\u0173 komplektas pagamintas i\u0161 auk\u0161tos kokyb\u0117s laminuotos plok\u0161t\u0117s, kuri yra atspari i\u0161oriniams veiksniams, tokiems kaip sumu\u0161imai, sm\u016bgiai ir \u012fbr\u0117\u017eimai. Spinta padalinta \u012f sekcij\u0105 su pakaba lovoms ir sekcij\u0105 su lentynomis. Lova turi stabil\u0173 medin\u012f r\u0117m\u0105 ir prakti\u0161k\u0105 patalyn\u0117s d\u0117\u017e\u0119. Apmu\u0161tas galv\u016bgalis pasi\u017eymi i\u0161skirtiniu tinklelio ra\u0161tu, kuris traukia ak\u012f ir suteikia unikalumo. Atviros lentynos knyg\u0173 lentynoje puikiai tinka vadov\u0117liams ar m\u0117gstamoms knygoms. Prakti\u0161kas stalo stal\u010dius leid\u017eia laikyti b\u016btiniausius aksesuarus.<br \/>\n\u201eMemone\u201c baldai puikiai tiks \u012fvairiuose i\u0161d\u0117stymuose.<br \/>\nBaldo konstrukcij\u0105 laiko skandinavi\u0161ko stiliaus kojel\u0117s, pagamintos i\u0161 plastiko su \u0105\u017euolo apdaila. \u201eMemone\u201c baldai garantuoja patog\u0173 ir be r\u016bpes\u010di\u0173 naudojim\u0105 bei viso baldo patvarum\u0105 daugel\u012f met\u0173. \u0104\u017euolo spalva su kontrastinga grafito ir balta gra\u017eiai dera su kitomis spalvomis, tod\u0117l \u201eMemone\u201c baldai puikiai tinka vaiko kambariui ar paauglio miegamajam. Sienin\u0119 spintel\u0119 sudaro:<br \/>\ndviej\u0173 dur\u0173 spinta<br \/>\nauk\u0161tis: 200 cm<br \/>\nplotis: 90 cm<br \/>\ngylis: 52 cm<br \/>\nlova su patalyn\u0117s saugykla<br \/>\nauk\u0161tis: 90 cm<br \/>\nplotis: 94,5 cm<br \/>\nilgis: 204,5 cm<br \/>\nMiegamoji erdv\u0117: 90 \u00d7 200 cm<br \/>\nstalas<br \/>\nauk\u0161tis: 75 cm<br \/>\nplotis: 110 cm<br \/>\ngylis: 50 cm<br \/>\nlentyna<br \/>\nauk\u0161tis: 200 cm<br \/>\nplotis: 60 cm<br \/>\ngylis: 40 cm<br \/>\ndvi lentynos<br \/>\nauk\u0161tis: 30 cm<br \/>\nplotis: 100 cm<br \/>\ngylis: 22 cm<br \/>\nPastaba: \u010diu\u017einys \u012f komplekt\u0105 ne\u012fskai\u010diuotas<\/p>","protected":false},"excerpt":{"rendered":"<p>\u201eMemone\u201c vaik\u0173 kambario bald\u0173 komplektas yra i\u0161skirtinai funkcionalus ir tiks \u012fvairiems i\u0161d\u0117stymams. \u201eMemone\u201c bald\u0173 komplektui b\u016bdingas skandinavi\u0161kas stilius ir madinga spalv\u0173 gama prislopintuose atspalviuose, tod\u0117l jis tinka tiek jaunesnio vaiko, tiek paauglio kambariui. \u0104\u017euolo spalvos r\u0117m\u0173 derinys su balta ir grafito [\u2026]<\/p>","protected":false},"featured_media":328314,"comment_status":"open","ping_status":"open","template":"","meta":[],"product_brand":[],"product_cat":[9235,9134],"product_tag":[],"class_list":{"0":"post-328313","1":"product","2":"type-product","3":"status-publish","4":"has-post-thumbnail","6":"product_cat-gib-meble","7":"product_cat-bedroom-sets","9":"first","10":"instock","11":"purchasable","12":"product-type-simple"},"_links":{"self":[{"href":"https:\/\/baldumarket.lt\/lt\/wp-json\/wp\/v2\/product\/328313","targetHints":{"allow":["GET"]}}],"collection":[{"href":"https:\/\/baldumarket.lt\/lt\/wp-json\/wp\/v2\/product"}],"about":[{"href":"https:\/\/baldumarket.lt\/lt\/wp-json\/wp\/v2\/types\/product"}],"replies":[{"embeddable":true,"href":"https:\/\/baldumarket.lt\/lt\/wp-json\/wp\/v2\/comments?post=328313"}],"wp:featuredmedia":[{"embeddable":true,"href":"https:\/\/baldumarket.lt\/lt\/wp-json\/wp\/v2\/media\/328314"}],"wp:attachment":[{"href":"https:\/\/baldumarket.lt\/lt\/wp-json\/wp\/v2\/media?parent=328313"}],"wp:term":[{"taxonomy":"product_brand","embeddable":true,"href":"https:\/\/baldumarket.lt\/lt\/wp-json\/wp\/v2\/product_brand?post=328313"},{"taxonomy":"product_cat","embeddable":true,"href":"https:\/\/baldumarket.lt\/lt\/wp-json\/wp\/v2\/product_cat?post=328313"},{"taxonomy":"product_tag","embeddable":true,"href":"https:\/\/baldumarket.lt\/lt\/wp-json\/wp\/v2\/product_tag?post=328313"}],"curies":[{"name":"wp","href":"https:\/\/api.w.org\/{rel}","templated":true}]}}