{"id":328299,"date":"2026-01-16T22:26:37","date_gmt":"2026-01-16T19:26:37","guid":{"rendered":"https:\/\/baldumarket.lt\/product\/zestaw-mebli-do-sypialni-rico-bialy-ponadczasowy-design-komplet-mebli-do-sypialni-wykonany-z-wysokiej-jakosci-plyty-laminowanej\/"},"modified":"2026-02-11T18:01:47","modified_gmt":"2026-02-11T15:01:47","slug":"zestaw-mebli-do-sypialni-rico-bialy-ponadczasowy-design-komplet-mebli-do-sypialni-wykonany-z-wysokiej-jakosci-plyty-laminowanej","status":"publish","type":"product","link":"https:\/\/baldumarket.lt\/lt\/product\/zestaw-mebli-do-sypialni-rico-bialy-ponadczasowy-design-komplet-mebli-do-sypialni-wykonany-z-wysokiej-jakosci-plyty-laminowanej\/","title":{"rendered":"Rico baltas miegamojo bald\u0173 komplektas, nesenstan\u010dio dizaino, miegamojo bald\u0173 komplektas i\u0161 auk\u0161tos kokyb\u0117s laminuotos plok\u0161t\u0117s"},"content":{"rendered":"<p>Baltas miegamojo bald\u0173 komplektas \u201eRico\u201c \u2013 puikus pasirinkimas miegamajam arba jaunimo kambariui.<br \/>\n\u201eRico\u201c miegamojo bald\u0173 komplektas \u2013 idealus pasirinkimas vertinantiems klasikin\u012f dizain\u0105. Madingos spalvos ir kruop\u0161ti apdaila suteiks interjerui elegancijos ir estetinio patrauklumo. B\u016bdingi \u201eRico\u201c kolekcijos elementai \u2013 patvar\u016bs, 22 mm storio stalvir\u0161iai. \u012evairaus storio komod\u0173 dureli\u0173 ir lovos galv\u016bgalio \u012fd\u0117klai sukuria trimat\u012f efekt\u0105. \u201eRico\u201c baldai suteiks kambariui stiling\u0105 akcent\u0105 ir unikali\u0105 atmosfer\u0105. \u201eRico\u201c kolekcija puikiai der\u0117s tiek klasikiniame, tiek moderniame interjere.<br \/>\nBaldai pagaminti i\u0161 auk\u0161tos kokyb\u0117s laminuotos plok\u0161t\u0117s, kuri yra atspari i\u0161oriniams veiksniams, tokiems kaip \u012flenkimai, sm\u016bgiai ir \u012fbr\u0117\u017eimai. Sidabrin\u0117s ranken\u0117l\u0117s stilingai u\u017ebaigia bald\u0173 fasadus, kurie, be savo pagrindin\u0117s funkcijos, suteikia i\u0161skirtinai skoning\u0105 i\u0161vaizd\u0105. Lovos konstrukcija u\u017etikrina auk\u0161t\u0105 stabilum\u0105 ir komfort\u0105. Lovos r\u0117mas pagamintas i\u0161 22 mm storio laminuotos plok\u0161t\u0117s. Lova apr\u016bpinta stabiliu mediniu r\u0117mu su automatiniais spyruokliniais mechanizmais ir prakti\u0161ka patalyn\u0117s d\u0117\u017ee.<br \/>\nRico baldai tiks bet kuriame miegamajame j\u016bs\u0173 m\u0117gstamu stiliumi.<br \/>\n\u201eRico\u201c miegamojo bald\u0173 komplektas garantuoja nepriekai\u0161ting\u0105 naudojim\u0105 ir kiekvieno baldo patvarum\u0105 daugel\u012f met\u0173. Klasikin\u0117 balta spalva puikiai dera su kitomis spalvomis, tod\u0117l \u201eRico\u201c baldai puikiai tinka miegamojo komplektui arba kaip baldas jaunimo kambariui.<br \/>\nBald\u0173 komplekt\u0105 sudaro:<br \/>\nkomoda<br \/>\nauk\u0161tis: 90 cm<br \/>\nplotis: 120 cm<br \/>\ngylis: 40 cm<br \/>\ndu naktiniai staleliai<br \/>\nauk\u0161tis: 45 cm<br \/>\nplotis: 50 cm<br \/>\ngylis: 35 cm<br \/>\nlova su patalyn\u0117s saugykla<br \/>\nauk\u0161tis: 90 cm<br \/>\nplotis: 165 cm<br \/>\ngylis: 205 cm<br \/>\ntrij\u0173 dur\u0173 spinta<br \/>\nauk\u0161tis: 202,2 cm<br \/>\nplotis: 135 cm<br \/>\ngylis: 65 cm<br \/>\nPastaba: \u010diu\u017einys \u012f komplekt\u0105 ne\u012feina.<\/p>","protected":false},"excerpt":{"rendered":"<p>The Rico white bedroom furniture set is the perfect choice for a bedroom or youth room. The Rico bedroom furniture set is an ideal choice for those who appreciate classic designs. Fashionable colors and meticulous finishing will add elegance and aesthetic appeal to the interior. Characteristic elements of the Rico collection include durable, 22mm-thick countertops. [&hellip;]<\/p>","protected":false},"featured_media":328300,"comment_status":"open","ping_status":"open","template":"","meta":[],"product_brand":[],"product_cat":[9235,9134],"product_tag":[],"class_list":{"0":"post-328299","1":"product","2":"type-product","3":"status-publish","4":"has-post-thumbnail","6":"product_cat-gib-meble","7":"product_cat-bedroom-sets","9":"first","10":"instock","11":"purchasable","12":"product-type-simple"},"_links":{"self":[{"href":"https:\/\/baldumarket.lt\/lt\/wp-json\/wp\/v2\/product\/328299","targetHints":{"allow":["GET"]}}],"collection":[{"href":"https:\/\/baldumarket.lt\/lt\/wp-json\/wp\/v2\/product"}],"about":[{"href":"https:\/\/baldumarket.lt\/lt\/wp-json\/wp\/v2\/types\/product"}],"replies":[{"embeddable":true,"href":"https:\/\/baldumarket.lt\/lt\/wp-json\/wp\/v2\/comments?post=328299"}],"wp:featuredmedia":[{"embeddable":true,"href":"https:\/\/baldumarket.lt\/lt\/wp-json\/wp\/v2\/media\/328300"}],"wp:attachment":[{"href":"https:\/\/baldumarket.lt\/lt\/wp-json\/wp\/v2\/media?parent=328299"}],"wp:term":[{"taxonomy":"product_brand","embeddable":true,"href":"https:\/\/baldumarket.lt\/lt\/wp-json\/wp\/v2\/product_brand?post=328299"},{"taxonomy":"product_cat","embeddable":true,"href":"https:\/\/baldumarket.lt\/lt\/wp-json\/wp\/v2\/product_cat?post=328299"},{"taxonomy":"product_tag","embeddable":true,"href":"https:\/\/baldumarket.lt\/lt\/wp-json\/wp\/v2\/product_tag?post=328299"}],"curies":[{"name":"wp","href":"https:\/\/api.w.org\/{rel}","templated":true}]}}