{"id":328271,"date":"2026-01-16T22:26:17","date_gmt":"2026-01-16T19:26:17","guid":{"rendered":"https:\/\/baldumarket.lt\/product\/zestaw-mebli-do-sypialni-rico-dab-monastery-ponadczasowy-design-komplet-mebli-do-sypialni-pojemna-szafa-przesuwana-z-lustrem\/"},"modified":"2026-02-11T18:01:47","modified_gmt":"2026-02-11T15:01:47","slug":"zestaw-mebli-do-sypialni-rico-dab-monastery-ponadczasowy-design-komplet-mebli-do-sypialni-pojemna-szafa-przesuwana-z-lustrem","status":"publish","type":"product","link":"https:\/\/baldumarket.lt\/lt\/product\/zestaw-mebli-do-sypialni-rico-dab-monastery-ponadczasowy-design-komplet-mebli-do-sypialni-pojemna-szafa-przesuwana-z-lustrem\/","title":{"rendered":"Riko \u0105\u017euolo vienuolyno miegamojo bald\u0173 komplektas nesenstan\u010dio dizaino miegamojo bald\u0173 komplektas erdvi stumdoma spinta su veidrod\u017eiu"},"content":{"rendered":"<p>\u201eRico\u201c miegamojo bald\u0173 komplektas i\u0161 \u201eMonastery Oak\u201c \u2013 puikus pasirinkimas miegamajam arba jaunimo kambariui apstatyti.<br \/>\n\u201eRico\u201c miegamojo bald\u0173 komplektas \u2013 idealus pasirinkimas vertinantiems klasikin\u012f dizain\u0105. Madingos spalvos ir kruop\u0161ti apdaila suteiks interjerui eleganti\u0161k\u0105 ir esteti\u0161k\u0105 i\u0161vaizd\u0105. B\u016bdingi \u201eRico\u201c kolekcijos elementai \u2013 patvar\u016bs 22 mm storio stalvir\u0161iai. Komod\u0173 dureli\u0173 \u012fd\u0117klai ir lovos galv\u016bgalis, pagaminti i\u0161 \u012fvairaus storio lentos, sukuria trimat\u012f efekt\u0105. \u201eRico\u201c baldai suteiks kambariui stiling\u0105 u\u017ebaigtum\u0105 ir unikali\u0105 atmosfer\u0105. \u201eRico\u201c kolekcija s\u0117kmingai papildys tiek klasikin\u012f, tiek modern\u0173 interjer\u0105.<br \/>\nBald\u0173 fasadus stilingai u\u017ebaigia sidabrin\u0117s ranken\u0117l\u0117s, kurios, be pagrindin\u0117s funkcijos, suteikia i\u0161skirtinai skoning\u0105 i\u0161vaizd\u0105. Lovos konstrukcija u\u017etikrina auk\u0161t\u0105 stabilum\u0105 ir komfort\u0105. Lovos r\u0117mas pagamintas i\u0161 22 mm storio laminuotos plok\u0161t\u0117s. Lova pasi\u017eymi stabiliu mediniu r\u0117mu su automatiniais spyruokliniais mechanizmais ir prakti\u0161ku patalyn\u0117s skyriumi. Spintos dureles puo\u0161ia dekoratyvin\u0117s aliuminio spalvos juostel\u0117s ir didelis veidrodis. Spinta padalinta \u012f sekcij\u0105 su dviem b\u0117geliais ir sekcij\u0105 su lentynomis. Viduje taip pat yra du i\u0161traukiami stal\u010diai ant ritinini\u0173 b\u0117geli\u0173.<br \/>\nRico baldai tiks bet kuriame miegamajame j\u016bs\u0173 m\u0117gstamu stiliumi.<br \/>\nBaldai pagaminti i\u0161 auk\u0161tos kokyb\u0117s laminuotos plok\u0161t\u0117s, kuri yra atspari i\u0161oriniams veiksniams, tokiems kaip \u012fbr\u0117\u017eimai, \u012fbr\u0117\u017eimai ir \u012fbr\u0117\u017eimai. \u201eRico\u201c miegamojo bald\u0173 komplektas garantuoja nepriekai\u0161ting\u0105 naudojim\u0105 ir kiekvieno baldo patvarum\u0105 daugel\u012f met\u0173. Tamsaus \u0105\u017euolo dekoras gra\u017eiai dera su kitomis spalvomis, tod\u0117l \u201eRico\u201c baldai puikiai tinka miegamajam ar jaunimo kambariui.<br \/>\nBald\u0173 komplekt\u0105 sudaro:<br \/>\nKomoda<br \/>\nAuk\u0161tis: 90 cm<br \/>\nPlotis: 120 cm<br \/>\nGylis: 40 cm<br \/>\nDu naktiniai staleliai<br \/>\nAuk\u0161tis: 45 cm<br \/>\nPlotis: 50 cm<br \/>\nGylis: 35 cm<br \/>\nLova su patalyn\u0117s saugykla<br \/>\nAuk\u0161tis: 90 cm<br \/>\nPlotis: 165 cm<br \/>\nGylis: 205 cm<br \/>\nStumdoma spinta su veidrod\u017eiu<br \/>\n\u016agis: 215 cm<br \/>\nPlotis: 250 cm<br \/>\nGylis: 62 cm<br \/>\nPastaba: \u010ciu\u017einys \u012f komplekt\u0105 ne\u012fskai\u010diuotas<\/p>","protected":false},"excerpt":{"rendered":"<p>The Rico bedroom furniture set in Monastery Oak is the perfect choice for furnishing a bedroom or youth room. The Rico bedroom furniture set is an ideal choice for those who appreciate classic designs. Fashionable colors and meticulous finishing will give the interior an elegant and aesthetically pleasing look. Characteristic elements of the Rico collection [&hellip;]<\/p>","protected":false},"featured_media":328272,"comment_status":"open","ping_status":"open","template":"","meta":[],"product_brand":[],"product_cat":[9235,9134],"product_tag":[],"class_list":{"0":"post-328271","1":"product","2":"type-product","3":"status-publish","4":"has-post-thumbnail","6":"product_cat-gib-meble","7":"product_cat-bedroom-sets","9":"first","10":"instock","11":"purchasable","12":"product-type-simple"},"_links":{"self":[{"href":"https:\/\/baldumarket.lt\/lt\/wp-json\/wp\/v2\/product\/328271","targetHints":{"allow":["GET"]}}],"collection":[{"href":"https:\/\/baldumarket.lt\/lt\/wp-json\/wp\/v2\/product"}],"about":[{"href":"https:\/\/baldumarket.lt\/lt\/wp-json\/wp\/v2\/types\/product"}],"replies":[{"embeddable":true,"href":"https:\/\/baldumarket.lt\/lt\/wp-json\/wp\/v2\/comments?post=328271"}],"wp:featuredmedia":[{"embeddable":true,"href":"https:\/\/baldumarket.lt\/lt\/wp-json\/wp\/v2\/media\/328272"}],"wp:attachment":[{"href":"https:\/\/baldumarket.lt\/lt\/wp-json\/wp\/v2\/media?parent=328271"}],"wp:term":[{"taxonomy":"product_brand","embeddable":true,"href":"https:\/\/baldumarket.lt\/lt\/wp-json\/wp\/v2\/product_brand?post=328271"},{"taxonomy":"product_cat","embeddable":true,"href":"https:\/\/baldumarket.lt\/lt\/wp-json\/wp\/v2\/product_cat?post=328271"},{"taxonomy":"product_tag","embeddable":true,"href":"https:\/\/baldumarket.lt\/lt\/wp-json\/wp\/v2\/product_tag?post=328271"}],"curies":[{"name":"wp","href":"https:\/\/api.w.org\/{rel}","templated":true}]}}