{"id":328257,"date":"2026-01-16T22:26:06","date_gmt":"2026-01-16T19:26:06","guid":{"rendered":"https:\/\/baldumarket.lt\/product\/zestaw-mebli-apallo-dab-brandy-castello-nowoczesny-design-bryly-osadzone-na-metalowych-nogach-mebloscianka-do-salonu-wysokie-ranty-blatow\/"},"modified":"2026-02-11T18:01:47","modified_gmt":"2026-02-11T15:01:47","slug":"zestaw-mebli-apallo-dab-brandy-castello-nowoczesny-design-bryly-osadzone-na-metalowych-nogach-mebloscianka-do-salonu-wysokie-ranty-blatow","status":"publish","type":"product","link":"https:\/\/baldumarket.lt\/lt\/product\/zestaw-mebli-apallo-dab-brandy-castello-nowoczesny-design-bryly-osadzone-na-metalowych-nogach-mebloscianka-do-salonu-wysokie-ranty-blatow\/","title":{"rendered":"Apallo bald\u0173 komplektas i\u0161 brandy \u0105\u017euolo \u201eCastello\u201c, modernus dizainas, tvirtos dalys ant metalini\u0173 kojeli\u0173, svetain\u0117s spintel\u0117, auk\u0161ti stalvir\u0161io kra\u0161tai"},"content":{"rendered":"<p>\u201eApallo\u201c bald\u0173 komplektas yra paprastas, ta\u010diau eleganti\u0161kas ir originalus.<br \/>\n\u201eApallo\u201c baldai \u2013 tai stulbinantis baldas, pasi\u017eymintis unikaliu ir i\u0161skirtiniu charakteriu. Intriguojanti, tamsiai ruda fasad\u0173 spalva puikiai dera su juodais aksesuarais, suteikdama baldams lofto ir industrinio charakterio. Auk\u0161ti stalvir\u0161i\u0173 kra\u0161tai pabr\u0117\u017eia unikal\u0173 sienin\u0117s spintel\u0117s charakter\u012f ir neleid\u017eia nety\u010dia nukristi interjero dekoracijoms. Sienin\u0117 spintel\u0117 suteiks kambariui stiling\u0105 apdailos akcent\u0105, suteikdama jam modernumo ir elegancijos poj\u016bt\u012f. Unikalus \u201eApallo\u201c bald\u0173 dizainas tiks net ir reikliausiems interjerams.<br \/>\nSienin\u0117 spintel\u0117 pagaminta i\u0161 auk\u0161tos kokyb\u0117s 16 mm laminuotos plok\u0161t\u0117s, kuri yra atspari i\u0161oriniams veiksniams, tokiems kaip \u012flenkimai, sm\u016bgiai ir \u012fbr\u0117\u017eimai. Ma\u017eos juodos ranken\u0117l\u0117s stilingai u\u017ebaigia sienini\u0173 spinteli\u0173 fasadus. Kiekvienas spintelis stovi ant metalinio pagrindo. Vitrin\u0173 stikliniai fasadai leid\u017eia demonstruoti dekoratyvinius svetain\u0117s aksesuarus. Erdvioje komodoje tilps visi j\u016bs\u0173 aksesuarai ir buitin\u0117 technika. Atviros televizoriaus staliuko lentynos puikiai tinka televizijos \u012frangai. Kavos staliuko vir\u0161us yra atsparus i\u0161siliejimui.<br \/>\n\u201eApallo\u201c baldai pasi\u017eymi unikaliu ir moderniu dizainu, kuris bet kokiam interjerui suteiks originalumo.<br \/>\nStandartin\u0117s svetain\u0117s spintel\u0117s savyb\u0117s yra vyriai su \u0161velnaus u\u017edarymo sistema. Be to, stal\u010diai turi \u0161velnaus u\u017edarymo b\u0117gelius. \u0160ios sistemos padidina bald\u0173 komfort\u0105 ir saugum\u0105. \u201eApallo\u201c svetain\u0117s baldai garantuoja skland\u0173 naudojim\u0105 ir visos spintel\u0117s patvarum\u0105 daugel\u012f met\u0173. \u0104\u017euolo dekoras Brandy Castello atspalvyje puikiai dera su kitomis spalvomis, tod\u0117l \u201eApallo\u201c baldai puikiai tinka kaip svetain\u0117s arba miegamojo spintel\u0117.<br \/>\n\u201eApallo Brandy Castello Oak\u201c bald\u0173 komplektas \u2013 stilinga sienin\u0117 spintel\u0117 moderniam svetain\u0117s kambariui.<br \/>\n\u201eApallo Brandy Castello Oak\u201c bald\u0173 komplektas puikiai tinka tiems, kurie vertina modern\u0173, ta\u010diau jauk\u0173 interjer\u0105. Nat\u016brali, \u0161ilta med\u017eio spalva kartu su juodomis metalin\u0117mis kojel\u0117mis sukuria i\u0161skirtin\u012f ir eleganti\u0161k\u0105 kontrast\u0105, kuris puikiai papildys erdv\u0173 svetain\u0117s, atviro plano svetain\u0117s ar pal\u0117p\u0117s interjer\u0105. Ant auk\u0161t\u0173 kojeli\u0173 pastatyti baldai vizualiai i\u0161ple\u010dia erdv\u0119, o auk\u0161ti stalvir\u0161i\u0173 kra\u0161tai suteikia i\u0161skirtin\u012f, dizaineri\u0161k\u0105 vaizd\u0105. Tai puikus sprendimas tiek dideliems, tiek vidutinio dyd\u017eio kambariams.<br \/>\n\u201eApallo\u201c kolekcija puikiai papildys industrinio, modernaus ir lofto stiliaus interjerus. Minimalistin\u0117 forma kartu su nat\u016bralia med\u017eio tekst\u016bra ir minimalistin\u0117mis rankenomis suteikia baldams i\u0161skirtinio esteti\u0161kumo ir funkcionalumo. Jie puikiai papildys juodus, pilkus ir auksinius akcentus. \u0160i sienin\u0117 spintel\u0117 yra ne tik prakti\u0161ka, bet ir ry\u0161kus dekoratyvinis elementas.<br \/>\n\u201eApallo\u201c sienin\u0119 spintel\u0119 galima ap\u0161viesti LED \u0161viestuvais, kuriuos galite \u012fsigyti m\u016bs\u0173 parduotuv\u0117je.<br \/>\nBald\u0173 komplekt\u0105 sudaro:<br \/>\nplati vitrina<br \/>\nauk\u0161tis: 140 cm<br \/>\nplotis: 90 cm<br \/>\ngylis: 40 cm<br \/>\nTV spintel\u0117<br \/>\nauk\u0161tis: 56,2 cm<br \/>\nplotis: 150 cm<br \/>\ngylis: 40 cm<br \/>\nvitrina<br \/>\nauk\u0161tis: 140 cm<br \/>\nplotis: 90 cm<br \/>\ngylis: 40 cm<br \/>\nkomoda<br \/>\nauk\u0161tis: 90 cm<br \/>\nplotis: 150 cm<br \/>\ngylis: 45 cm<br \/>\nlentyna<br \/>\nauk\u0161tis: 20 cm<br \/>\nplotis: 135 cm<br \/>\ngylis: 11,6 cm<br \/>\nkavos staliukas<br \/>\nauk\u0161tis: 37 cm<br \/>\nplotis: 119,2 cm<br \/>\ngylis: 62,3 cm<\/p>","protected":false},"excerpt":{"rendered":"<p>The Apallo furniture set is simple yet elegant and original. Apallo furniture is a stunning piece of furniture with a unique and distinctive character. The intriguing, dark brown color of the fronts perfectly complements the black accessories, giving the furniture a loft and industrial character. The high edges of the countertops emphasize the unique character [&hellip;]<\/p>","protected":false},"featured_media":328258,"comment_status":"open","ping_status":"open","template":"","meta":[],"product_brand":[],"product_cat":[9235,2008],"product_tag":[],"class_list":{"0":"post-328257","1":"product","2":"type-product","3":"status-publish","4":"has-post-thumbnail","6":"product_cat-gib-meble","7":"product_cat-wall-units","9":"first","10":"instock","11":"purchasable","12":"product-type-simple"},"_links":{"self":[{"href":"https:\/\/baldumarket.lt\/lt\/wp-json\/wp\/v2\/product\/328257","targetHints":{"allow":["GET"]}}],"collection":[{"href":"https:\/\/baldumarket.lt\/lt\/wp-json\/wp\/v2\/product"}],"about":[{"href":"https:\/\/baldumarket.lt\/lt\/wp-json\/wp\/v2\/types\/product"}],"replies":[{"embeddable":true,"href":"https:\/\/baldumarket.lt\/lt\/wp-json\/wp\/v2\/comments?post=328257"}],"wp:featuredmedia":[{"embeddable":true,"href":"https:\/\/baldumarket.lt\/lt\/wp-json\/wp\/v2\/media\/328258"}],"wp:attachment":[{"href":"https:\/\/baldumarket.lt\/lt\/wp-json\/wp\/v2\/media?parent=328257"}],"wp:term":[{"taxonomy":"product_brand","embeddable":true,"href":"https:\/\/baldumarket.lt\/lt\/wp-json\/wp\/v2\/product_brand?post=328257"},{"taxonomy":"product_cat","embeddable":true,"href":"https:\/\/baldumarket.lt\/lt\/wp-json\/wp\/v2\/product_cat?post=328257"},{"taxonomy":"product_tag","embeddable":true,"href":"https:\/\/baldumarket.lt\/lt\/wp-json\/wp\/v2\/product_tag?post=328257"}],"curies":[{"name":"wp","href":"https:\/\/api.w.org\/{rel}","templated":true}]}}