{"id":328250,"date":"2026-01-16T22:26:01","date_gmt":"2026-01-16T19:26:01","guid":{"rendered":"https:\/\/baldumarket.lt\/product\/zestaw-mebli-sula-bezowy-mebloscianka-do-salonu-wzbogacona-o-metalowe-uchwyty-ozdobne-ryflowane-fronty-system-push-to-open\/"},"modified":"2026-02-11T18:01:47","modified_gmt":"2026-02-11T15:01:47","slug":"zestaw-mebli-sula-bezowy-mebloscianka-do-salonu-wzbogacona-o-metalowe-uchwyty-ozdobne-ryflowane-fronty-system-push-to-open","status":"publish","type":"product","link":"https:\/\/baldumarket.lt\/lt\/product\/zestaw-mebli-sula-bezowy-mebloscianka-do-salonu-wzbogacona-o-metalowe-uchwyty-ozdobne-ryflowane-fronty-system-push-to-open\/","title":{"rendered":"Sula bald\u0173 komplektas, sm\u0117lio spalvos, svetain\u0117s sienin\u0117 spintel\u0117, praturtinta metalin\u0117mis dekoratyvin\u0117mis ranken\u0117l\u0117mis, grioveliais i\u0161rai\u017eyti fasadai, atidarymo spustel\u0117jus sistema"},"content":{"rendered":"<p>Sm\u0117lio spalvos bald\u0173 komplektas \u201eSula\u201c \u2013 unikalus pasirinkimas norint sukurti \u012fsp\u016bding\u0105 i\u0161d\u0117stym\u0105.<br \/>\n\u201eSula\u201c kolekcijos baldai \u2013 tai \u017eavus geometrini\u0173 form\u0173, \u012fdomi\u0173 detali\u0173 ir subtili\u0173 spalv\u0173 derinys. \u0160i sienin\u0117 spintel\u0117 stilingai u\u017ebaigs kambar\u012f ir suteiks jam jauki\u0105 atmosfer\u0105. Bald\u0173 fasadai dekoratyv\u016bs, grioveliais i\u0161rai\u017eyti, suteikiantys rafinuotumo ir elegancijos. Sm\u0117lio spalva puikiai dera su auksiniais ranken\u0173 kra\u0161tais, o auk\u0161tos kojel\u0117s dar labiau pabr\u0117\u017eia unikal\u0173 bald\u0173 dizain\u0105.<br \/>\nGrioveliais dekoruoti fasadai pagaminti i\u0161 MDF plok\u0161t\u0117s. Karkasai pagaminti i\u0161 auk\u0161tos kokyb\u0117s 16 mm storio laminuotos plok\u0161t\u0117s, kuri yra atspari i\u0161oriniams veiksniams, tokiems kaip \u012fbr\u0117\u017eimai, \u012fbr\u0117\u017eimai ir \u012fbr\u0117\u017eimai. Baldo konstrukcija sutvirtinta skoningomis metalin\u0117mis aukso sm\u0117lio spalvos kojel\u0117mis, suteikian\u010diomis baldams vizualinio lengvumo ir funkcionalumo. \u201eSula\u201c baldai \u2013 tai unikalus dizainas, leis jums sukurti \u012fsp\u016bding\u0105 nam\u0173 interjer\u0105.<br \/>\nBald\u0173 durel\u0117s atidaromos naudojant ranken\u0117li\u0173 neturin\u010di\u0105 spustel\u0117jimo sistem\u0105. Be to, stal\u010diai turi kreipian\u010di\u0105sias su slopintuvu. \u0160ios sistemos padidina sienin\u0117s spintel\u0117s naudojimo patogum\u0105 ir saugum\u0105. \u201eSula\u201c svetain\u0117s baldai garantuoja skland\u0173 naudojim\u0105 ir visos sienin\u0117s spintel\u0117s patvarum\u0105 daugel\u012f met\u0173. Subtilus sm\u0117lio spalvos sienin\u0117s spintel\u0117s atspalvis puikiai dera su kitomis spalvomis, tod\u0117l \u201eSula\u201c baldai yra puiki sienin\u0117 spintel\u0117 svetainei ar miegamajam.<br \/>\n\u201eSula Beige\u201c bald\u0173 komplektas \u2013 tai elegancija ir funkcionalumas viename<br \/>\n\u201eSula Beige\u201c bald\u0173 komplektas \u2013 puikus sprendimas tiems, kurie vertina eleganti\u0161k\u0105 ir modern\u0173 interjero dizain\u0105. Sienin\u0117 spintel\u0117, papuo\u0161ta metalin\u0117mis rankenomis ir dekoratyviniais, grioveliais i\u0161rai\u017eytais fasadais, yra tobulas funkcionalumo ir estetikos derinys. D\u0117l atidarymo spustel\u0117jus sistemos spinteles itin lengva naudoti \u2013 u\u017etenka lengvo prisilietimo, kad atidarytum\u0117te dureles. Sm\u0117lio spalvos gama su subtiliomis auksin\u0117mis ranken\u0117li\u0173 detal\u0117mis suteikia interjerui \u0161ilumos ir harmonijos, puikiai papildydama likusi\u0105 svetain\u0117s dal\u012f.<br \/>\n\u201eSula\u201c baldai puikiai dera prie skandinavi\u0161ko ir modernaus stiliaus. Paprastumas ir elegancija, derinami su prakti\u0161kais sprendimais, tinka tiek minimalistiniam, tiek klasikiniam interjerui. Subtilus, \u0161viesus spalv\u0173 derinys ir grioveliai fasadams suteikia charakterio, o aukso spalvos metalin\u0117s ranken\u0117l\u0117s \u2013 prabangos. \u0160is komplektas puikiai papildys erdvi\u0105 arba moderni\u0105 svetain\u0119, suteikdamas jai stiling\u0105, bet funkcional\u0173 element\u0105. Bald\u0173 komplekt\u0105 sudaro:<br \/>\nKomoda<br \/>\nAuk\u0161tis: 80 cm<br \/>\nPlotis: 107 cm<br \/>\nGylis: 41 cm<br \/>\nTV staliukas<br \/>\nAuk\u0161tis: 52 cm<br \/>\nPlotis: 150 cm<br \/>\nGylis: 41 cm<br \/>\nLentyna<br \/>\n\u016agis: 190 cm<br \/>\nPlotis: 80 cm<br \/>\nGylis: 41 cm<br \/>\nKavos staliukas<br \/>\nAuk\u0161tis: 45 cm<br \/>\nPlotis: 100 cm<br \/>\nGylis: 60 cm<\/p>","protected":false},"excerpt":{"rendered":"<p>The Sula beige furniture set is a unique option for creating a striking arrangement. Furniture from the Sula collection is a delightful combination of geometric shapes, interesting details, and subtle colors. The presence of this wall unit will stylishly finish the room and give it a cozy atmosphere. The furniture features decorative, grooved fronts that [&hellip;]<\/p>","protected":false},"featured_media":328251,"comment_status":"open","ping_status":"open","template":"","meta":[],"product_brand":[],"product_cat":[9235,2008],"product_tag":[],"class_list":{"0":"post-328250","1":"product","2":"type-product","3":"status-publish","4":"has-post-thumbnail","6":"product_cat-gib-meble","7":"product_cat-wall-units","9":"first","10":"instock","11":"purchasable","12":"product-type-simple"},"_links":{"self":[{"href":"https:\/\/baldumarket.lt\/lt\/wp-json\/wp\/v2\/product\/328250","targetHints":{"allow":["GET"]}}],"collection":[{"href":"https:\/\/baldumarket.lt\/lt\/wp-json\/wp\/v2\/product"}],"about":[{"href":"https:\/\/baldumarket.lt\/lt\/wp-json\/wp\/v2\/types\/product"}],"replies":[{"embeddable":true,"href":"https:\/\/baldumarket.lt\/lt\/wp-json\/wp\/v2\/comments?post=328250"}],"wp:featuredmedia":[{"embeddable":true,"href":"https:\/\/baldumarket.lt\/lt\/wp-json\/wp\/v2\/media\/328251"}],"wp:attachment":[{"href":"https:\/\/baldumarket.lt\/lt\/wp-json\/wp\/v2\/media?parent=328250"}],"wp:term":[{"taxonomy":"product_brand","embeddable":true,"href":"https:\/\/baldumarket.lt\/lt\/wp-json\/wp\/v2\/product_brand?post=328250"},{"taxonomy":"product_cat","embeddable":true,"href":"https:\/\/baldumarket.lt\/lt\/wp-json\/wp\/v2\/product_cat?post=328250"},{"taxonomy":"product_tag","embeddable":true,"href":"https:\/\/baldumarket.lt\/lt\/wp-json\/wp\/v2\/product_tag?post=328250"}],"curies":[{"name":"wp","href":"https:\/\/api.w.org\/{rel}","templated":true}]}}