{"id":328243,"date":"2026-01-16T22:25:55","date_gmt":"2026-01-16T19:25:55","guid":{"rendered":"https:\/\/baldumarket.lt\/product\/zestaw-mebli-sula-czarny-mebloscianka-do-salonu-wzbogacona-o-metalowe-uchwyty-ozdobne-ryflowane-fronty-system-push-to-open\/"},"modified":"2026-02-11T18:01:47","modified_gmt":"2026-02-11T15:01:47","slug":"zestaw-mebli-sula-czarny-mebloscianka-do-salonu-wzbogacona-o-metalowe-uchwyty-ozdobne-ryflowane-fronty-system-push-to-open","status":"publish","type":"product","link":"https:\/\/baldumarket.lt\/lt\/product\/zestaw-mebli-sula-czarny-mebloscianka-do-salonu-wzbogacona-o-metalowe-uchwyty-ozdobne-ryflowane-fronty-system-push-to-open\/","title":{"rendered":"Sula bald\u0173 komplektas, juodas, svetain\u0117s sienin\u0117 spintel\u0117, praturtinta metalin\u0117mis rankenomis, dekoratyviniais grioveliais i\u0161rai\u017eytais fasadais, atidarymo spustel\u0117jus sistema"},"content":{"rendered":"<p>Juodas \u201eSula\u201c bald\u0173 komplektas \u2013 unikalus pasirinkimas norint sukurti \u012fsp\u016bding\u0105 i\u0161d\u0117stym\u0105.<br \/>\n\u201eSula\u201c kolekcijos baldai \u2013 tai \u017eavus geometrini\u0173 form\u0173, \u012fdomi\u0173 detali\u0173 ir ry\u0161ki\u0173 spalv\u0173 derinys. \u0160i sienin\u0117 spintel\u0117 stilingai u\u017ebaigs kambar\u012f ir suteiks jam jauki\u0105 atmosfer\u0105. Bald\u0173 fasadai dekoratyv\u016bs, grioveliais i\u0161rai\u017eyti, suteikiantys rafinuotumo ir elegancijos. Juoda spalva puikiai dera su auksiniais ranken\u0173 kra\u0161tais, o auk\u0161tos kojel\u0117s dar labiau pabr\u0117\u017eia unikal\u0173 bald\u0173 dizain\u0105.<br \/>\nGrioveliais dekoruoti fasadai pagaminti i\u0161 MDF plok\u0161t\u0117s. Karkasai pagaminti i\u0161 auk\u0161tos kokyb\u0117s 16 mm storio laminuotos plok\u0161t\u0117s, atsparios i\u0161oriniams veiksniams, tokiems kaip \u012fbr\u0117\u017eimai, \u012fbr\u0117\u017eimai ir \u012fbr\u0117\u017eimai. Baldo konstrukcija sutvirtinta skoningomis metalin\u0117mis aukso sm\u0117lio spalvos kojel\u0117mis, suteikian\u010diomis baldams vizualinio lengvumo ir funkcionalumo. \u201eSula\u201c baldai \u2013 tai unikalus dizainas, leis jums sukurti ry\u0161k\u0173 interjero dizain\u0105.<br \/>\nBald\u0173 durel\u0117s turi ranken\u0117li\u0173 neturin\u010di\u0105, stumiant pasiekiam\u0105 atidarymo sistem\u0105. Be to, stal\u010diai turi kreipian\u010di\u0105sias su slopintuvu. \u0160ios sistemos padidina patogum\u0105 ir saugum\u0105 naudojantis sienine spintele. \u201eSula\u201c svetain\u0117s baldai garantuoja skland\u0173 naudojim\u0105 ir visos sienin\u0117s spintel\u0117s patvarum\u0105 daugel\u012f met\u0173. Nesenstanti juoda sienin\u0117s spintel\u0117s spalva puikiai dera su kitomis spalvomis, tod\u0117l \u201eSula\u201c baldai yra puiki sienin\u0117 spintel\u0117 svetainei ar miegamajam. Bald\u0173 komplekt\u0105 sudaro:<br \/>\nKomoda<br \/>\nAuk\u0161tis: 80 cm<br \/>\nPlotis: 107 cm<br \/>\nGylis: 41 cm<br \/>\nTV staliukas<br \/>\nAuk\u0161tis: 52 cm<br \/>\nPlotis: 150 cm<br \/>\nGylis: 41 cm<br \/>\nLentyna<br \/>\n\u016agis: 190 cm<br \/>\nPlotis: 80 cm<br \/>\nGylis: 41 cm<br \/>\nKavos staliukas<br \/>\nAuk\u0161tis: 45 cm<br \/>\nPlotis: 100 cm<br \/>\nGylis: 60 cm<\/p>","protected":false},"excerpt":{"rendered":"<p>The Sula furniture set in black is a unique option for creating a striking arrangement. The furniture from the Sula collection is a delightful combination of geometric shapes, interesting details, and bold colors. The presence of this wall unit will stylishly finish the room and give it a cozy atmosphere. The furniture features decorative, grooved [&hellip;]<\/p>","protected":false},"featured_media":328244,"comment_status":"open","ping_status":"open","template":"","meta":[],"product_brand":[],"product_cat":[9235,2008],"product_tag":[],"class_list":{"0":"post-328243","1":"product","2":"type-product","3":"status-publish","4":"has-post-thumbnail","6":"product_cat-gib-meble","7":"product_cat-wall-units","9":"first","10":"instock","11":"purchasable","12":"product-type-simple"},"_links":{"self":[{"href":"https:\/\/baldumarket.lt\/lt\/wp-json\/wp\/v2\/product\/328243","targetHints":{"allow":["GET"]}}],"collection":[{"href":"https:\/\/baldumarket.lt\/lt\/wp-json\/wp\/v2\/product"}],"about":[{"href":"https:\/\/baldumarket.lt\/lt\/wp-json\/wp\/v2\/types\/product"}],"replies":[{"embeddable":true,"href":"https:\/\/baldumarket.lt\/lt\/wp-json\/wp\/v2\/comments?post=328243"}],"wp:featuredmedia":[{"embeddable":true,"href":"https:\/\/baldumarket.lt\/lt\/wp-json\/wp\/v2\/media\/328244"}],"wp:attachment":[{"href":"https:\/\/baldumarket.lt\/lt\/wp-json\/wp\/v2\/media?parent=328243"}],"wp:term":[{"taxonomy":"product_brand","embeddable":true,"href":"https:\/\/baldumarket.lt\/lt\/wp-json\/wp\/v2\/product_brand?post=328243"},{"taxonomy":"product_cat","embeddable":true,"href":"https:\/\/baldumarket.lt\/lt\/wp-json\/wp\/v2\/product_cat?post=328243"},{"taxonomy":"product_tag","embeddable":true,"href":"https:\/\/baldumarket.lt\/lt\/wp-json\/wp\/v2\/product_tag?post=328243"}],"curies":[{"name":"wp","href":"https:\/\/api.w.org\/{rel}","templated":true}]}}