{"id":328237,"date":"2026-01-16T22:25:51","date_gmt":"2026-01-16T19:25:51","guid":{"rendered":"https:\/\/baldumarket.lt\/product\/stolik-kawowy-okragly-84-cm-sampi-bialy-polysk-ponadczasowy-design-solidna-metalowa-podstawa-idealny-stolik-do-kazdej-aranzacji\/"},"modified":"2026-02-11T18:01:47","modified_gmt":"2026-02-11T15:01:47","slug":"stolik-kawowy-okragly-84-cm-sampi-bialy-polysk-ponadczasowy-design-solidna-metalowa-podstawa-idealny-stolik-do-kazdej-aranzacji","status":"publish","type":"product","link":"https:\/\/baldumarket.lt\/lt\/product\/stolik-kawowy-okragly-84-cm-sampi-bialy-polysk-ponadczasowy-design-solidna-metalowa-podstawa-idealny-stolik-do-kazdej-aranzacji\/","title":{"rendered":"Apvalus Sampi kavos staliukas, 84 cm, baltas blizgus, nesenstantis dizainas, tvirtas metalinis pagrindas, puikiai tinka bet kokiai kompozicijai"},"content":{"rendered":"<p>Apvalus baltos spalvos \u201eSampi\u201c kavos staliukas yra stilingas baldas, pasi\u017eymintis nesenstan\u010diu dizainu.<br \/>\n\u201eSampi\u201c kavos staliukas \u2013 tai nesenstantis baldas, puikiai papildantis bet kok\u012f interjer\u0105. \u0160is kompakti\u0161kas svetain\u0117s staliukas, pasi\u017eymintis lengva ir modernia forma, suteiks interjerui unikalaus \u017eavesio. Unikalus kavos staliuko dizainas tiks net ir i\u0161rankiausiam interjerui.<br \/>\nLygus, blizgus kavos staliuko vir\u0161us suteikia original\u0173 ir i\u0161skirtin\u012f dekoratyvin\u012f element\u0105. Visas staliukas pastatytas ant juodo metalo pagrindo. Kavos staliuko vir\u0161us pagamintas i\u0161 auk\u0161tos kokyb\u0117s, 32 mm storio laminuotos plok\u0161t\u0117s, kuri yra atspari i\u0161oriniams veiksniams, tokiems kaip \u012flenkimai, sm\u016bgiai ir \u012fbr\u0117\u017eimai.<br \/>\n\u2019Sampi\u201c kavos staliuk\u0105 galite lengvai pritaikyti prie savo interjero dizaino pageidavim\u0173. Kavos staliukas turi didel\u012f, apval\u0173 stalvir\u0161\u012f, atspar\u0173 i\u0161siliejimams. Kavos staliukas garantuoja patog\u0173 ir be r\u016bpes\u010di\u0173 naudojim\u0105 bei viso baldo patvarum\u0105 daugel\u012f met\u0173. Blizgi balta apdaila puikiai dera su kitomis spalvomis, tod\u0117l \u201eSampi\u201c apval\u016bs kavos staliukai idealiai tinka kaip staliukai svetain\u0117ms ar paaugli\u0173 kambariams. \u0160ie modern\u016bs kavos staliukai taip pat puikiai tiks kaip nedidelis kavos staliukas.<br \/>\nKavos staliuko matmenys:<br \/>\nAuk\u0161tis: 43 cm<br \/>\nPlotis: 84,2 cm<br \/>\nGylis: 84,2 cm<\/p>","protected":false},"excerpt":{"rendered":"<p>plotis: 84,2 cm<br \/>\nauk\u0161tis: 43 cm<br \/>\ngylis: 84,2 cm<\/p>","protected":false},"featured_media":328238,"comment_status":"open","ping_status":"open","template":"","meta":[],"product_brand":[],"product_cat":[9235,866],"product_tag":[],"class_list":{"0":"post-328237","1":"product","2":"type-product","3":"status-publish","4":"has-post-thumbnail","6":"product_cat-gib-meble","7":"product_cat-coffee-tables","9":"first","10":"instock","11":"purchasable","12":"product-type-simple"},"_links":{"self":[{"href":"https:\/\/baldumarket.lt\/lt\/wp-json\/wp\/v2\/product\/328237","targetHints":{"allow":["GET"]}}],"collection":[{"href":"https:\/\/baldumarket.lt\/lt\/wp-json\/wp\/v2\/product"}],"about":[{"href":"https:\/\/baldumarket.lt\/lt\/wp-json\/wp\/v2\/types\/product"}],"replies":[{"embeddable":true,"href":"https:\/\/baldumarket.lt\/lt\/wp-json\/wp\/v2\/comments?post=328237"}],"wp:featuredmedia":[{"embeddable":true,"href":"https:\/\/baldumarket.lt\/lt\/wp-json\/wp\/v2\/media\/328238"}],"wp:attachment":[{"href":"https:\/\/baldumarket.lt\/lt\/wp-json\/wp\/v2\/media?parent=328237"}],"wp:term":[{"taxonomy":"product_brand","embeddable":true,"href":"https:\/\/baldumarket.lt\/lt\/wp-json\/wp\/v2\/product_brand?post=328237"},{"taxonomy":"product_cat","embeddable":true,"href":"https:\/\/baldumarket.lt\/lt\/wp-json\/wp\/v2\/product_cat?post=328237"},{"taxonomy":"product_tag","embeddable":true,"href":"https:\/\/baldumarket.lt\/lt\/wp-json\/wp\/v2\/product_tag?post=328237"}],"curies":[{"name":"wp","href":"https:\/\/api.w.org\/{rel}","templated":true}]}}