{"id":328228,"date":"2026-01-16T22:25:44","date_gmt":"2026-01-16T19:25:44","guid":{"rendered":"https:\/\/baldumarket.lt\/product\/stolik-kawowy-okragly-84-cm-sampi-dab-artisan-ponadczasowy-i-lekki-design-solidna-metalowa-podstawa-idealny-stolik-do-kazdej-aranzacji\/"},"modified":"2026-02-11T18:01:47","modified_gmt":"2026-02-11T15:01:47","slug":"stolik-kawowy-okragly-84-cm-sampi-dab-artisan-ponadczasowy-i-lekki-design-solidna-metalowa-podstawa-idealny-stolik-do-kazdej-aranzacji","status":"publish","type":"product","link":"https:\/\/baldumarket.lt\/lt\/product\/stolik-kawowy-okragly-84-cm-sampi-dab-artisan-ponadczasowy-i-lekki-design-solidna-metalowa-podstawa-idealny-stolik-do-kazdej-aranzacji\/","title":{"rendered":"Apvalus kavos staliukas, 84 cm, \u201eSampi\u201c meni\u0161ko \u0105\u017euolo spalvos, nesenstan\u010dio ir lengvo dizaino, tvirtas metalinis pagrindas, puikiai tinkantis bet kokiai kompozicijai"},"content":{"rendered":"<p>Apvalus kavos staliukas \u201eSampi\u201c i\u0161 meni\u0161ko \u0105\u017euolo \u2013 tai stilingas baldas, pasi\u017eymintis nesenstan\u010diu dizainu.<br \/>\n\u201eSampi\u201c kavos staliukas \u2013 tai nesenstantis baldas, puikiai papildantis bet kok\u012f interjer\u0105. \u0160is kompakti\u0161kas svetain\u0117s staliukas, pasi\u017eymintis lengva ir modernia forma, suteiks interjerui unikalaus \u017eavesio. Unikalus kavos staliuko dizainas tiks net ir i\u0161rankiausiam interjerui.<br \/>\nLygus kavos staliuko vir\u0161us su matiniu pavir\u0161iumi suteikia original\u0173 ir i\u0161skirtin\u012f dekoratyvin\u012f element\u0105. Visas staliukas paremtas juodu metaliniu pagrindu. Kavos staliuko vir\u0161us pagamintas i\u0161 auk\u0161tos kokyb\u0117s 22 mm storio laminuotos plok\u0161t\u0117s, kuri yra atspari i\u0161oriniams veiksniams, tokiems kaip \u012flenkimai, sm\u016bgiai ir \u012fbr\u0117\u017eimai. \u201eSampi\u201c kavos staliuk\u0105 galima lengvai pritaikyti prie j\u016bs\u0173 interjero dizaino pageidavim\u0173.<br \/>\nKavos staliukas turi didel\u012f, apval\u0173 stalvir\u0161\u012f, atspar\u0173 i\u0161siliejimui. Kavos staliukas garantuoja patog\u0173 ir be r\u016bpes\u010di\u0173 naudojim\u0105 bei viso baldo patvarum\u0105 daugel\u012f met\u0173. Matinis \u0105\u017euolo pavir\u0161ius puikiai dera su kitomis spalvomis, tod\u0117l \u2019Sampi\u201c apval\u016bs kavos staliukai idealiai tinka svetainei ar paaugli\u0173 kambariui. \u0160ie modern\u016bs kavos staliukai taip pat puikiai tiks kaip nedidelis kavos staliukas.<br \/>\nKavos staliuko matmenys:<br \/>\nAuk\u0161tis: 43 cm<br \/>\nPlotis: 84,2 cm<br \/>\nGylis: 84,2 cm<\/p>","protected":false},"excerpt":{"rendered":"<p>plotis: 84,2 cm<br \/>\nauk\u0161tis: 43 cm<br \/>\ngylis: 84,2 cm<\/p>","protected":false},"featured_media":328229,"comment_status":"open","ping_status":"open","template":"","meta":[],"product_brand":[],"product_cat":[9235,866],"product_tag":[],"class_list":{"0":"post-328228","1":"product","2":"type-product","3":"status-publish","4":"has-post-thumbnail","6":"product_cat-gib-meble","7":"product_cat-coffee-tables","9":"first","10":"instock","11":"purchasable","12":"product-type-simple"},"_links":{"self":[{"href":"https:\/\/baldumarket.lt\/lt\/wp-json\/wp\/v2\/product\/328228","targetHints":{"allow":["GET"]}}],"collection":[{"href":"https:\/\/baldumarket.lt\/lt\/wp-json\/wp\/v2\/product"}],"about":[{"href":"https:\/\/baldumarket.lt\/lt\/wp-json\/wp\/v2\/types\/product"}],"replies":[{"embeddable":true,"href":"https:\/\/baldumarket.lt\/lt\/wp-json\/wp\/v2\/comments?post=328228"}],"wp:featuredmedia":[{"embeddable":true,"href":"https:\/\/baldumarket.lt\/lt\/wp-json\/wp\/v2\/media\/328229"}],"wp:attachment":[{"href":"https:\/\/baldumarket.lt\/lt\/wp-json\/wp\/v2\/media?parent=328228"}],"wp:term":[{"taxonomy":"product_brand","embeddable":true,"href":"https:\/\/baldumarket.lt\/lt\/wp-json\/wp\/v2\/product_brand?post=328228"},{"taxonomy":"product_cat","embeddable":true,"href":"https:\/\/baldumarket.lt\/lt\/wp-json\/wp\/v2\/product_cat?post=328228"},{"taxonomy":"product_tag","embeddable":true,"href":"https:\/\/baldumarket.lt\/lt\/wp-json\/wp\/v2\/product_tag?post=328228"}],"curies":[{"name":"wp","href":"https:\/\/api.w.org\/{rel}","templated":true}]}}