{"id":328198,"date":"2026-01-16T22:25:21","date_gmt":"2026-01-16T19:25:21","guid":{"rendered":"https:\/\/baldumarket.lt\/product\/stolik-kawowy-okragly-84-cm-sampi-czarny-z-dodatkowa-polka-lekki-design-solidna-metalowa-podstawa-idealny-stolik-do-kazdej-aranzacji\/"},"modified":"2026-02-11T18:01:48","modified_gmt":"2026-02-11T15:01:48","slug":"stolik-kawowy-okragly-84-cm-sampi-czarny-z-dodatkowa-polka-lekki-design-solidna-metalowa-podstawa-idealny-stolik-do-kazdej-aranzacji","status":"publish","type":"product","link":"https:\/\/baldumarket.lt\/lt\/product\/stolik-kawowy-okragly-84-cm-sampi-czarny-z-dodatkowa-polka-lekki-design-solidna-metalowa-podstawa-idealny-stolik-do-kazdej-aranzacji\/","title":{"rendered":"Apvalus Sampi kavos staliukas, 84 cm, juodas, su papildoma lentyna, lengvas dizainas, tvirtas metalinis pagrindas, puikiai tinka bet kokiai kompozicijai"},"content":{"rendered":"<p>Apvalus juodos spalvos \u201eSampi\u201c kavos staliukas yra stilingas baldas, pasi\u017eymintis nesenstan\u010diu dizainu.<br \/>\n\u201eSampi\u201c kavos staliukas \u2013 nesenstantis baldas, puikiai papildantis bet kok\u012f interjer\u0105. \u0160is kompakti\u0161kas svetain\u0117s staliukas, pasi\u017eymintis lengva ir modernia forma, suteiks interjerui unikalaus \u017eavesio. Lentyn\u0117l\u0117 po stalvir\u0161iu suteikia papildomos vietos m\u0117gstamoms knygoms ar \u017eurnalams. Unikalus kavos staliuko dizainas tiks net ir reikliausiam interjerui.<br \/>\nLygus kavos stalvir\u0161is su matiniu pavir\u0161iumi suteikia originali\u0105 ir i\u0161skirtin\u0119 puo\u0161men\u0105. Visas stalvir\u0161is paremtas juodu metaliniu pagrindu. Kavos staliuko vir\u0161us ir papildoma lentyna pagaminti i\u0161 auk\u0161tos kokyb\u0117s, 32 mm storio laminuotos plok\u0161t\u0117s, atsparios i\u0161oriniams veiksniams, tokiems kaip \u012flenkimai, sm\u016bgiai ir \u012fbr\u0117\u017eimai.<br \/>\n\u201eSampi\u201c kavos staliuk\u0105 galite lengvai pritaikyti prie savo interjero dizaino pageidavim\u0173.<br \/>\nKavos staliukas turi didel\u012f, apval\u0173, vandeniui atspar\u0173 stalvir\u0161\u012f ir lentyn\u0117l\u0119 apa\u010dioje. Kavos staliukas garantuoja patog\u0173 ir be r\u016bpes\u010di\u0173 naudojim\u0105 bei viso baldo patvarum\u0105 daugel\u012f met\u0173. Matin\u0117 juoda spalva gerai dera su kitomis spalvomis, tod\u0117l \u2019Sampi\u201c apval\u016bs kavos staliukai idealiai tinka kaip staliukai svetain\u0117ms ar paaugli\u0173 kambariams. \u0160ie modern\u016bs kavos staliukai taip pat puikiai tiks kaip nedidelis kavos staliukas.<br \/>\nKavos staliuko matmenys:<br \/>\nAuk\u0161tis: 43 cm<br \/>\nPlotis: 84,2 cm<br \/>\nGylis: 84,2 cm<\/p>","protected":false},"excerpt":{"rendered":"<p>plotis: 84,2 cm<br \/>\nauk\u0161tis: 43 cm<br \/>\ngylis: 84,2 cm<\/p>","protected":false},"featured_media":328199,"comment_status":"open","ping_status":"open","template":"","meta":[],"product_brand":[],"product_cat":[9235,866],"product_tag":[],"class_list":{"0":"post-328198","1":"product","2":"type-product","3":"status-publish","4":"has-post-thumbnail","6":"product_cat-gib-meble","7":"product_cat-coffee-tables","9":"first","10":"instock","11":"purchasable","12":"product-type-simple"},"_links":{"self":[{"href":"https:\/\/baldumarket.lt\/lt\/wp-json\/wp\/v2\/product\/328198","targetHints":{"allow":["GET"]}}],"collection":[{"href":"https:\/\/baldumarket.lt\/lt\/wp-json\/wp\/v2\/product"}],"about":[{"href":"https:\/\/baldumarket.lt\/lt\/wp-json\/wp\/v2\/types\/product"}],"replies":[{"embeddable":true,"href":"https:\/\/baldumarket.lt\/lt\/wp-json\/wp\/v2\/comments?post=328198"}],"wp:featuredmedia":[{"embeddable":true,"href":"https:\/\/baldumarket.lt\/lt\/wp-json\/wp\/v2\/media\/328199"}],"wp:attachment":[{"href":"https:\/\/baldumarket.lt\/lt\/wp-json\/wp\/v2\/media?parent=328198"}],"wp:term":[{"taxonomy":"product_brand","embeddable":true,"href":"https:\/\/baldumarket.lt\/lt\/wp-json\/wp\/v2\/product_brand?post=328198"},{"taxonomy":"product_cat","embeddable":true,"href":"https:\/\/baldumarket.lt\/lt\/wp-json\/wp\/v2\/product_cat?post=328198"},{"taxonomy":"product_tag","embeddable":true,"href":"https:\/\/baldumarket.lt\/lt\/wp-json\/wp\/v2\/product_tag?post=328198"}],"curies":[{"name":"wp","href":"https:\/\/api.w.org\/{rel}","templated":true}]}}