{"id":328171,"date":"2026-01-16T22:24:57","date_gmt":"2026-01-16T19:24:57","guid":{"rendered":"https:\/\/baldumarket.lt\/product\/stolik-kawowy-okragly-44-cm-sampi-captains-deck-z-dodatkowa-polka-lekki-design-metalowa-podstawa-zachwycajaca-ozdoba-kazdego-wnetrza\/"},"modified":"2026-02-11T18:01:49","modified_gmt":"2026-02-11T15:01:49","slug":"stolik-kawowy-okragly-44-cm-sampi-captains-deck-z-dodatkowa-polka-lekki-design-metalowa-podstawa-zachwycajaca-ozdoba-kazdego-wnetrza","status":"publish","type":"product","link":"https:\/\/baldumarket.lt\/lt\/product\/stolik-kawowy-okragly-44-cm-sampi-captains-deck-z-dodatkowa-polka-lekki-design-metalowa-podstawa-zachwycajaca-ozdoba-kazdego-wnetrza\/","title":{"rendered":"\u201eSampi\u201c kapitono denio apvalus kavos staliukas 44 cm su papildoma lentyna, lengvas dizainas, metalinis pagrindas, \u017eavinga bet kokio interjero puo\u0161mena"},"content":{"rendered":"<p>Apvalus \u201eSampi\u201c kavos staliukas \u201eCaptain&#039;s Deck\u201c \u2013 stilingas baldas, pasi\u017eymintis nesenstan\u010diu dizainu.<br \/>\n\u201eSampi\u201c kavos staliukas \u2013 nesenstantis baldas, puikiai papildantis bet kok\u012f interjer\u0105. D\u0117l kompakti\u0161ko dyd\u017eio jis puikiai tiks svetain\u0117je ar darbo kambaryje. Lengva ir moderni staliuko forma suteiks interjerui unikalaus \u017eavesio. Lentyn\u0117l\u0117 po stalvir\u0161iu suteikia papildomos vietos m\u0117gstamoms knygoms ar \u017eurnalams. Unikalus kavos staliuko dizainas papildys net ir i\u0161rankiausi\u0105 interjer\u0105. \u0160is eleganti\u0161kas staliukas gali b\u016bti subtilus akcentas interjero dekoravimui.<br \/>\nLygus kavos staliuko vir\u0161us su matiniu pavir\u0161iumi suteikia original\u0173 ir i\u0161skirtin\u012f dekoratyvin\u012f element\u0105. Visas staliukas pastatytas ant juodo metalo pagrindo. Kavos staliuko vir\u0161us ir papildoma lentyna pagaminti i\u0161 auk\u0161tos kokyb\u0117s 22 mm storio laminuotos plok\u0161t\u0117s, kuri yra atspari i\u0161oriniams veiksniams, tokiems kaip \u012flenkimai, sm\u016bgiai ir \u012fbr\u0117\u017eimai.<br \/>\n\u201eSampi\u201c kavos staliuk\u0105 galite lengvai pritaikyti prie savo interjero dizaino pageidavim\u0173.<br \/>\nKavos staliukas turi apval\u0173, vandeniui atspar\u0173 stalvir\u0161\u012f ir lentyn\u0117l\u0119 apa\u010dioje. Kavos staliukas garantuoja patog\u0173 ir be r\u016bpes\u010di\u0173 naudojim\u0105 bei viso baldo patvarum\u0105 daugel\u012f met\u0173. Rudas \u2019Captain&#039;s Deck\u201c med\u017eio atspalvis gerai dera su kitomis spalvomis, tod\u0117l apval\u016bs \u201eSampi\u201c kavos staliukai idealiai tinka kaip staliukai svetain\u0117ms ar paaugli\u0173 kambariams. \u0160ie modern\u016bs kavos staliukai taip pat puikiai tiks kaip nedidelis kavos staliukas.<br \/>\nKavos staliuko matmenys:<br \/>\nAuk\u0161tis: 61 cm<br \/>\nPlotis: 44,2 cm<br \/>\nGylis: 44,2 cm<\/p>","protected":false},"excerpt":{"rendered":"<p>plotis: 44,2 cm<br \/>\nauk\u0161tis: 61 cm<br \/>\ngylis: 44,2 cm<\/p>","protected":false},"featured_media":328172,"comment_status":"open","ping_status":"open","template":"","meta":[],"product_brand":[],"product_cat":[9235,866],"product_tag":[],"class_list":{"0":"post-328171","1":"product","2":"type-product","3":"status-publish","4":"has-post-thumbnail","6":"product_cat-gib-meble","7":"product_cat-coffee-tables","9":"first","10":"instock","11":"purchasable","12":"product-type-simple"},"_links":{"self":[{"href":"https:\/\/baldumarket.lt\/lt\/wp-json\/wp\/v2\/product\/328171","targetHints":{"allow":["GET"]}}],"collection":[{"href":"https:\/\/baldumarket.lt\/lt\/wp-json\/wp\/v2\/product"}],"about":[{"href":"https:\/\/baldumarket.lt\/lt\/wp-json\/wp\/v2\/types\/product"}],"replies":[{"embeddable":true,"href":"https:\/\/baldumarket.lt\/lt\/wp-json\/wp\/v2\/comments?post=328171"}],"wp:featuredmedia":[{"embeddable":true,"href":"https:\/\/baldumarket.lt\/lt\/wp-json\/wp\/v2\/media\/328172"}],"wp:attachment":[{"href":"https:\/\/baldumarket.lt\/lt\/wp-json\/wp\/v2\/media?parent=328171"}],"wp:term":[{"taxonomy":"product_brand","embeddable":true,"href":"https:\/\/baldumarket.lt\/lt\/wp-json\/wp\/v2\/product_brand?post=328171"},{"taxonomy":"product_cat","embeddable":true,"href":"https:\/\/baldumarket.lt\/lt\/wp-json\/wp\/v2\/product_cat?post=328171"},{"taxonomy":"product_tag","embeddable":true,"href":"https:\/\/baldumarket.lt\/lt\/wp-json\/wp\/v2\/product_tag?post=328171"}],"curies":[{"name":"wp","href":"https:\/\/api.w.org\/{rel}","templated":true}]}}