{"id":328164,"date":"2026-01-16T22:24:52","date_gmt":"2026-01-16T19:24:52","guid":{"rendered":"https:\/\/baldumarket.lt\/product\/zestaw-mebli-tullio-czarny-grafit-captains-deck-elegancka-mebloscianka-do-salonu-o-ciekawej-stylistyce-uchwyty-krawedziowe\/"},"modified":"2026-02-11T18:01:49","modified_gmt":"2026-02-11T15:01:49","slug":"zestaw-mebli-tullio-czarny-grafit-captains-deck-elegancka-mebloscianka-do-salonu-o-ciekawej-stylistyce-uchwyty-krawedziowe","status":"publish","type":"product","link":"https:\/\/baldumarket.lt\/lt\/product\/zestaw-mebli-tullio-czarny-grafit-captains-deck-elegancka-mebloscianka-do-salonu-o-ciekawej-stylistyce-uchwyty-krawedziowe\/","title":{"rendered":"\u201eTullio\u201c bald\u0173 komplektas, juodo grafito \/ kapitono denio spalvos, eleganti\u0161ka sienin\u0117 spintel\u0117 svetainei su \u012fdomiomis ranken\u0117l\u0117mis"},"content":{"rendered":"<p>Grafito juodumo \/ kapitono denio spalvos \u201eTulio\u201c bald\u0173 komplektas \u2013 puikus pasirinkimas modernaus dekoro m\u0117g\u0117jams.<br \/>\n\u201eTullio\u201c kolekcijos baldai prad\u017eiugins visus rafinuoto i\u0161d\u0117stymo m\u0117g\u0117jus. Baldams b\u016bdingi u\u017eapvalinti stalvir\u0161iai, i\u0161siki\u0161\u0119 u\u017e priekini\u0173 linij\u0173, ir unikalus med\u017eio ra\u0161tas, sukuriantis unikali\u0105 atmosfer\u0105 bet kuriame interjere. Stilinga grafito juoda spalva harmoningai dera su malonia kapitono denio atspalvio med\u017eio ruda spalva, suteikdama baldams unikali\u0105 i\u0161vaizd\u0105 ir kontrast\u0105. \u0160is spalv\u0173 derinys puikiai atspindi prabang\u0173 sienin\u0117s spintel\u0117s charakter\u012f. Juodi metaliniai aksesuarai suteikia bald\u0173 kompozicijai vientisumo ir minimalistikos.<br \/>\nEleganti\u0161kos juodos ranken\u0117l\u0117s su kra\u0161tais suteikia sienini\u0173 spinteli\u0173 fasadams unikal\u0173 apdailos akcent\u0105. Baldo konstrukcij\u0105 laiko auk\u0161tos, 20 cm metalin\u0117s kojel\u0117s, suteikian\u010dios baldams vizualinio lengvumo, ta\u010diau i\u0161laikan\u010dios prakti\u0161kum\u0105. Svetain\u0117s sienin\u0117 spintel\u0117 pagaminta i\u0161 auk\u0161tos kokyb\u0117s, 16 mm storio laminuotos plok\u0161t\u0117s, kuri yra atspari i\u0161oriniams veiksniams, tokiems kaip \u012flenkimai, sm\u016bgiai ir \u012fbr\u0117\u017eimai.<br \/>\n\u201eTullio\u201c baldai derina skandinavi\u0161ko stiliaus formas su klasikin\u0117mis spalv\u0173 gamomis.<br \/>\nStandartin\u0117s savyb\u0117s apima \u0161velnaus u\u017edarymo vyrius. \u0160i sistema padidina naudojimo komfort\u0105. \u0160ilta ruda \u201eCaptain&#039;s Deck\u201c med\u017eio spalva papildys rafinuot\u0105 interjer\u0105, tod\u0117l \u201eTullio\u201c baldai puikiai tinka eleganti\u0161kai apdailintai svetainei arba klasikinio stiliaus svetainei. Bald\u0173 komplekt\u0105 sudaro:<br \/>\nkomoda<br \/>\nauk\u0161tis: 80 cm<br \/>\nplotis: 150 cm<br \/>\ngylis: 41 cm<br \/>\nvitrina<br \/>\nauk\u0161tis: 140 cm<br \/>\nplotis: 90 cm<br \/>\ngylis: 41 cm<br \/>\nTV staliukas<br \/>\nauk\u0161tis: 60 cm<br \/>\nplotis: 150 cm<br \/>\ngylis: 41 cm<br \/>\nknyg\u0173 lentyna<br \/>\nauk\u0161tis: 190 cm<br \/>\nplotis: 70 cm<br \/>\ngylis: 41 cm<br \/>\nkavos staliukas<br \/>\nauk\u0161tis: 40 cm<br \/>\nplotis: 100 cm<br \/>\ngylis: 57 cm<\/p>","protected":false},"excerpt":{"rendered":"<p>\u201eTulio\u201c bald\u0173 komplektas grafito juodumo \/ kapitono denio spalvos \u2013 tai bald\u0173 pasirinkimas modernaus dekoro m\u0117g\u0117jams. \u201eTulio\u201c kolekcijos baldai prad\u017eiugins visus rafinuoto i\u0161d\u0117stymo m\u0117g\u0117jus. Baldams b\u016bdingi apval\u016bs stalvir\u0161iai, i\u0161siki\u0161\u0119 u\u017e priekin\u0117s linijos, ir unikalus med\u017eio ra\u0161tas, sukuriantis unikali\u0105 atmosfer\u0105 bet kuriame interjere. [\u2026]<\/p>","protected":false},"featured_media":328165,"comment_status":"open","ping_status":"open","template":"","meta":[],"product_brand":[],"product_cat":[9235,2008],"product_tag":[],"class_list":{"0":"post-328164","1":"product","2":"type-product","3":"status-publish","4":"has-post-thumbnail","6":"product_cat-gib-meble","7":"product_cat-wall-units","9":"first","10":"instock","11":"purchasable","12":"product-type-simple"},"_links":{"self":[{"href":"https:\/\/baldumarket.lt\/lt\/wp-json\/wp\/v2\/product\/328164","targetHints":{"allow":["GET"]}}],"collection":[{"href":"https:\/\/baldumarket.lt\/lt\/wp-json\/wp\/v2\/product"}],"about":[{"href":"https:\/\/baldumarket.lt\/lt\/wp-json\/wp\/v2\/types\/product"}],"replies":[{"embeddable":true,"href":"https:\/\/baldumarket.lt\/lt\/wp-json\/wp\/v2\/comments?post=328164"}],"wp:featuredmedia":[{"embeddable":true,"href":"https:\/\/baldumarket.lt\/lt\/wp-json\/wp\/v2\/media\/328165"}],"wp:attachment":[{"href":"https:\/\/baldumarket.lt\/lt\/wp-json\/wp\/v2\/media?parent=328164"}],"wp:term":[{"taxonomy":"product_brand","embeddable":true,"href":"https:\/\/baldumarket.lt\/lt\/wp-json\/wp\/v2\/product_brand?post=328164"},{"taxonomy":"product_cat","embeddable":true,"href":"https:\/\/baldumarket.lt\/lt\/wp-json\/wp\/v2\/product_cat?post=328164"},{"taxonomy":"product_tag","embeddable":true,"href":"https:\/\/baldumarket.lt\/lt\/wp-json\/wp\/v2\/product_tag?post=328164"}],"curies":[{"name":"wp","href":"https:\/\/api.w.org\/{rel}","templated":true}]}}