{"id":328150,"date":"2026-01-16T22:24:42","date_gmt":"2026-01-16T19:24:42","guid":{"rendered":"https:\/\/baldumarket.lt\/product\/mebloscianka-nevea-czarny-grafit-eleganckie-meble-do-salonu-o-wyrazistej-kolorystyce-bezuchwytowe-bryly-wzbogacone-designerskim-obrzezem\/"},"modified":"2026-02-11T18:01:49","modified_gmt":"2026-02-11T15:01:49","slug":"mebloscianka-nevea-czarny-grafit-eleganckie-meble-do-salonu-o-wyrazistej-kolorystyce-bezuchwytowe-bryly-wzbogacone-designerskim-obrzezem","status":"publish","type":"product","link":"https:\/\/baldumarket.lt\/lt\/product\/mebloscianka-nevea-czarny-grafit-eleganckie-meble-do-salonu-o-wyrazistej-kolorystyce-bezuchwytowe-bryly-wzbogacone-designerskim-obrzezem\/","title":{"rendered":"Nevea sienin\u0117 spintel\u0117 juodo grafito spalvos eleganti\u0161ki svetain\u0117s baldai su i\u0161rai\u0161kingomis spalvomis ir formomis be ranken\u0117li\u0173, praturtintomis dizainerio brai\u017eu"},"content":{"rendered":"<p>Juodos grafito spalvos \u201eNevea\u201c sienin\u0117 spintel\u0117 \u2013 puikus pasirinkimas modernaus dekoro m\u0117g\u0117jams.<br \/>\n\u201eNevea\u201c kolekcijos baldai pasi\u017eymi eleganti\u0161ku dizainu ir pla\u010diu funkcionalumu. Paprast\u0105 form\u0105 pabr\u0117\u017eia ry\u0161ki grafito spalv\u0173 gama. Unikali spalv\u0173 gama pabr\u0117\u017eia sienin\u0117s spintel\u0117s rafinuotum\u0105 ir elegancij\u0105 bei papildo bet kok\u012f stili\u0173, suteikdama harmonijos ir unikalumo. Formos be ranken\u0117li\u0173 praturtintos originaliu auksiniu apvadu, kuris patraukia d\u0117mes\u012f ir suteikia sieninei spintelei unikali\u0105 puo\u0161men\u0105. \u201eNevea\u201c baldai stilingai u\u017ebaigs kambar\u012f ir suteiks jam i\u0161skirtinai modern\u0173 charakter\u012f. Baldo konstrukcij\u0105 laiko auk\u0161tos, aukso spalvos metalin\u0117s kojel\u0117s, suteikian\u010dios baldams vizualinio lengvumo, kartu i\u0161laikant prakti\u0161kum\u0105. Komodos ir televizoriaus staliuko durel\u0117ms atidaryti naudojama funkcionali, be ranken\u0117li\u0173 veikianti atidarymo spustel\u0117jus sistema. Sienin\u0117 spintel\u0117 pagaminta i\u0161 auk\u0161tos kokyb\u0117s laminuotos plok\u0161t\u0117s, kuri yra atspari i\u0161oriniams veiksniams, tokiems kaip \u012flenkimai, sm\u016bgiai ir \u012fbr\u0117\u017eimai.<br \/>\n\u201eTullio\u201c baldai derina skandinavi\u0161ko stiliaus formas su moderniomis spalv\u0173 gamomis.<br \/>\nStandartin\u0117s savyb\u0117s apima \u0161velnaus u\u017edarymo vyrius. \u0160i sistema padidina naudojimo komfort\u0105. Madingi grafito atspalviai papildys rafinuot\u0105 interjer\u0105, tod\u0117l \u201eNevea\u201c baldai puikiai tinka kaip eleganti\u0161ka svetain\u0117s sienin\u0117 spintel\u0117 arba kaip sienin\u0117 spintel\u0117 moderniam ar skandinavi\u0161ko stiliaus svetainei.<br \/>\nSien\u0173 blok\u0173 komplekt\u0105 sudaro:<br \/>\nTelevizoriaus blokas<br \/>\nAuk\u0161tis: 50 cm<br \/>\nPlotis: 150 cm<br \/>\nGylis: 40 cm<br \/>\nKomoda<br \/>\nAuk\u0161tis: 80 cm<br \/>\nPlotis: 150 cm<br \/>\nGylis: 40 cm<\/p>","protected":false},"excerpt":{"rendered":"<p>plotis: 300 cm<br \/>\nauk\u0161tis: 80 cm<br \/>\ngylis: 40 cm<\/p>","protected":false},"featured_media":328151,"comment_status":"open","ping_status":"open","template":"","meta":[],"product_brand":[],"product_cat":[9235,2008],"product_tag":[],"class_list":{"0":"post-328150","1":"product","2":"type-product","3":"status-publish","4":"has-post-thumbnail","6":"product_cat-gib-meble","7":"product_cat-wall-units","9":"first","10":"instock","11":"purchasable","12":"product-type-simple"},"_links":{"self":[{"href":"https:\/\/baldumarket.lt\/lt\/wp-json\/wp\/v2\/product\/328150","targetHints":{"allow":["GET"]}}],"collection":[{"href":"https:\/\/baldumarket.lt\/lt\/wp-json\/wp\/v2\/product"}],"about":[{"href":"https:\/\/baldumarket.lt\/lt\/wp-json\/wp\/v2\/types\/product"}],"replies":[{"embeddable":true,"href":"https:\/\/baldumarket.lt\/lt\/wp-json\/wp\/v2\/comments?post=328150"}],"wp:featuredmedia":[{"embeddable":true,"href":"https:\/\/baldumarket.lt\/lt\/wp-json\/wp\/v2\/media\/328151"}],"wp:attachment":[{"href":"https:\/\/baldumarket.lt\/lt\/wp-json\/wp\/v2\/media?parent=328150"}],"wp:term":[{"taxonomy":"product_brand","embeddable":true,"href":"https:\/\/baldumarket.lt\/lt\/wp-json\/wp\/v2\/product_brand?post=328150"},{"taxonomy":"product_cat","embeddable":true,"href":"https:\/\/baldumarket.lt\/lt\/wp-json\/wp\/v2\/product_cat?post=328150"},{"taxonomy":"product_tag","embeddable":true,"href":"https:\/\/baldumarket.lt\/lt\/wp-json\/wp\/v2\/product_tag?post=328150"}],"curies":[{"name":"wp","href":"https:\/\/api.w.org\/{rel}","templated":true}]}}