{"id":328136,"date":"2026-01-16T22:24:31","date_gmt":"2026-01-16T19:24:31","guid":{"rendered":"https:\/\/baldumarket.lt\/product\/zestaw-mebli-tutti-czarny-prosta-forma-mebloscianki-bryly-wsparte-na-metalowej-czarnej-podstawie-bezuchwytowy-system-push-to-open\/"},"modified":"2026-02-11T18:01:49","modified_gmt":"2026-02-11T15:01:49","slug":"zestaw-mebli-tutti-czarny-prosta-forma-mebloscianki-bryly-wsparte-na-metalowej-czarnej-podstawie-bezuchwytowy-system-push-to-open","status":"publish","type":"product","link":"https:\/\/baldumarket.lt\/lt\/product\/zestaw-mebli-tutti-czarny-prosta-forma-mebloscianki-bryly-wsparte-na-metalowej-czarnej-podstawie-bezuchwytowy-system-push-to-open\/","title":{"rendered":"Tutti bald\u0173 komplektas, juodas, paprastos formos, sienin\u0117 spintel\u0117, tvirti elementai ant juodo metalo pagrindo, atidarymo stumiant sistema be ranken\u0117li\u0173"},"content":{"rendered":"<p>Juodas bald\u0173 komplektas \u201eTutti\u201c yra stilingas, pasi\u017eymi minimalistiniu dizainu.<br \/>\n\u201eTutti\u201c kolekcijos baldai \u2013 tai \u017eavus geometrini\u0173 form\u0173 ir ry\u0161ki\u0173 spalv\u0173 derinys. Lygus, be ranken\u0117li\u0173 fasad\u0173 pavir\u0161ius suteikia sienin\u0117s spintel\u0117s kompozicijai darnumo ir minimalistikos. Lieknos metalin\u0117s kojel\u0117s suteikia lengvumo ir kartu sukuria \u012fdom\u0173 kontrast\u0105 su masyviomis bald\u0173 komplekto formomis. \u201eTutti\u201c kolekcijos baldai puikiai tinka svetain\u0117ms, miegamiesiems ir net koridoriams, suteikdami erdvei elegancijos ir modernumo.<br \/>\nSienin\u0117 spintel\u0117 pagaminta i\u0161 auk\u0161tos kokyb\u0117s 16 mm laminuotos plok\u0161t\u0117s, kuri yra atspari i\u0161oriniams veiksniams, tokiems kaip \u012flenkimai, sm\u016bgiai ir \u012fbr\u0117\u017eimai. Papildomas bald\u0173 privalumas \u2013 be ranken\u0117li\u0173 veikianti dureli\u0173 ir stal\u010di\u0173 atidarymo sistema, kuri\u0105 galima atidaryti spustel\u0117jus. Tiksli apdaila ir d\u0117mesys detal\u0117ms u\u017etikrina, kad \u201eTutti\u201c svetain\u0117s sienin\u0117 spintel\u0117 daugel\u012f met\u0173 i\u0161laikys gra\u017ei\u0105 i\u0161vaizd\u0105 nepakenkdama savo funkcionalumui.<br \/>\n\u201eTutti\u201c baldams b\u016bdingos paprastos formos, kurios sukuria modernius, ta\u010diau labai eleganti\u0161kus i\u0161d\u0117stymus.<br \/>\n\u201eTutti\u201c svetain\u0117s baldai buvo sukurti atsi\u017evelgiant \u012f funkcionalum\u0105 ir prakti\u0161kum\u0105, si\u016blant daug vietos daiktams susid\u0117ti. Vitrinos stiklinis priekis leid\u017eia demonstruoti svetain\u0117s aksesuarus. Televizoriaus spintel\u0117s centre esanti ni\u0161a puikiai tinka televizoriaus \u012frangai ar \u017eaidim\u0173 konsolei susid\u0117ti. Nesenstanti juoda spalva puikiai dera su kitomis spalvomis, tod\u0117l \u201eTutti\u201c baldai yra puiki svetain\u0117s spintel\u0117 arba tiesiog spintel\u0117.<br \/>\n\u201eTutti\u201c sienin\u0119 spintel\u0119 galima ap\u0161viesti LED \u0161viestuvais, kuriuos galite \u012fsigyti m\u016bs\u0173 parduotuv\u0117je.<br \/>\nBald\u0173 komplekt\u0105 sudaro:<br \/>\nvitrina<br \/>\nauk\u0161tis: 190 cm<br \/>\nplotis: 70 cm<br \/>\ngylis: 41 cm<br \/>\nTV staliukas<br \/>\nauk\u0161tis: 50 cm<br \/>\nplotis: 150 cm<br \/>\ngylis: 41 cm<br \/>\nlentyna su stal\u010diumi<br \/>\nauk\u0161tis: 140 cm<br \/>\nplotis: 70 cm<br \/>\ngylis: 41 cm<br \/>\nprie sienos tvirtinama spintel\u0117<br \/>\nauk\u0161tis: 30 cm<br \/>\nplotis: 135 cm<br \/>\ngylis: 30 cm<br \/>\nkomoda<br \/>\nauk\u0161tis: 80 cm<br \/>\nplotis: 150 cm<br \/>\ngylis: 41 cm<br \/>\nkavos staliukas<br \/>\nauk\u0161tis: 47 cm<br \/>\nplotis: 100 cm<br \/>\ngylis: 60 cm<\/p>","protected":false},"excerpt":{"rendered":"<p>The Tutti black furniture set is stylish, characterized by a minimalist design. The furniture from the Tutti collection is a delightful combination of geometric forms and bold colors. The smooth, handleless finish of the fronts makes the wall unit&#8217;s composition cohesive, minimalistic. Slender metal legs add lightness while creating an interesting contrast to the massive [&hellip;]<\/p>","protected":false},"featured_media":328137,"comment_status":"open","ping_status":"open","template":"","meta":[],"product_brand":[],"product_cat":[9235,2008],"product_tag":[],"class_list":{"0":"post-328136","1":"product","2":"type-product","3":"status-publish","4":"has-post-thumbnail","6":"product_cat-gib-meble","7":"product_cat-wall-units","9":"first","10":"instock","11":"purchasable","12":"product-type-simple"},"_links":{"self":[{"href":"https:\/\/baldumarket.lt\/lt\/wp-json\/wp\/v2\/product\/328136","targetHints":{"allow":["GET"]}}],"collection":[{"href":"https:\/\/baldumarket.lt\/lt\/wp-json\/wp\/v2\/product"}],"about":[{"href":"https:\/\/baldumarket.lt\/lt\/wp-json\/wp\/v2\/types\/product"}],"replies":[{"embeddable":true,"href":"https:\/\/baldumarket.lt\/lt\/wp-json\/wp\/v2\/comments?post=328136"}],"wp:featuredmedia":[{"embeddable":true,"href":"https:\/\/baldumarket.lt\/lt\/wp-json\/wp\/v2\/media\/328137"}],"wp:attachment":[{"href":"https:\/\/baldumarket.lt\/lt\/wp-json\/wp\/v2\/media?parent=328136"}],"wp:term":[{"taxonomy":"product_brand","embeddable":true,"href":"https:\/\/baldumarket.lt\/lt\/wp-json\/wp\/v2\/product_brand?post=328136"},{"taxonomy":"product_cat","embeddable":true,"href":"https:\/\/baldumarket.lt\/lt\/wp-json\/wp\/v2\/product_cat?post=328136"},{"taxonomy":"product_tag","embeddable":true,"href":"https:\/\/baldumarket.lt\/lt\/wp-json\/wp\/v2\/product_tag?post=328136"}],"curies":[{"name":"wp","href":"https:\/\/api.w.org\/{rel}","templated":true}]}}