{"id":328122,"date":"2026-01-16T22:24:21","date_gmt":"2026-01-16T19:24:21","guid":{"rendered":"https:\/\/baldumarket.lt\/product\/mebloscianka-apulia-bezowa-wyjatkowo-stylowa-mebloscianka-proste-bryly-wpisujace-sie-w-kazde-wnetrze\/"},"modified":"2026-02-11T18:01:49","modified_gmt":"2026-02-11T15:01:49","slug":"mebloscianka-apulia-bezowa-wyjatkowo-stylowa-mebloscianka-proste-bryly-wpisujace-sie-w-kazde-wnetrze","status":"publish","type":"product","link":"https:\/\/baldumarket.lt\/lt\/product\/mebloscianka-apulia-bezowa-wyjatkowo-stylowa-mebloscianka-proste-bryly-wpisujace-sie-w-kazde-wnetrze\/","title":{"rendered":"\u201eApulia\u201c sm\u0117lio spalvos sienin\u0117 spintel\u0117 \u2013 i\u0161skirtinai stilinga, paprast\u0173 form\u0173 spintel\u0117, tinkanti bet kokiam interjerui"},"content":{"rendered":"<p>Sm\u0117lio spalvos \u201eApulia\u201c sienin\u0117 spintel\u0117 pasi\u017eymi moderniu dizainu, kuris suteiks j\u016bs\u0173 interjerui stiling\u0105 akcent\u0105.<br \/>\n\u201eApulia\u201c kolekcijos baldai pasi\u017eymi madingu, moderniu stiliumi. Paprastos geometrin\u0117s formos sukuria harmoning\u0105 ir unikal\u0173 interjer\u0105. Madingo ka\u0161myro atspalvio sienin\u0117 spintel\u0117 praskaidrins kambar\u012f ir sukurs jauki\u0105 atmosfer\u0105. Sienin\u0117 spintel\u0117 suteiks kambariui stiling\u0105 apdailos akcent\u0105, suteikdama jam modernumo ir unikalumo. \u201eApulia\u201c baldai sukuria original\u0173 ir unikal\u0173 dekor\u0105.<br \/>\nVitrinos su stikliniais fasadais leid\u017eia demonstruoti svetain\u0117s aksesuarus. Erdviose televizoriaus spintel\u0117se tilps visi j\u016bs\u0173 aksesuarai ir buitin\u0117 technika. Subtiliai vir\u0161 stalvir\u0161io i\u0161siki\u0161usios priekin\u0117s dalys taip pat atlieka ranken\u0173 funkcij\u0105. Papildomas televizoriaus spintel\u0117s privalumas \u2013 galimyb\u0117 pasirinkti pastatymo b\u016bd\u0105. Televizoriaus staliuk\u0105 galima pakabinti ant sienos. D\u0117l pridedam\u0173 plastikini\u0173 kojeli\u0173 televizoriaus staliukas gali greitai tapti laisvai stovin\u010diu baldu.<br \/>\nApulijos baldai pasi\u017eymi paprastomis formomis, kurios sukuria modernius, ta\u010diau labai eleganti\u0161kus i\u0161d\u0117stymus.<br \/>\nSienin\u0117 spintel\u0117 pagaminta i\u0161 auk\u0161tos kokyb\u0117s laminuotos plok\u0161t\u0117s, kuri yra atspari i\u0161oriniams veiksniams, tokiems kaip \u012flenkimai, sm\u016bgiai ir \u012fbr\u0117\u017eimai. \u201eApulia\u201c baldai garantuoja nepriekai\u0161ting\u0105 naudojim\u0105 ir visos sienin\u0117s spintel\u0117s patvarum\u0105 daugel\u012f met\u0173. Madingas ka\u0161myro sm\u0117lio spalvos atspalvis puikiai dera su kitomis spalvomis, tod\u0117l \u201eApulia\u201c baldai yra puiki sienin\u0117 spintel\u0117 svetainei ar miegamajam.<br \/>\n\u201eApulia\u201c sienin\u0119 spintel\u0119 galima ap\u0161viesti LED \u0161viestuvais, kuriuos galite \u012fsigyti m\u016bs\u0173 parduotuv\u0117je.<br \/>\nSienin\u012f blok\u0105 sudaro:<br \/>\ndvi pakabinamos lentynos<br \/>\nauk\u0161tis: 35 cm<br \/>\nplotis: 105 cm<br \/>\ngylis: 32 cm<br \/>\ndvi pakabinamos vitrinos<br \/>\n\u016bgis: 117 cm<br \/>\nplotis: 45 cm<br \/>\ngylis: 32 cm<br \/>\ndvi televizoriaus spintel\u0117s<br \/>\nauk\u0161tis: 37 cm<br \/>\nplotis: 150 cm<br \/>\ngylis: 43 cm<\/p>","protected":false},"excerpt":{"rendered":"<p>plotis: 300 cm<br \/>\n\u016bgis: 154 cm<\/p>","protected":false},"featured_media":328123,"comment_status":"open","ping_status":"open","template":"","meta":[],"product_brand":[],"product_cat":[9235,2008],"product_tag":[],"class_list":{"0":"post-328122","1":"product","2":"type-product","3":"status-publish","4":"has-post-thumbnail","6":"product_cat-gib-meble","7":"product_cat-wall-units","9":"first","10":"instock","11":"purchasable","12":"product-type-simple"},"_links":{"self":[{"href":"https:\/\/baldumarket.lt\/lt\/wp-json\/wp\/v2\/product\/328122","targetHints":{"allow":["GET"]}}],"collection":[{"href":"https:\/\/baldumarket.lt\/lt\/wp-json\/wp\/v2\/product"}],"about":[{"href":"https:\/\/baldumarket.lt\/lt\/wp-json\/wp\/v2\/types\/product"}],"replies":[{"embeddable":true,"href":"https:\/\/baldumarket.lt\/lt\/wp-json\/wp\/v2\/comments?post=328122"}],"wp:featuredmedia":[{"embeddable":true,"href":"https:\/\/baldumarket.lt\/lt\/wp-json\/wp\/v2\/media\/328123"}],"wp:attachment":[{"href":"https:\/\/baldumarket.lt\/lt\/wp-json\/wp\/v2\/media?parent=328122"}],"wp:term":[{"taxonomy":"product_brand","embeddable":true,"href":"https:\/\/baldumarket.lt\/lt\/wp-json\/wp\/v2\/product_brand?post=328122"},{"taxonomy":"product_cat","embeddable":true,"href":"https:\/\/baldumarket.lt\/lt\/wp-json\/wp\/v2\/product_cat?post=328122"},{"taxonomy":"product_tag","embeddable":true,"href":"https:\/\/baldumarket.lt\/lt\/wp-json\/wp\/v2\/product_tag?post=328122"}],"curies":[{"name":"wp","href":"https:\/\/api.w.org\/{rel}","templated":true}]}}