{"id":328040,"date":"2026-01-16T22:23:18","date_gmt":"2026-01-16T19:23:18","guid":{"rendered":"https:\/\/baldumarket.lt\/product\/zestaw-mebli-denver-dab-monastery-czarny-polysk-prosta-forma-w-nowoczesnym-wydaniu-doskonale-meble-do-salonu-trwale-metalowe-uchwyty\/"},"modified":"2026-02-11T18:01:50","modified_gmt":"2026-02-11T15:01:50","slug":"zestaw-mebli-denver-dab-monastery-czarny-polysk-prosta-forma-w-nowoczesnym-wydaniu-doskonale-meble-do-salonu-trwale-metalowe-uchwyty","status":"publish","type":"product","link":"https:\/\/baldumarket.lt\/lt\/product\/zestaw-mebli-denver-dab-monastery-czarny-polysk-prosta-forma-w-nowoczesnym-wydaniu-doskonale-meble-do-salonu-trwale-metalowe-uchwyty\/","title":{"rendered":"Denverio vienuolyno \u0105\u017euolo \/ blizgios juodos spalvos bald\u0173 komplektas, paprastos formos, modernus, tobulas svetain\u0117s baldas, patvarios metalin\u0117s rankenos"},"content":{"rendered":"<p>\u201eDenver\u201c bald\u0173 komplektas \u201eMonastery Oak\/Black\u201c spalvos \u2013 paprastas, ta\u010diau stilingas ir modernus baldas.<br \/>\n\u201eDenver\u201c kolekcijos baldai \u2013 idealus pasirinkimas vertinantiems klasikin\u012f i\u0161d\u0117stym\u0105. Madingos spalvos ir kruop\u0161ti sienin\u0117s spintel\u0117s apdaila suteiks interjerui elegancijos ir estetinio patrauklumo. I\u0161skirtiniai \u0161io svetain\u0117s baldo elementai \u2013 blizg\u016bs juodi \u012fd\u0117klai, sukuriantys trimat\u012f efekt\u0105. Stilingos ranken\u0117l\u0117s su kra\u0161tais suteikia bald\u0173 komplektui i\u0161ties \u012fsp\u016bding\u0105 i\u0161vaizd\u0105. \u201eDenver\u201c sienin\u0117 spintel\u0117 \u2013 universalus baldas, kuris puikiai papildys svetain\u0117s, miegamojo, jaunimo kambario ar net prie\u0161kambario estetik\u0105, suteikdamas erdvei elegancijos ir modernaus stiliaus.<br \/>\nBaldai pagaminti i\u0161 auk\u0161tos kokyb\u0117s laminuotos plok\u0161t\u0117s, kuri yra atspari i\u0161oriniams veiksniams, tokiems kaip \u012flenkimai, sm\u016bgiai ir \u012fbr\u0117\u017eimai. Metalin\u0117s spinteli\u0173 ir stal\u010di\u0173 rankenos pasi\u017eymi dideliu patvarumu ir tvirtumu. Tiksli apdaila ir d\u0117mesys detal\u0117ms u\u017etikrina, kad \u201eDenver\u201c svetain\u0117s bald\u0173 komplektas daugel\u012f met\u0173 i\u0161laikys gra\u017ei\u0105 i\u0161vaizd\u0105 nepakenkdamas funkcionalumui.<br \/>\nDenverio baldai buvo sukurti tiems, kurie vertina modern\u0173 bald\u0173 dizain\u0105 ir patogum\u0105 kasdienio naudojimo metu.<br \/>\n\u201eDenver\u201c svetain\u0117s spintel\u0117 buvo sukurta atsi\u017evelgiant \u012f funkcionalum\u0105 ir patogum\u0105 naudoti, si\u016blant daug vietos daiktams susid\u0117ti. Kontrastingos ir i\u0161rai\u0161kingos spalvos papildys klasikin\u012f interjer\u0105, tod\u0117l \u201eDenver\u201c baldai puikiai tiks prie svetain\u0117s ar miegamojo spintel\u0117s.<br \/>\nDenverio bald\u0173 komplekt\u0105 galima ap\u0161viesti LED \u0161viestuvais, kuriuos galite \u012fsigyti m\u016bs\u0173 parduotuv\u0117je.<br \/>\nSienin\u012f blok\u0105 sudaro:<br \/>\nlentyna<br \/>\nauk\u0161tis: 200 cm<br \/>\nplotis: 80 cm<br \/>\ngylis: 40 cm<br \/>\ndvi televizoriaus spintel\u0117s<br \/>\nauk\u0161tis: 46 cm<br \/>\nplotis: 90 cm<br \/>\ngylis: 40 cm<br \/>\nvitrina<br \/>\nauk\u0161tis: 200 cm<br \/>\nplotis: 50 cm<br \/>\ngylis: 40 cm<br \/>\nkavos staliukas<br \/>\nauk\u0161tis: 46 cm<br \/>\nplotis: 120 cm<br \/>\ngylis: 65 cm<\/p>","protected":false},"excerpt":{"rendered":"<p>\u201eDenver\u201c bald\u0173 komplektas \u201eMonastery Oak\/Black\u201c spalvos \u2013 tai paprastas, ta\u010diau stilingas ir modernus baldas. \u201eDenver\u201c kolekcijos baldai \u2013 idealus pasirinkimas tiems, kurie vertina klasikin\u012f i\u0161d\u0117stym\u0105. Madingos spalvos ir kruop\u0161ti sienin\u0117s spintel\u0117s apdaila suteiks interjerui elegancijos ir estetinio patrauklumo. I\u0161skirtiniai \u0161io komplekto elementai [\u2026]<\/p>","protected":false},"featured_media":328041,"comment_status":"open","ping_status":"open","template":"","meta":[],"product_brand":[],"product_cat":[9235,2008],"product_tag":[],"class_list":{"0":"post-328040","1":"product","2":"type-product","3":"status-publish","4":"has-post-thumbnail","6":"product_cat-gib-meble","7":"product_cat-wall-units","9":"first","10":"instock","11":"purchasable","12":"product-type-simple"},"_links":{"self":[{"href":"https:\/\/baldumarket.lt\/lt\/wp-json\/wp\/v2\/product\/328040","targetHints":{"allow":["GET"]}}],"collection":[{"href":"https:\/\/baldumarket.lt\/lt\/wp-json\/wp\/v2\/product"}],"about":[{"href":"https:\/\/baldumarket.lt\/lt\/wp-json\/wp\/v2\/types\/product"}],"replies":[{"embeddable":true,"href":"https:\/\/baldumarket.lt\/lt\/wp-json\/wp\/v2\/comments?post=328040"}],"wp:featuredmedia":[{"embeddable":true,"href":"https:\/\/baldumarket.lt\/lt\/wp-json\/wp\/v2\/media\/328041"}],"wp:attachment":[{"href":"https:\/\/baldumarket.lt\/lt\/wp-json\/wp\/v2\/media?parent=328040"}],"wp:term":[{"taxonomy":"product_brand","embeddable":true,"href":"https:\/\/baldumarket.lt\/lt\/wp-json\/wp\/v2\/product_brand?post=328040"},{"taxonomy":"product_cat","embeddable":true,"href":"https:\/\/baldumarket.lt\/lt\/wp-json\/wp\/v2\/product_cat?post=328040"},{"taxonomy":"product_tag","embeddable":true,"href":"https:\/\/baldumarket.lt\/lt\/wp-json\/wp\/v2\/product_tag?post=328040"}],"curies":[{"name":"wp","href":"https:\/\/api.w.org\/{rel}","templated":true}]}}