{"id":328033,"date":"2026-01-16T22:23:12","date_gmt":"2026-01-16T19:23:12","guid":{"rendered":"https:\/\/baldumarket.lt\/product\/zestaw-mebli-do-sypialni-denver-dab-monastery-czarny-polysk-ponadczasowy-design-komplet-mebli-do-sypialni-wysoka-jakosc-wykonania\/"},"modified":"2026-02-11T18:01:50","modified_gmt":"2026-02-11T15:01:50","slug":"zestaw-mebli-do-sypialni-denver-dab-monastery-czarny-polysk-ponadczasowy-design-komplet-mebli-do-sypialni-wysoka-jakosc-wykonania","status":"publish","type":"product","link":"https:\/\/baldumarket.lt\/lt\/product\/zestaw-mebli-do-sypialni-denver-dab-monastery-czarny-polysk-ponadczasowy-design-komplet-mebli-do-sypialni-wysoka-jakosc-wykonania\/","title":{"rendered":"Denverio vienuolyno \u0105\u017euolo \/ juodo blizgaus miegamojo komplektas. Nesenstan\u010dio dizaino auk\u0161tos kokyb\u0117s miegamojo bald\u0173 komplektas"},"content":{"rendered":"<p>\u201eDenver\u201c miegamojo bald\u0173 komplektas \u201eMonastery Oak\/Black\u201c spalvos \u2013 paprastas, ta\u010diau stilingas ir modernus baldas.<br \/>\n\u201eDenver\u201c miegamojo bald\u0173 komplektas \u2013 puikus pasirinkimas tiems, kurie vertina klasikin\u012f interjer\u0105. Madingos spalvos ir kruop\u0161ti bald\u0173 apdaila suteiks interjerui elegancijos ir estetinio patrauklumo. I\u0161skirtiniai \u0161i\u0173 miegamojo bald\u0173 elementai \u2013 blizg\u016bs juodi \u012fd\u0117klai, sukuriantys trimat\u012f efekt\u0105. Stilingos ranken\u0117l\u0117s su kra\u0161tais suteikia baldams i\u0161ties \u012fsp\u016bding\u0105 i\u0161vaizd\u0105. \u201eDenver\u201c baldai \u2013 tai universalus baldas, kuris puikiai papildys svetain\u0117s, miegamojo, jaunimo kambario ar net prie\u0161kambario estetik\u0105, suteikdamas erdvei elegancijos ir modernaus stiliaus.<br \/>\nBaldai pagaminti i\u0161 auk\u0161tos kokyb\u0117s laminuotos plok\u0161t\u0117s, kuri yra atspari i\u0161oriniams veiksniams, tokiems kaip \u012flenkimai, sm\u016bgiai ir \u012fbr\u0117\u017eimai. Metalin\u0117s spinteli\u0173 ir stal\u010di\u0173 rankenos pasi\u017eymi dideliu patvarumu ir tvirtumu. Tiksli apdaila ir d\u0117mesys detal\u0117ms u\u017etikrina, kad \u201eDenver\u201c miegamojo bald\u0173 komplektas daugel\u012f met\u0173 i\u0161laikys gra\u017ei\u0105 i\u0161vaizd\u0105 nepakenkdamas funkcionalumui. Lova turi stabil\u0173 metalin\u012f r\u0117m\u0105 ir prakti\u0161k\u0105 patalyn\u0117s skyri\u0173.<br \/>\nDenverio baldai buvo sukurti tiems, kurie vertina modernius baldus ir patogum\u0105 kasdienio naudojimo metu.<br \/>\n\u201eDenver\u201c miegamojo bald\u0173 komplektas yra funkcionalus ir prakti\u0161kas, jame yra daug vietos daiktams susid\u0117ti. Kontrastingos ir i\u0161rai\u0161kingos spalvos puikiai papildys klasikin\u012f interjer\u0105, tod\u0117l \u201eDenver\u201c baldai puikiai papildys miegamojo ar jaunimo kambar\u012f. Bald\u0173 komplekt\u0105 sudaro:<br \/>\nstumdoma spinta<br \/>\nauk\u0161tis: 215 cm<br \/>\nplotis: 150 cm<br \/>\ngylis: 68,5 cm<br \/>\ndu naktiniai staleliai<br \/>\nauk\u0161tis: 46 cm<br \/>\nplotis: 46,5 cm<br \/>\ngylis: 40 cm<br \/>\nlova su patalyn\u0117s saugykla<br \/>\nauk\u0161tis: 105 cm<br \/>\nplotis: 182 cm<br \/>\nilgis: 213,5 cm<br \/>\nMiegamoji erdv\u0117: 160 \u00d7 200 cm<br \/>\nkomoda<br \/>\nauk\u0161tis: 90 cm<br \/>\nplotis: 135 cm<br \/>\ngylis: 40 cm<br \/>\nPastaba: \u010diu\u017einys \u012f komplekt\u0105 ne\u012fskai\u010diuotas<\/p>","protected":false},"excerpt":{"rendered":"<p>The Denver bedroom furniture set in Monastery Oak\/Black is a simple yet stylish and modern piece. The Denver bedroom furniture set is the perfect choice for those who appreciate classic interiors. The fashionable colors and meticulous finish of the furniture will add elegance and aesthetic appeal to the interior. The distinctive elements of this bedroom [&hellip;]<\/p>","protected":false},"featured_media":328034,"comment_status":"open","ping_status":"open","template":"","meta":[],"product_brand":[],"product_cat":[9235,9134],"product_tag":[],"class_list":{"0":"post-328033","1":"product","2":"type-product","3":"status-publish","4":"has-post-thumbnail","6":"product_cat-gib-meble","7":"product_cat-bedroom-sets","9":"first","10":"instock","11":"purchasable","12":"product-type-simple"},"_links":{"self":[{"href":"https:\/\/baldumarket.lt\/lt\/wp-json\/wp\/v2\/product\/328033","targetHints":{"allow":["GET"]}}],"collection":[{"href":"https:\/\/baldumarket.lt\/lt\/wp-json\/wp\/v2\/product"}],"about":[{"href":"https:\/\/baldumarket.lt\/lt\/wp-json\/wp\/v2\/types\/product"}],"replies":[{"embeddable":true,"href":"https:\/\/baldumarket.lt\/lt\/wp-json\/wp\/v2\/comments?post=328033"}],"wp:featuredmedia":[{"embeddable":true,"href":"https:\/\/baldumarket.lt\/lt\/wp-json\/wp\/v2\/media\/328034"}],"wp:attachment":[{"href":"https:\/\/baldumarket.lt\/lt\/wp-json\/wp\/v2\/media?parent=328033"}],"wp:term":[{"taxonomy":"product_brand","embeddable":true,"href":"https:\/\/baldumarket.lt\/lt\/wp-json\/wp\/v2\/product_brand?post=328033"},{"taxonomy":"product_cat","embeddable":true,"href":"https:\/\/baldumarket.lt\/lt\/wp-json\/wp\/v2\/product_cat?post=328033"},{"taxonomy":"product_tag","embeddable":true,"href":"https:\/\/baldumarket.lt\/lt\/wp-json\/wp\/v2\/product_tag?post=328033"}],"curies":[{"name":"wp","href":"https:\/\/api.w.org\/{rel}","templated":true}]}}