{"id":328026,"date":"2026-01-16T22:23:06","date_gmt":"2026-01-16T19:23:06","guid":{"rendered":"https:\/\/baldumarket.lt\/product\/zestaw-mebli-do-sypialni-maxione-bialy-eleganckie-i-uniwersalne-meble-do-sypialni-gustowne-czarne-uchwyty-wysoka-jakosc-wykonania\/"},"modified":"2026-02-11T18:01:50","modified_gmt":"2026-02-11T15:01:50","slug":"zestaw-mebli-do-sypialni-maxione-bialy-eleganckie-i-uniwersalne-meble-do-sypialni-gustowne-czarne-uchwyty-wysoka-jakosc-wykonania","status":"publish","type":"product","link":"https:\/\/baldumarket.lt\/lt\/product\/zestaw-mebli-do-sypialni-maxione-bialy-eleganckie-i-uniwersalne-meble-do-sypialni-gustowne-czarne-uchwyty-wysoka-jakosc-wykonania\/","title":{"rendered":"\u201eMaxione\u201c baltas miegamojo bald\u0173 komplektas, eleganti\u0161ki ir universal\u016bs miegamojo baldai, skoningi juodi rankenos, auk\u0161tos kokyb\u0117s gamyba"},"content":{"rendered":"<p>Baltas miegamojo bald\u0173 komplektas \u201eMaxione\u201c yra paprastas, ta\u010diau stilingas ir modernus baldas.<br \/>\n\u201eMaxione\u201c miegamojo bald\u0173 komplektas \u2013 puikus pasirinkimas vertinantiems klasikin\u012f dizain\u0105. Madingos spalvos ir kruop\u0161ti bald\u0173 apdaila suteiks interjerui eleganti\u0161k\u0105 ir esteti\u0161k\u0105 i\u0161vaizd\u0105. Erdv\u016bs stal\u010diai ir u\u017erakinamos spintel\u0117s tilps visus j\u016bs\u0173 daiktus ir b\u016btiniausius aksesuarus. \u201eMaxione\u201c kolekcija suteiks j\u016bs\u0173 miegamajam stiling\u0105 akcent\u0105 ir sukurs unikali\u0105 atmosfer\u0105. Bald\u0173 komplektas puikiai der\u0117s tiek klasikiniame, tiek moderniame interjere.<br \/>\nBaldai pagaminti i\u0161 auk\u0161tos kokyb\u0117s 16 mm laminuotos plok\u0161t\u0117s, kuri yra atspari i\u0161oriniams veiksniams, tokiems kaip \u012flenkimai, sm\u016bgiai ir \u012fbr\u0117\u017eimai. Stilingi fasadai apdailinti paprastomis, juodomis ranken\u0117l\u0117mis, kurios, be pagrindin\u0117s funkcijos, suteikia i\u0161skirtinai eleganti\u0161k\u0105 i\u0161vaizd\u0105. Tiksli apdaila ir d\u0117mesys detal\u0117ms u\u017etikrina, kad \u201eMaxione\u201c miegamojo bald\u0173 komplektas daugel\u012f met\u0173 i\u0161laikys gra\u017ei\u0105 i\u0161vaizd\u0105 neprarandant funkcionalumo. Lova turi stabil\u0173, lankstaus stiliaus medin\u012f r\u0117m\u0105 ir prakti\u0161k\u0105 stal\u010di\u0173 patalynei.<br \/>\n\u201eMaxione\u201c baldai tiks bet kuriame kambaryje j\u016bs\u0173 m\u0117gstamu stiliumi.<br \/>\n\u201eMaxione\u201c miegamojo bald\u0173 komplektas sukurtas atsi\u017evelgiant \u012f funkcionalum\u0105 ir patogum\u0105, si\u016blydamas daug vietos daiktams susid\u0117ti. Nesenstanti balta spalva suteiks kambariui \u0161viesumo ir jaukumo, tod\u0117l \u201eMaxione\u201c baldai puikiai tinka miegamajam ar jaunimo kambariui.<br \/>\nBald\u0173 komplekt\u0105 sudaro:<br \/>\ndu naktiniai staleliai<br \/>\nauk\u0161tis: 47 cm<br \/>\nplotis: 51 cm<br \/>\ngylis: 40 cm<br \/>\nlova su daiktad\u0117\u017ee<br \/>\nauk\u0161tis: 85 cm<br \/>\nplotis: 163 cm<br \/>\nilgis: 203 cm<br \/>\nMiegamoji erdv\u0117: 160 \u00d7 200 cm<br \/>\nspinta su veidrod\u017eiu<br \/>\n\u016bgis: 206 cm<br \/>\nplotis: 198 cm<br \/>\ngylis: 59 cm<br \/>\nkomoda<br \/>\nauk\u0161tis: 87 cm<br \/>\nplotis: 150 cm<br \/>\ngylis: 40 cm<br \/>\nPastaba: \u010diu\u017einys \u012f komplekt\u0105 ne\u012fskai\u010diuotas<\/p>","protected":false},"excerpt":{"rendered":"<p>\u201eMaxione\u201c baltas miegamojo bald\u0173 komplektas yra paprastas, ta\u010diau stilingas ir modernus baldas. \u201eMaxione\u201c miegamojo bald\u0173 komplektas yra puikus pasirinkimas tiems, kurie vertina klasikin\u012f dizain\u0105. Madingos spalvos ir kruop\u0161ti bald\u0173 apdaila suteiks interjerui eleganti\u0161k\u0105 ir esteti\u0161k\u0105 i\u0161vaizd\u0105. Erdv\u016bs stal\u010diai ir u\u017erakinamos spintel\u0117s tilps [\u2026]<\/p>","protected":false},"featured_media":328027,"comment_status":"open","ping_status":"open","template":"","meta":[],"product_brand":[],"product_cat":[9235,9134],"product_tag":[],"class_list":{"0":"post-328026","1":"product","2":"type-product","3":"status-publish","4":"has-post-thumbnail","6":"product_cat-gib-meble","7":"product_cat-bedroom-sets","9":"first","10":"instock","11":"purchasable","12":"product-type-simple"},"_links":{"self":[{"href":"https:\/\/baldumarket.lt\/lt\/wp-json\/wp\/v2\/product\/328026","targetHints":{"allow":["GET"]}}],"collection":[{"href":"https:\/\/baldumarket.lt\/lt\/wp-json\/wp\/v2\/product"}],"about":[{"href":"https:\/\/baldumarket.lt\/lt\/wp-json\/wp\/v2\/types\/product"}],"replies":[{"embeddable":true,"href":"https:\/\/baldumarket.lt\/lt\/wp-json\/wp\/v2\/comments?post=328026"}],"wp:featuredmedia":[{"embeddable":true,"href":"https:\/\/baldumarket.lt\/lt\/wp-json\/wp\/v2\/media\/328027"}],"wp:attachment":[{"href":"https:\/\/baldumarket.lt\/lt\/wp-json\/wp\/v2\/media?parent=328026"}],"wp:term":[{"taxonomy":"product_brand","embeddable":true,"href":"https:\/\/baldumarket.lt\/lt\/wp-json\/wp\/v2\/product_brand?post=328026"},{"taxonomy":"product_cat","embeddable":true,"href":"https:\/\/baldumarket.lt\/lt\/wp-json\/wp\/v2\/product_cat?post=328026"},{"taxonomy":"product_tag","embeddable":true,"href":"https:\/\/baldumarket.lt\/lt\/wp-json\/wp\/v2\/product_tag?post=328026"}],"curies":[{"name":"wp","href":"https:\/\/api.w.org\/{rel}","templated":true}]}}