{"id":327998,"date":"2026-01-16T22:22:46","date_gmt":"2026-01-16T19:22:46","guid":{"rendered":"https:\/\/baldumarket.lt\/product\/krzeslo-ogrodowe-sottile-43x40-cm-czarne-funkcjonalne-krzeslo-rattanowe-klasyczna-i-wygodna-konstrukcja-idealny-wybor-do-ogrodu\/"},"modified":"2026-02-11T18:01:50","modified_gmt":"2026-02-11T15:01:50","slug":"krzeslo-ogrodowe-sottile-43x40-cm-czarne-funkcjonalne-krzeslo-rattanowe-klasyczna-i-wygodna-konstrukcja-idealny-wybor-do-ogrodu","status":"publish","type":"product","link":"https:\/\/baldumarket.lt\/lt\/product\/krzeslo-ogrodowe-sottile-43x40-cm-czarne-funkcjonalne-krzeslo-rattanowe-klasyczna-i-wygodna-konstrukcja-idealny-wybor-do-ogrodu\/","title":{"rendered":"Sottile sodo k\u0117d\u0117 43&#215;40 cm juoda, funkcionali rotango k\u0117d\u0117, klasikinio ir patogaus dizaino, puikus pasirinkimas sodui"},"content":{"rendered":"<p>Juoda \u201eSottile\u201c sodo k\u0117d\u0117 puikiai papildys bet kuri\u0105 nam\u0173 erdv\u0119.<br \/>\n\u201eSottile\u201c kr\u0117slas pasi\u017eymi eleganti\u0161ku ir nesenstan\u010diu dizainu, kuris prad\u017eiugins unikali\u0173 dekoratyvini\u0173 element\u0173 m\u0117g\u0117jus. D\u0117l unikalaus dizaino jis puikiai tinka daugeliui interjer\u0173. Kr\u0117slas puikiai tinka sodo poilsio zonai, terasai, balkonui arba kaip unikalus dekoratyvinis elementas j\u016bs\u0173 namuose.<br \/>\nTerasos k\u0117d\u0117 pagaminta i\u0161 auk\u0161tos kokyb\u0117s technoratano, kuris yra atsparus nepalankioms oro s\u0105lygoms. Erdvi s\u0117dyn\u0117 ir patog\u016bs porankiai u\u017etikrina \u0161ios i\u0161skirtinai eleganti\u0161kos sodo k\u0117d\u0117s komfort\u0105 ir patogum\u0105. Metalinis r\u0117mas u\u017etikrina saug\u0173 k\u0117d\u0117s naudojim\u0105.<br \/>\nModernus \u201eSottile\u201c sodo kr\u0117slas sukurtas atsi\u017evelgiant \u012f naujausias tendencijas. Siekiant didesnio komforto, kr\u0117slas turi patog\u0173 atlo\u0161\u0105 patogiam s\u0117d\u0117jimui. D\u0117l universalaus dizaino \u0161is rotango sodo kr\u0117slas gali b\u016bti naudojamas kaip terasos arba balkono kr\u0117slas. \u201eSottile\u201c fotelis yra tobula sodo k\u0117d\u0117, pasi\u017eyminti klasikiniu ir eleganti\u0161ku stiliumi.<br \/>\nSodo k\u0117d\u0117s matmenys:<br \/>\nAuk\u0161tis: 84 cm<br \/>\nPlotis: 56 cm<br \/>\nGylis: 50 cm<\/p>","protected":false},"excerpt":{"rendered":"<p>Plotis: 56 cm<br \/>\nAuk\u0161tis: 84 cm<br \/>\nGylis: 50 cm<br \/>\nS\u0117dyn\u0117s plotis: 40 cm<br \/>\nS\u0117dyn\u0117s gylis: 43 cm<br \/>\nS\u0117dyn\u0117s auk\u0161tis: 44 cm<br \/>\nAtlo\u0161o auk\u0161tis: 43 cm<\/p>","protected":false},"featured_media":327999,"comment_status":"open","ping_status":"open","template":"","meta":[],"product_brand":[],"product_cat":[9235,1930],"product_tag":[],"class_list":{"0":"post-327998","1":"product","2":"type-product","3":"status-publish","4":"has-post-thumbnail","6":"product_cat-gib-meble","7":"product_cat-chairs","9":"first","10":"instock","11":"purchasable","12":"product-type-simple"},"_links":{"self":[{"href":"https:\/\/baldumarket.lt\/lt\/wp-json\/wp\/v2\/product\/327998","targetHints":{"allow":["GET"]}}],"collection":[{"href":"https:\/\/baldumarket.lt\/lt\/wp-json\/wp\/v2\/product"}],"about":[{"href":"https:\/\/baldumarket.lt\/lt\/wp-json\/wp\/v2\/types\/product"}],"replies":[{"embeddable":true,"href":"https:\/\/baldumarket.lt\/lt\/wp-json\/wp\/v2\/comments?post=327998"}],"wp:featuredmedia":[{"embeddable":true,"href":"https:\/\/baldumarket.lt\/lt\/wp-json\/wp\/v2\/media\/327999"}],"wp:attachment":[{"href":"https:\/\/baldumarket.lt\/lt\/wp-json\/wp\/v2\/media?parent=327998"}],"wp:term":[{"taxonomy":"product_brand","embeddable":true,"href":"https:\/\/baldumarket.lt\/lt\/wp-json\/wp\/v2\/product_brand?post=327998"},{"taxonomy":"product_cat","embeddable":true,"href":"https:\/\/baldumarket.lt\/lt\/wp-json\/wp\/v2\/product_cat?post=327998"},{"taxonomy":"product_tag","embeddable":true,"href":"https:\/\/baldumarket.lt\/lt\/wp-json\/wp\/v2\/product_tag?post=327998"}],"curies":[{"name":"wp","href":"https:\/\/api.w.org\/{rel}","templated":true}]}}