{"id":327984,"date":"2026-01-16T11:36:02","date_gmt":"2026-01-16T08:36:02","guid":{"rendered":"https:\/\/baldumarket.lt\/product\/stol-loftowy-tromso-185-90-cm-dab-lancelot\/"},"modified":"2026-03-23T13:00:26","modified_gmt":"2026-03-23T10:00:26","slug":"stol-loftowy-tromso-185-90-cm-dab-lancelot","status":"publish","type":"product","link":"https:\/\/baldumarket.lt\/lt\/product\/stol-loftowy-tromso-185-90-cm-dab-lancelot\/","title":{"rendered":"Tromso pal\u0117p\u0117s stalas 185\/90 cm, \u0105\u017euolo spalvos, lancelot"},"content":{"rendered":"<h5><span style=\"color: #54859b\">Apsilankykite m\u016bs\u0173 virtualioje Stolarz-Lempert prek\u0117s \u017eenklo parduotuv\u0117je<\/span><\/h5>\n<p> <a href=\"http:\/\/spacer.lempert.pl\/\" target=\"_blank\" rel=\"noopener\"><span style=\"color: #e47025\">http:\/\/spacer.lempert.pl\/<\/span><\/a><\/p>\n<p>\u201eTroms\u00f8\u201c stal\u0173 kolekcijoje si\u016blomi stalai, kurie sukuria unikali\u0105 erdv\u0119 susitikimams ir kasdien\u0117ms akimirkoms.<br \/>\nStalvir\u0161is \u2013 28 mm laminuota plok\u0161t\u0117 \u2013 Lancelot \u0105\u017euolas<br \/>\nPagrindas \u2013 Milteliniu b\u016bdu da\u017eytos kojel\u0117s \u2013 tekst\u016bruotos matin\u0117s juodos spalvos \u2013 profilis \u2013 80 x 40 mm<br \/>\n1\/2 pakuot\u0117s \u2013 0,046 m3<br \/>\n740 x 660 x 95 mm<br \/>\nSvoris \u2013 18 kg<br \/>\n2\/2 pakuot\u0117s \u2013 0,049 m3<br \/>\n715 x 1940 x 35 mm<br \/>\nSvoris \u2013 23,50 kg<\/p>","protected":false},"excerpt":{"rendered":"<p>Plotis [cm]: 185<br \/>\nAuk\u0161tis [cm]: 75<br \/>\ngylis [cm]: 90<\/p>","protected":false},"featured_media":327985,"comment_status":"open","ping_status":"open","template":"","meta":[],"product_brand":[],"product_cat":[9234,1934],"product_tag":[],"class_list":{"0":"post-327984","1":"product","2":"type-product","3":"status-publish","4":"has-post-thumbnail","6":"product_cat-stolarz-lempert","7":"product_cat-tables","9":"first","10":"instock","11":"purchasable","12":"product-type-simple"},"_links":{"self":[{"href":"https:\/\/baldumarket.lt\/lt\/wp-json\/wp\/v2\/product\/327984","targetHints":{"allow":["GET"]}}],"collection":[{"href":"https:\/\/baldumarket.lt\/lt\/wp-json\/wp\/v2\/product"}],"about":[{"href":"https:\/\/baldumarket.lt\/lt\/wp-json\/wp\/v2\/types\/product"}],"replies":[{"embeddable":true,"href":"https:\/\/baldumarket.lt\/lt\/wp-json\/wp\/v2\/comments?post=327984"}],"wp:featuredmedia":[{"embeddable":true,"href":"https:\/\/baldumarket.lt\/lt\/wp-json\/wp\/v2\/media\/327985"}],"wp:attachment":[{"href":"https:\/\/baldumarket.lt\/lt\/wp-json\/wp\/v2\/media?parent=327984"}],"wp:term":[{"taxonomy":"product_brand","embeddable":true,"href":"https:\/\/baldumarket.lt\/lt\/wp-json\/wp\/v2\/product_brand?post=327984"},{"taxonomy":"product_cat","embeddable":true,"href":"https:\/\/baldumarket.lt\/lt\/wp-json\/wp\/v2\/product_cat?post=327984"},{"taxonomy":"product_tag","embeddable":true,"href":"https:\/\/baldumarket.lt\/lt\/wp-json\/wp\/v2\/product_tag?post=327984"}],"curies":[{"name":"wp","href":"https:\/\/api.w.org\/{rel}","templated":true}]}}