{"id":327956,"date":"2026-01-16T11:35:42","date_gmt":"2026-01-16T08:35:42","guid":{"rendered":"https:\/\/baldumarket.lt\/product\/zestaw-kuchenny-narozny-kuchnia-aria-narozna-230x280-cm\/"},"modified":"2026-03-23T13:00:26","modified_gmt":"2026-03-23T10:00:26","slug":"zestaw-kuchenny-narozny-kuchnia-aria-narozna-230x280-cm","status":"publish","type":"product","link":"https:\/\/baldumarket.lt\/lt\/product\/zestaw-kuchenny-narozny-kuchnia-aria-narozna-230x280-cm\/","title":{"rendered":"Kampinis virtuv\u0117s komplektas Aria kampin\u0117 virtuv\u0117 230\u00d7280 cm"},"content":{"rendered":"<h5><span style=\"color: #54859b\">Apsilankykite m\u016bs\u0173 virtualioje Stolarz-Lempert prek\u0117s \u017eenklo parduotuv\u0117je<\/span><\/h5>\n<p> <a href=\"http:\/\/spacer.lempert.pl\/\" target=\"_blank\" rel=\"noopener\"><span style=\"color: #e47025\">http:\/\/spacer.lempert.pl\/<\/span><\/a><\/p>\n<p>\u201eAria\u201c virtuv\u0117 \u2013 tai labai prakti\u0161k\u0173 ir gra\u017ei\u0173 bald\u0173 komplektas. Sistem\u0105 sudaro de\u0161imtys spinteli\u0173 \u2013 modernaus, lofto stiliaus virtuv\u0117s baldai, pasi\u017eymintys gra\u017eiomis spalvomis.<br \/>\nSpinteli\u0173 fasadai tvirti. Platus stalvir\u0161i\u0173 pasirinkimas.<br \/>\nTvirtos rankenos suteikia baldams charakterio ir palengvina prieig\u0105 prie viduje laikom\u0173 produkt\u0173.<br \/>\nParametrai:<br \/>\n16 mm laminuot\u0173 plok\u0161\u010di\u0173 korpusai<br \/>\n16 mm laminuot\u0173 plok\u0161\u010di\u0173 pagrindai<br \/>\nNugara \u2013 2,5 mm HDF \u2013 balta<br \/>\n16 mm laminuotos plok\u0161t\u0117s fasadas<br \/>\nBriaunos tipas:<br \/>\nMelamino korpusai<br \/>\nABS fasadai<br \/>\nBe kojeli\u0173 \u2013 spintel\u0117s stovi ant korpus\u0173 ir pagrind\u0173<br \/>\nRankenos \u2013 UA-HEXA, juodos briaunos, 64 mm \u2013 320 mm \/ aliuminio<br \/>\nStal\u010di\u0173 atidarymo sistema \u2013 b\u0117geli\u0173 tipo \u2013 PREMIUM BOX<br \/>\nVyri\u0173 tipas \u2013 \u0161velniai u\u017esidarantys (i\u0161skyrus 90\/90 cm kampin\u0119 spintel\u0119)<br \/>\nUniversal\u016bs fasadai \u2013 montuojami kair\u0117je arba de\u0161in\u0117je pus\u0117je<br \/>\nApsauga nuo pir\u0161t\u0173 atspaud\u0173. Tai specialus, plonas apsauginis sluoksnis, kuris apsaugo nuo matom\u0173 pir\u0161t\u0173 atspaud\u0173, d\u0117mi\u0173 ir kit\u0173 \u017eymi\u0173 ant pavir\u0161i\u0173. Jis veikia suma\u017eindamas riebal\u0173 ir ne\u0161varum\u0173 prilipim\u0105, tod\u0117l pavir\u0161ius ilgiau i\u0161lieka \u0161varus ir lengviau valomas.<br \/>\nSpintel\u0117s \u2013 be stalvir\u0161i\u0173<br \/>\n\u0160velnaus u\u017edarymo sistema fasadams ir stal\u010diams.<br \/>\nGalimos spalvos:<br \/>\nPriekin\u0117s dalys: juoda AFM, akvamarino AFM, sm\u0117lio pilka AFM, grafito AFM, kri\u0161tolo baltumo AFM<br \/>\nKorpusas: \u0105\u017euolas, balta, juoda<br \/>\nCokolin\u0117s grindys: \u0105\u017euolo dirbiniai, balta, juoda<br \/>\nKomplekt\u0105 sudaro spintel\u0117s be stalvir\u0161i\u0173:<br \/>\n80 cm \u2013 80 D 2F BB<br \/>\n80 cm stal\u010diai \u2013 80 D 3S BB<br \/>\n40 cm \u2013 40 D 1F BB<br \/>\n90\/90 kampas \u2013 90\u00d790 ND 2F BB<br \/>\n80 cm po kriaukle \u2013 80 ZL 2F BB<br \/>\n60 cm po orkaite \u2013 60 D dujin\u0117 virykl\u0117 su BB<br \/>\nVir\u0161utin\u0117 dalis \u2013 auk\u0161tis 108 cm<br \/>\n45 cm \u2013 45 G-108 1F \u2013 2 vnt.<br \/>\n80 cm \u2013 80 G-108 2F<br \/>\n60 cm \u2013 60 G-108 1F<br \/>\nKomplektui reikalingi du 230 cm stalvir\u0161iai.<\/p>","protected":false},"excerpt":{"rendered":"<p>Plotis [cm]: 230\u2013280<br \/>\nAuk\u0161tis [cm]: 108 (vir\u0161uje)<br \/>\nGylis [cm]: 31 (vir\u0161uje)<br \/>\nVirtuv\u0117s spalvos: juoda, akvamarino, sm\u0117lio pilka, grafito, kri\u0161tolo baltumo<br \/>\nPriekin\u0117s dalies tipas: laminuota plok\u0161t\u0117 \/ MDF \/ lakuota laminuota plok\u0161t\u0117<br \/>\nVirtuv\u0117s stilius: modernus, loftas<br \/>\nAuk\u0161tis be stalvir\u0161io [cm]: 87<br \/>\nAuk\u0161tis su stalvir\u0161iu [cm]: 90,8<br \/>\nGylis be stalvir\u0161io [cm]: 52<\/p>","protected":false},"featured_media":327957,"comment_status":"open","ping_status":"open","template":"","meta":[],"product_brand":[],"product_cat":[9234,1932],"product_tag":[],"class_list":{"0":"post-327956","1":"product","2":"type-product","3":"status-publish","4":"has-post-thumbnail","6":"product_cat-stolarz-lempert","7":"product_cat-kitchen-sets","9":"first","10":"instock","11":"purchasable","12":"product-type-simple"},"_links":{"self":[{"href":"https:\/\/baldumarket.lt\/lt\/wp-json\/wp\/v2\/product\/327956","targetHints":{"allow":["GET"]}}],"collection":[{"href":"https:\/\/baldumarket.lt\/lt\/wp-json\/wp\/v2\/product"}],"about":[{"href":"https:\/\/baldumarket.lt\/lt\/wp-json\/wp\/v2\/types\/product"}],"replies":[{"embeddable":true,"href":"https:\/\/baldumarket.lt\/lt\/wp-json\/wp\/v2\/comments?post=327956"}],"wp:featuredmedia":[{"embeddable":true,"href":"https:\/\/baldumarket.lt\/lt\/wp-json\/wp\/v2\/media\/327957"}],"wp:attachment":[{"href":"https:\/\/baldumarket.lt\/lt\/wp-json\/wp\/v2\/media?parent=327956"}],"wp:term":[{"taxonomy":"product_brand","embeddable":true,"href":"https:\/\/baldumarket.lt\/lt\/wp-json\/wp\/v2\/product_brand?post=327956"},{"taxonomy":"product_cat","embeddable":true,"href":"https:\/\/baldumarket.lt\/lt\/wp-json\/wp\/v2\/product_cat?post=327956"},{"taxonomy":"product_tag","embeddable":true,"href":"https:\/\/baldumarket.lt\/lt\/wp-json\/wp\/v2\/product_tag?post=327956"}],"curies":[{"name":"wp","href":"https:\/\/api.w.org\/{rel}","templated":true}]}}