{"id":327461,"date":"2026-01-16T11:28:05","date_gmt":"2026-01-16T08:28:05","guid":{"rendered":"https:\/\/baldumarket.lt\/product\/mebloscianka-rumba-xl-dab-olejowany\/"},"modified":"2026-04-23T18:17:04","modified_gmt":"2026-04-23T15:17:04","slug":"mebloscianka-rumba-xl-dab-olejowany","status":"publish","type":"product","link":"https:\/\/baldumarket.lt\/lt\/product\/mebloscianka-rumba-xl-dab-olejowany\/","title":{"rendered":"Rumba XL sienin\u0117 spintel\u0117, alyvuotas \u0105\u017euolas"},"content":{"rendered":"<h5><span style=\"color: #54859b\">Apsilankykite m\u016bs\u0173 virtualioje Stolarz-Lempert prek\u0117s \u017eenklo parduotuv\u0117je<\/span><\/h5>\n<p> <a href=\"http:\/\/spacer.lempert.pl\/\" target=\"_blank\" rel=\"noopener\"><span style=\"color: #e47025\">http:\/\/spacer.lempert.pl\/<\/span><\/a><\/p>\n<p>\u201eRumba XL Sand Beige\u201c sienin\u0117 spintel\u0117 \u2013 tai modernus ir lengvas bald\u0173 komplektas svetainei arba ma\u017eai svetainei.<br \/>\nKomplekt\u0105 sudaro televizoriaus staliukas, dvi vitrinos ir lentyna.<br \/>\nKomplekt\u0105 sudaro trys komodos \u2013 paie\u0161kos juostoje \u012fveskite \u017eod\u012f \u201eRumba\u201c.<br \/>\nSienin\u0117 spintel\u0117 gali b\u016bti \u0161i\u0173 spalv\u0173: alyvuoto \u0105\u017euolo laminato fasadas \/ alyvuoto \u0105\u017euolo laminato korpusas, pagamintas i\u0161 16 mm storio laminuotos plok\u0161t\u0117s.<br \/>\nAtskir\u0173 element\u0173 matmenys \u2013 plotis\/auk\u0161tis\/gylis:<br \/>\ndemonstracinis blokas \u2013 75\/190\/33,9 cm<br \/>\nlentyna \u2013 150\/16\/17,6 cm<br \/>\nTelevizoriaus stovas \u2013 150\/31,5\/40,3 cm<br \/>\nLED ap\u0161vietimas galimas u\u017e papildom\u0105 mokest\u012f (galima \u012fsigyti kaip pasirinktin\u0119 parinkt\u012f).<\/p>","protected":false},"excerpt":{"rendered":"<p>Plotis [cm]: 300<br \/>\nAuk\u0161tis [cm]: 190<br \/>\ngylis [cm]: 40,2<\/p>","protected":false},"featured_media":327462,"comment_status":"open","ping_status":"open","template":"","meta":[],"product_brand":[],"product_cat":[9234,2008],"product_tag":[],"class_list":{"0":"post-327461","1":"product","2":"type-product","3":"status-publish","4":"has-post-thumbnail","6":"product_cat-stolarz-lempert","7":"product_cat-wall-units","9":"first","10":"instock","11":"purchasable","12":"product-type-simple"},"_links":{"self":[{"href":"https:\/\/baldumarket.lt\/lt\/wp-json\/wp\/v2\/product\/327461","targetHints":{"allow":["GET"]}}],"collection":[{"href":"https:\/\/baldumarket.lt\/lt\/wp-json\/wp\/v2\/product"}],"about":[{"href":"https:\/\/baldumarket.lt\/lt\/wp-json\/wp\/v2\/types\/product"}],"replies":[{"embeddable":true,"href":"https:\/\/baldumarket.lt\/lt\/wp-json\/wp\/v2\/comments?post=327461"}],"wp:featuredmedia":[{"embeddable":true,"href":"https:\/\/baldumarket.lt\/lt\/wp-json\/wp\/v2\/media\/327462"}],"wp:attachment":[{"href":"https:\/\/baldumarket.lt\/lt\/wp-json\/wp\/v2\/media?parent=327461"}],"wp:term":[{"taxonomy":"product_brand","embeddable":true,"href":"https:\/\/baldumarket.lt\/lt\/wp-json\/wp\/v2\/product_brand?post=327461"},{"taxonomy":"product_cat","embeddable":true,"href":"https:\/\/baldumarket.lt\/lt\/wp-json\/wp\/v2\/product_cat?post=327461"},{"taxonomy":"product_tag","embeddable":true,"href":"https:\/\/baldumarket.lt\/lt\/wp-json\/wp\/v2\/product_tag?post=327461"}],"curies":[{"name":"wp","href":"https:\/\/api.w.org\/{rel}","templated":true}]}}