{"id":327429,"date":"2026-01-16T11:27:40","date_gmt":"2026-01-16T08:27:40","guid":{"rendered":"https:\/\/baldumarket.lt\/product\/komoda-rumba-dab-olejowany\/"},"modified":"2026-04-23T18:17:04","modified_gmt":"2026-04-23T15:17:04","slug":"komoda-rumba-dab-olejowany","status":"publish","type":"product","link":"https:\/\/baldumarket.lt\/lt\/product\/komoda-rumba-dab-olejowany\/","title":{"rendered":"Rumba komoda, alyvuotas \u0105\u017euolas"},"content":{"rendered":"<h5><span style=\"color: #54859b\">Apsilankykite m\u016bs\u0173 virtualioje Stolarz-Lempert prek\u0117s \u017eenklo parduotuv\u0117je<\/span><\/h5>\n<p> <a href=\"http:\/\/spacer.lempert.pl\/\" target=\"_blank\" rel=\"noopener\"><span style=\"color: #e47025\">http:\/\/spacer.lempert.pl\/<\/span><\/a><\/p>\n<p>\u201eRumba\u201c komoda yra modernus ir erdvus baldas, papildantis \u201eRumba\u201c ir \u201eRumba XL\u201c sienines spinteles.<br \/>\nKomodoje yra dvi spintel\u0117s \u2013 viena su lentyna viduje, ni\u0161a su stikline lentyna ir du stal\u010diai \u2013 su pasirinktinai pasirenkamu ap\u0161vietimu.<br \/>\n\u012e paie\u0161kos laukel\u012f \u012fveskite \u017eod\u012f \u201eRumba\u201c \u2013 rasite dvi sienines spinteles ir komodas.<br \/>\nApdaila: alyvuotas \u0105\u017euolas<\/p>","protected":false},"excerpt":{"rendered":"<p>Plotis [cm]: 157<br \/>\nAuk\u0161tis [cm]: 82<br \/>\nGylis [cm]: 40<br \/>\nKomodos stilius: modernus<br \/>\nMed\u017eiaga: laminuota plok\u0161t\u0117<br \/>\nKomodos spalva: alyvuotas \u0105\u017euolas<br \/>\nAtidarymo b\u016bdas: naudojant rankenas<br \/>\nStal\u010di\u0173 skai\u010dius: 2<br \/>\nKoj\u0173 tipas: \u017eemos kojos<\/p>","protected":false},"featured_media":327430,"comment_status":"open","ping_status":"open","template":"","meta":[],"product_brand":[],"product_cat":[9234,1173],"product_tag":[],"class_list":{"0":"post-327429","1":"product","2":"type-product","3":"status-publish","4":"has-post-thumbnail","6":"product_cat-stolarz-lempert","7":"product_cat-chests-of-drawers","9":"first","10":"instock","11":"purchasable","12":"product-type-simple"},"_links":{"self":[{"href":"https:\/\/baldumarket.lt\/lt\/wp-json\/wp\/v2\/product\/327429","targetHints":{"allow":["GET"]}}],"collection":[{"href":"https:\/\/baldumarket.lt\/lt\/wp-json\/wp\/v2\/product"}],"about":[{"href":"https:\/\/baldumarket.lt\/lt\/wp-json\/wp\/v2\/types\/product"}],"replies":[{"embeddable":true,"href":"https:\/\/baldumarket.lt\/lt\/wp-json\/wp\/v2\/comments?post=327429"}],"wp:featuredmedia":[{"embeddable":true,"href":"https:\/\/baldumarket.lt\/lt\/wp-json\/wp\/v2\/media\/327430"}],"wp:attachment":[{"href":"https:\/\/baldumarket.lt\/lt\/wp-json\/wp\/v2\/media?parent=327429"}],"wp:term":[{"taxonomy":"product_brand","embeddable":true,"href":"https:\/\/baldumarket.lt\/lt\/wp-json\/wp\/v2\/product_brand?post=327429"},{"taxonomy":"product_cat","embeddable":true,"href":"https:\/\/baldumarket.lt\/lt\/wp-json\/wp\/v2\/product_cat?post=327429"},{"taxonomy":"product_tag","embeddable":true,"href":"https:\/\/baldumarket.lt\/lt\/wp-json\/wp\/v2\/product_tag?post=327429"}],"curies":[{"name":"wp","href":"https:\/\/api.w.org\/{rel}","templated":true}]}}