{"id":327397,"date":"2026-01-16T11:27:16","date_gmt":"2026-01-16T08:27:16","guid":{"rendered":"https:\/\/baldumarket.lt\/product\/komoda-rumba-3f-bez-piaskowy\/"},"modified":"2026-04-23T18:17:13","modified_gmt":"2026-04-23T15:17:13","slug":"komoda-rumba-3f-bez-piaskowy","status":"publish","type":"product","link":"https:\/\/baldumarket.lt\/lt\/product\/komoda-rumba-3f-bez-piaskowy\/","title":{"rendered":"Rumba 3F komoda, sm\u0117lio spalvos"},"content":{"rendered":"<h5><span style=\"color: #54859b\">Apsilankykite m\u016bs\u0173 virtualioje Stolarz-Lempert prek\u0117s \u017eenklo parduotuv\u0117je<\/span><\/h5>\n<p> <a href=\"http:\/\/spacer.lempert.pl\/\" target=\"_blank\" rel=\"noopener\"><span style=\"color: #e47025\">http:\/\/spacer.lempert.pl\/<\/span><\/a><\/p>\n<p>\u201eRumba\u201c komoda yra modernus ir erdvus baldas, kuris puikiai dera su \u201eRumba\u201c ir \u201eRumba XL\u201c sienin\u0117mis spintel\u0117mis.<br \/>\nKomoda turi tris spinteles, viduje yra lentyna.<br \/>\n\u012e paie\u0161kos laukel\u012f \u012fveskite \u017eod\u012f \u201eRumba\u201c \u2013 rasite dvi sienines spinteles ir dvi komodas.<br \/>\nSpalva: sm\u0117lio spalvos.<\/p>","protected":false},"excerpt":{"rendered":"<p>Plotis [cm]: 148,8<br \/>\nAuk\u0161tis [cm]: 82<br \/>\ngylis [cm]: 40,3<\/p>","protected":false},"featured_media":327398,"comment_status":"open","ping_status":"open","template":"","meta":[],"product_brand":[],"product_cat":[9234,1173],"product_tag":[],"class_list":{"0":"post-327397","1":"product","2":"type-product","3":"status-publish","4":"has-post-thumbnail","6":"product_cat-stolarz-lempert","7":"product_cat-chests-of-drawers","9":"first","10":"instock","11":"purchasable","12":"product-type-simple"},"_links":{"self":[{"href":"https:\/\/baldumarket.lt\/lt\/wp-json\/wp\/v2\/product\/327397","targetHints":{"allow":["GET"]}}],"collection":[{"href":"https:\/\/baldumarket.lt\/lt\/wp-json\/wp\/v2\/product"}],"about":[{"href":"https:\/\/baldumarket.lt\/lt\/wp-json\/wp\/v2\/types\/product"}],"replies":[{"embeddable":true,"href":"https:\/\/baldumarket.lt\/lt\/wp-json\/wp\/v2\/comments?post=327397"}],"wp:featuredmedia":[{"embeddable":true,"href":"https:\/\/baldumarket.lt\/lt\/wp-json\/wp\/v2\/media\/327398"}],"wp:attachment":[{"href":"https:\/\/baldumarket.lt\/lt\/wp-json\/wp\/v2\/media?parent=327397"}],"wp:term":[{"taxonomy":"product_brand","embeddable":true,"href":"https:\/\/baldumarket.lt\/lt\/wp-json\/wp\/v2\/product_brand?post=327397"},{"taxonomy":"product_cat","embeddable":true,"href":"https:\/\/baldumarket.lt\/lt\/wp-json\/wp\/v2\/product_cat?post=327397"},{"taxonomy":"product_tag","embeddable":true,"href":"https:\/\/baldumarket.lt\/lt\/wp-json\/wp\/v2\/product_tag?post=327397"}],"curies":[{"name":"wp","href":"https:\/\/api.w.org\/{rel}","templated":true}]}}