{"id":326813,"date":"2026-01-16T11:19:33","date_gmt":"2026-01-16T08:19:33","guid":{"rendered":"https:\/\/baldumarket.lt\/product\/front-zmywarki-odkryty-aria-zm-57x446\/"},"modified":"2026-03-23T13:00:26","modified_gmt":"2026-03-23T10:00:26","slug":"front-zmywarki-odkryty-aria-zm-57x446","status":"publish","type":"product","link":"https:\/\/baldumarket.lt\/lt\/product\/front-zmywarki-odkryty-aria-zm-57x446\/","title":{"rendered":"Aria ZM 57&#215;44.6 indaplov\u0117s atvira priekin\u0117 dalis"},"content":{"rendered":"<h5><span style=\"color: #54859b\">Apsilankykite m\u016bs\u0173 virtualioje Stolarz-Lempert prek\u0117s \u017eenklo parduotuv\u0117je<\/span><\/h5>\n<p> <a href=\"http:\/\/spacer.lempert.pl\/\" target=\"_blank\" rel=\"noopener\"><span style=\"color: #e47025\">http:\/\/spacer.lempert.pl\/<\/span><\/a><\/p>\n<p>\u201eAria\u201c virtuv\u0117 \u2013 tai labai prakti\u0161k\u0173 ir gra\u017ei\u0173 bald\u0173 komplektas. Sistem\u0105 sudaro de\u0161imtys spinteli\u0173 \u2013 modernaus, lofto stiliaus virtuv\u0117s baldai, pasi\u017eymintys gra\u017eiomis spalvomis.<br \/>\nSpinteli\u0173 fasadai tvirti. Platus stalvir\u0161i\u0173 pasirinkimas.<br \/>\nTvirtos rankenos suteikia baldams charakterio ir palengvina prieig\u0105 prie viduje laikom\u0173 produkt\u0173.<br \/>\nParametrai:<br \/>\n16 mm laminuot\u0173 plok\u0161\u010di\u0173 korpusai<br \/>\nNugara \u2013 2,5 mm HDF \u2013 balta<br \/>\n16 mm laminuotos plok\u0161t\u0117s fasadas<br \/>\nBriaunos tipas:<br \/>\nMelamino korpusai<br \/>\nABS fasadai<br \/>\nKojel\u0117s \u2013 reguliuojamo auk\u0161\u010dio, 15 cm auk\u0161\u010dio<br \/>\nRankenos \u2013 UA-HEXA, juodos briaunos, 64 mm \u2013 320 mm \/ aliuminio<br \/>\nStal\u010di\u0173 atidarymo sistema \u2013 b\u0117geli\u0173 tipo \u2013 PREMIUM BOX<br \/>\nVyri\u0173 tipas \u2013 \u0161velniai u\u017esidarantys (i\u0161skyrus 90\/90 cm kampin\u0119 spintel\u0119)<br \/>\nUniversal\u016bs fasadai \u2013 montuojami kair\u0117je arba de\u0161in\u0117je pus\u0117je<br \/>\nPriekin\u0117s dalys padengtos apsauga nuo pir\u0161t\u0173 nelipimo.<br \/>\nTai specialus, plonas apsauginis sluoksnis, kuris apsaugo nuo matom\u0173 pir\u0161t\u0173 atspaud\u0173, d\u0117mi\u0173 ir kit\u0173 d\u0117mi\u0173 ant pavir\u0161i\u0173.<br \/>\nJis veikia suma\u017eindamas riebal\u0173 ir ne\u0161varum\u0173 prilipim\u0105, tod\u0117l pavir\u0161ius ilgiau i\u0161lieka \u0161varus ir lengviau valomas.<br \/>\nSpintel\u0117s \u2013 be stalvir\u0161i\u0173 ar grindjuos\u010di\u0173<br \/>\n\u0160velnaus u\u017edarymo sistema fasadams ir stal\u010diams, virtuv\u0117 ant reguliuojamo auk\u0161\u010dio kojeli\u0173, cokolis \u012f spintel\u0119 ne\u012feina.<br \/>\nSpalv\u0173 parinktys:<br \/>\nPriekin\u0117s dalys: juoda AFM, akvamarino AFM, sm\u0117lio pilka AFM, grafito AFM, kri\u0161tolo baltumo AFM<br \/>\nSpintel\u0117: Antracitas (melaminas)<br \/>\nIndaplov\u0117s priekin\u0117 dalis ZM 570\u00d7446 (kai mygtuk\u0173 skydelis yra priekyje).<\/p>","protected":false},"excerpt":{"rendered":"<p>Virtuv\u0117s stilius: modernus, loftas<br \/>\nVirtuv\u0117s spalvos: juoda, akvamarino, sm\u0117lio pilka, grafito, kri\u0161tolo baltumo<br \/>\nPriekin\u0117s dalies tipas: laminuota plok\u0161t\u0117 \/ MDF \/ lakuota laminuota plok\u0161t\u0117<br \/>\nVirtuv\u0117s stilius: modernus, loftas<\/p>","protected":false},"featured_media":326814,"comment_status":"open","ping_status":"open","template":"","meta":[],"product_brand":[],"product_cat":[9234,1043],"product_tag":[],"class_list":{"0":"post-326813","1":"product","2":"type-product","3":"status-publish","4":"has-post-thumbnail","6":"product_cat-stolarz-lempert","7":"product_cat-extras","9":"first","10":"instock","11":"purchasable","12":"product-type-simple"},"_links":{"self":[{"href":"https:\/\/baldumarket.lt\/lt\/wp-json\/wp\/v2\/product\/326813","targetHints":{"allow":["GET"]}}],"collection":[{"href":"https:\/\/baldumarket.lt\/lt\/wp-json\/wp\/v2\/product"}],"about":[{"href":"https:\/\/baldumarket.lt\/lt\/wp-json\/wp\/v2\/types\/product"}],"replies":[{"embeddable":true,"href":"https:\/\/baldumarket.lt\/lt\/wp-json\/wp\/v2\/comments?post=326813"}],"wp:featuredmedia":[{"embeddable":true,"href":"https:\/\/baldumarket.lt\/lt\/wp-json\/wp\/v2\/media\/326814"}],"wp:attachment":[{"href":"https:\/\/baldumarket.lt\/lt\/wp-json\/wp\/v2\/media?parent=326813"}],"wp:term":[{"taxonomy":"product_brand","embeddable":true,"href":"https:\/\/baldumarket.lt\/lt\/wp-json\/wp\/v2\/product_brand?post=326813"},{"taxonomy":"product_cat","embeddable":true,"href":"https:\/\/baldumarket.lt\/lt\/wp-json\/wp\/v2\/product_cat?post=326813"},{"taxonomy":"product_tag","embeddable":true,"href":"https:\/\/baldumarket.lt\/lt\/wp-json\/wp\/v2\/product_tag?post=326813"}],"curies":[{"name":"wp","href":"https:\/\/api.w.org\/{rel}","templated":true}]}}