{"id":326805,"date":"2026-01-16T11:19:26","date_gmt":"2026-01-16T08:19:26","guid":{"rendered":"https:\/\/baldumarket.lt\/product\/pomocnik-kuchenny-bufet-kuchenny-na-kolkach-vigo-bialy-polysk\/"},"modified":"2026-03-23T13:00:26","modified_gmt":"2026-03-23T10:00:26","slug":"pomocnik-kuchenny-bufet-kuchenny-na-kolkach-vigo-bialy-polysk","status":"publish","type":"product","link":"https:\/\/baldumarket.lt\/lt\/product\/pomocnik-kuchenny-bufet-kuchenny-na-kolkach-vigo-bialy-polysk\/","title":{"rendered":"Vigo virtuv\u0117s pagalbininkas ant ratuk\u0173, baltas blizgus"},"content":{"rendered":"<h5><span style=\"color: #54859b\">Apsilankykite m\u016bs\u0173 virtualioje Stolarz-Lempert prek\u0117s \u017eenklo parduotuv\u0117je<\/span><\/h5>\n<p> <a href=\"http:\/\/spacer.lempert.pl\/\" target=\"_blank\" rel=\"noopener\"><span style=\"color: #e47025\">http:\/\/spacer.lempert.pl\/<\/span><\/a><\/p>\n<p>\u201eVigo\u201c indauja\/\u0161vedi\u0161kas stalas\/mini virtuv\u0117l\u0117 \u2013 idealus sprendimas ma\u017eoms virtuv\u0117ms, studijos tipo apartamentams, virtuv\u0117l\u0117ms, kaip vie\u0161bu\u010dio \u0161vedi\u0161kas stalas arba kaip virtuv\u0117s kampelis nuosavyb\u0117je. \u201eVigo\u201c sistemos parametrai:<br \/>\nPlok\u0161t\u0117s tipas, storis:<br \/>\nKorpusas \u2013 16 mm laminuota plok\u0161t\u0117 \u201eLancelot Oak\u201c \/ Nugara \u2013 2,5 mm HDF \u2013 \u201eLancelot Oak\u201c<br \/>\nFasadai \u2013 16 mm storio HG PUR plok\u0161t\u0117, baltai blizgi<br \/>\nLentynos \u2013 18 mm Lancelot \u0105\u017euolo laminuota plok\u0161t\u0117<br \/>\nApvado tipas:<br \/>\nMelamino korpusas<br \/>\nABS fasadai<br \/>\nKojos:<br \/>\nH-100 tipo matin\u0117 juoda \/ Volelis: GTV CIRCO<br \/>\nAuk\u0161tis 100 mm \/ Volelis: 61,5 mm, FI 50<br \/>\nRankenos \u2013 128-UZ94L31 \/ 192-UM849P2<br \/>\n128 mm \/ matin\u0117 juoda 192 mm \/ juoda<br \/>\nStal\u010di\u0173 atidarymo sistema \u2013 rutulinis guolis<br \/>\nVyri\u0173 tipas \u2013 standartinis \u2013 be tylaus u\u017edarymo mechanizmo<br \/>\nSpalvos:<br \/>\nFasadas: 16 mm storio PUR HG plok\u0161t\u0117, baltai blizgi<br \/>\nKorpusas: 16 mm laminuota plok\u0161t\u0117, \u0105\u017euolas \u201eLancelot\u201c<br \/>\nStalvir\u0161is, lentynos: 18 mm laminuota plok\u0161t\u0117, \u0105\u017euolas \u201eLancelot\u201c<br \/>\n\u201eVigo\u201c virtuv\u0117s indauja ant ratuk\u0173 \u2013 turi dvi spinteles, lentyn\u0105 ir ni\u0161\u0105, o \u0161one \u2013 audinio laikikl\u012f.<br \/>\n\u0160i indauja papildo 120 cm arba 80 cm Vigo indaujas.<\/p>","protected":false},"excerpt":{"rendered":"<p>\u016agis [cm]: 92,6<br \/>\nGylis [cm]: 40<br \/>\nPlotis [cm]: 70,2<br \/>\n\u016agis [cm]: 92,6<\/p>","protected":false},"featured_media":326806,"comment_status":"open","ping_status":"open","template":"","meta":[],"product_brand":[],"product_cat":[9234,9118],"product_tag":[],"class_list":{"0":"post-326805","1":"product","2":"type-product","3":"status-publish","4":"has-post-thumbnail","6":"product_cat-stolarz-lempert","7":"product_cat-kitchen-cabinets","9":"first","10":"instock","11":"purchasable","12":"product-type-simple"},"_links":{"self":[{"href":"https:\/\/baldumarket.lt\/lt\/wp-json\/wp\/v2\/product\/326805","targetHints":{"allow":["GET"]}}],"collection":[{"href":"https:\/\/baldumarket.lt\/lt\/wp-json\/wp\/v2\/product"}],"about":[{"href":"https:\/\/baldumarket.lt\/lt\/wp-json\/wp\/v2\/types\/product"}],"replies":[{"embeddable":true,"href":"https:\/\/baldumarket.lt\/lt\/wp-json\/wp\/v2\/comments?post=326805"}],"wp:featuredmedia":[{"embeddable":true,"href":"https:\/\/baldumarket.lt\/lt\/wp-json\/wp\/v2\/media\/326806"}],"wp:attachment":[{"href":"https:\/\/baldumarket.lt\/lt\/wp-json\/wp\/v2\/media?parent=326805"}],"wp:term":[{"taxonomy":"product_brand","embeddable":true,"href":"https:\/\/baldumarket.lt\/lt\/wp-json\/wp\/v2\/product_brand?post=326805"},{"taxonomy":"product_cat","embeddable":true,"href":"https:\/\/baldumarket.lt\/lt\/wp-json\/wp\/v2\/product_cat?post=326805"},{"taxonomy":"product_tag","embeddable":true,"href":"https:\/\/baldumarket.lt\/lt\/wp-json\/wp\/v2\/product_tag?post=326805"}],"curies":[{"name":"wp","href":"https:\/\/api.w.org\/{rel}","templated":true}]}}