{"id":326773,"date":"2026-01-16T11:18:57","date_gmt":"2026-01-16T08:18:57","guid":{"rendered":"https:\/\/baldumarket.lt\/product\/kredens-bufet-aneks-kuchenny-solea-80-cm\/"},"modified":"2026-03-23T13:00:26","modified_gmt":"2026-03-23T10:00:26","slug":"kredens-bufet-aneks-kuchenny-solea-80-cm","status":"publish","type":"product","link":"https:\/\/baldumarket.lt\/lt\/product\/kredens-bufet-aneks-kuchenny-solea-80-cm\/","title":{"rendered":"Bufeto virtuv\u0117l\u0117 Solea 80 cm"},"content":{"rendered":"<h5><span style=\"color: #54859b\">Apsilankykite m\u016bs\u0173 virtualioje Stolarz-Lempert prek\u0117s \u017eenklo parduotuv\u0117je<\/span><\/h5>\n<p> <a href=\"http:\/\/spacer.lempert.pl\/\" target=\"_blank\" rel=\"noopener\"><span style=\"color: #e47025\">http:\/\/spacer.lempert.pl\/<\/span><\/a><\/p>\n<p>\u201eSolea\u201c indauja\/\u0161vedi\u0161kas stalas\/mini virtuv\u0117l\u0117 \u2013 idealus sprendimas ma\u017eoms virtuv\u0117ms, studijos tipo apartamentams, virtuv\u0117l\u0117ms, kaip vie\u0161bu\u010dio \u0161vedi\u0161kas stalas arba kaip virtuv\u0117s kampelis nuosavyb\u0117je. \u201eSolea\u201c sistemos parametrai:<br \/>\nPlok\u0161t\u0117s tipas, storis:<br \/>\nKorpusas \u2013 16 mm laminuota plok\u0161t\u0117, juoda \/ Galin\u0117 dalis \u2013 2,5 mm HDF \u2013 juoda<br \/>\nPriekin\u0117s dalys \u2013 16 mm laminuota plok\u0161t\u0117, ka\u0161myras<br \/>\nLentynos \u2013 18 mm laminuota plok\u0161t\u0117, \u0105\u017euolas.<br \/>\nApvado tipas:<br \/>\nKorpusas: melaminas<br \/>\nPriekin\u0117 dalis: ABS<br \/>\nKojos:<br \/>\nTipas: H-100 matin\u0117 juoda \/ Volelis: GTV CIRCO<br \/>\nAuk\u0161tis: 100 mm \/ Volelis: 61,5 mm, FI 50<br \/>\nRankenos \u2013 128-UZ94L31 \/ UA-HEXA-192-20M<br \/>\n128 mm \/ matin\u0117 juoda 192 mm \/ juoda<br \/>\nStal\u010di\u0173 atidarymo sistema \u2013 rutulinis guolis<br \/>\nVyri\u0173 tipas \u2013 standartinis \u2013 be \u0161velnaus u\u017edarymo<br \/>\nSpalvos:<br \/>\nPriekin\u0117 dalis: 16 mm ka\u0161myro laminuota plok\u0161t\u0117<br \/>\nKorpusas: 16 mm laminuota plok\u0161t\u0117, dirbtinis \u0105\u017euolas<br \/>\nVir\u0161us, lentynos: 18 mm laminuota plok\u0161t\u0117, dirbtinis \u0105\u017euolas<br \/>\n\u201eSolea\u201c bufeto tipo indauja \u2013 turi dvi spinteles, stal\u010di\u0173 ir vir\u0161utin\u0119 spintel\u0119 su lentyna bei spintel\u0117mis.<br \/>\nVir\u0161utin\u0117s spintel\u0117s atsidaro \u012f \u0161onus.<br \/>\nPapildomai galima \u012fsigyti: 120 cm \u201eSolea\u201c bufet\u0105 ir \u201eSolea\u201c ratuk\u0173 konteiner\u012f (virtuv\u0117s pagalbinuk\u0105).<\/p>","protected":false},"excerpt":{"rendered":"<p>Plotis [cm]: 80<br \/>\ngylis [cm]: 40<br \/>\nAuk\u0161tis [cm]: 177<\/p>","protected":false},"featured_media":326774,"comment_status":"open","ping_status":"open","template":"","meta":[],"product_brand":[],"product_cat":[9234,1177],"product_tag":[],"class_list":{"0":"post-326773","1":"product","2":"type-product","3":"status-publish","4":"has-post-thumbnail","6":"product_cat-stolarz-lempert","7":"product_cat-wardrobes","9":"first","10":"instock","11":"purchasable","12":"product-type-simple"},"_links":{"self":[{"href":"https:\/\/baldumarket.lt\/lt\/wp-json\/wp\/v2\/product\/326773","targetHints":{"allow":["GET"]}}],"collection":[{"href":"https:\/\/baldumarket.lt\/lt\/wp-json\/wp\/v2\/product"}],"about":[{"href":"https:\/\/baldumarket.lt\/lt\/wp-json\/wp\/v2\/types\/product"}],"replies":[{"embeddable":true,"href":"https:\/\/baldumarket.lt\/lt\/wp-json\/wp\/v2\/comments?post=326773"}],"wp:featuredmedia":[{"embeddable":true,"href":"https:\/\/baldumarket.lt\/lt\/wp-json\/wp\/v2\/media\/326774"}],"wp:attachment":[{"href":"https:\/\/baldumarket.lt\/lt\/wp-json\/wp\/v2\/media?parent=326773"}],"wp:term":[{"taxonomy":"product_brand","embeddable":true,"href":"https:\/\/baldumarket.lt\/lt\/wp-json\/wp\/v2\/product_brand?post=326773"},{"taxonomy":"product_cat","embeddable":true,"href":"https:\/\/baldumarket.lt\/lt\/wp-json\/wp\/v2\/product_cat?post=326773"},{"taxonomy":"product_tag","embeddable":true,"href":"https:\/\/baldumarket.lt\/lt\/wp-json\/wp\/v2\/product_tag?post=326773"}],"curies":[{"name":"wp","href":"https:\/\/api.w.org\/{rel}","templated":true}]}}