{"id":326757,"date":"2026-01-16T11:18:44","date_gmt":"2026-01-16T08:18:44","guid":{"rendered":"https:\/\/baldumarket.lt\/product\/pomocnik-kuchenny-bufet-kuchenny-na-kolkach-monza\/"},"modified":"2026-03-23T13:00:26","modified_gmt":"2026-03-23T10:00:26","slug":"pomocnik-kuchenny-bufet-kuchenny-na-kolkach-monza","status":"publish","type":"product","link":"https:\/\/baldumarket.lt\/lt\/product\/pomocnik-kuchenny-bufet-kuchenny-na-kolkach-monza\/","title":{"rendered":"Monza virtuv\u0117s pagalbininkas ant rat\u0173"},"content":{"rendered":"<h5><span style=\"color: #54859b\">Apsilankykite m\u016bs\u0173 virtualioje Stolarz-Lempert prek\u0117s \u017eenklo parduotuv\u0117je<\/span><\/h5>\n<p> <a href=\"http:\/\/spacer.lempert.pl\/\" target=\"_blank\" rel=\"noopener\"><span style=\"color: #e47025\">http:\/\/spacer.lempert.pl\/<\/span><\/a><\/p>\n<p>\u201eMonza\u201c virtuv\u0117s fur\u0161etas ant ratuk\u0173 yra idealus sprendimas ma\u017eoms virtuv\u0117ms, studijos tipo apartamentams, virtuv\u0117l\u0117ms, vie\u0161bu\u010di\u0173 fur\u0161etams ar net virtuv\u0117s kampeliui nuosavyb\u0117je. \u201eMonza\u201c sistemos parametrai:<br \/>\nPlok\u0161t\u0117s tipas, storis:<br \/>\nKorpusas \u2013 16 mm laminuota plok\u0161t\u0117, juoda \/ Galin\u0117 dalis \u2013 2,5 mm HDF \u2013 juoda<br \/>\nFasadas \u2013 16 mm laminuota plok\u0161t\u0117, Okapi rie\u0161utmedis<br \/>\nLentynos \u2013 18 mm laminuota plok\u0161t\u0117, juoda<br \/>\nApvado tipas:<br \/>\nKorpusas: melaminas<br \/>\nPriekin\u0117 dalis: ABS<br \/>\nKojos:<br \/>\nTipas: H-100 matin\u0117 juoda \/ Volelis: GTV CIRCO<br \/>\nAuk\u0161tis: 100 mm \/ Volelis: 61,5 mm, FI 50<br \/>\nRankenos \u2013 128-UZ94L31 \/ UA-HEXA-192-20M<br \/>\n128 mm \/ matin\u0117 juoda 192 mm \/ juoda<br \/>\nStal\u010di\u0173 atidarymo sistema \u2013 rutulinis guolis<br \/>\nVyri\u0173 tipas \u2013 standartinis \u2013 be \u0161velnaus u\u017edarymo<br \/>\nSpalvos:<br \/>\nPriekin\u0117s dalys: 16 mm laminuota plok\u0161t\u0117, Okapi rie\u0161utmedis<br \/>\nKorpusas: 16 mm juoda laminuota plok\u0161t\u0117<br \/>\nVir\u0161us, lentynos: 18 mm juoda laminuota plok\u0161t\u0117<br \/>\n\u201eMonza\u201c virtuv\u0117s indauja ant ratuk\u0173 \u2013 turi dvi spinteles, lentyn\u0105 ir ni\u0161\u0105, o \u0161one \u2013 audinio laikikl\u012f.<br \/>\n\u0160i indauja papildo 120 cm arba 80 cm \u201eMonza\u201c indaujas.<\/p>","protected":false},"excerpt":{"rendered":"<p>Priekin\u0117s dalies tipas: laminuota plok\u0161t\u0117 \/ MDF \/ lakuota laminuota plok\u0161t\u0117<br \/>\nVirtuv\u0117s spalva: Okapi rie\u0161utas<br \/>\nVirtuv\u0117s stilius: modernus, med\u017eio imitacija<br \/>\nPriekin\u0117s dalies tipas: laminuota plok\u0161t\u0117 \/ MDF \/ lakuota laminuota plok\u0161t\u0117<\/p>","protected":false},"featured_media":326758,"comment_status":"open","ping_status":"open","template":"","meta":[],"product_brand":[],"product_cat":[9234,9118],"product_tag":[],"class_list":{"0":"post-326757","1":"product","2":"type-product","3":"status-publish","4":"has-post-thumbnail","6":"product_cat-stolarz-lempert","7":"product_cat-kitchen-cabinets","9":"first","10":"instock","11":"purchasable","12":"product-type-simple"},"_links":{"self":[{"href":"https:\/\/baldumarket.lt\/lt\/wp-json\/wp\/v2\/product\/326757","targetHints":{"allow":["GET"]}}],"collection":[{"href":"https:\/\/baldumarket.lt\/lt\/wp-json\/wp\/v2\/product"}],"about":[{"href":"https:\/\/baldumarket.lt\/lt\/wp-json\/wp\/v2\/types\/product"}],"replies":[{"embeddable":true,"href":"https:\/\/baldumarket.lt\/lt\/wp-json\/wp\/v2\/comments?post=326757"}],"wp:featuredmedia":[{"embeddable":true,"href":"https:\/\/baldumarket.lt\/lt\/wp-json\/wp\/v2\/media\/326758"}],"wp:attachment":[{"href":"https:\/\/baldumarket.lt\/lt\/wp-json\/wp\/v2\/media?parent=326757"}],"wp:term":[{"taxonomy":"product_brand","embeddable":true,"href":"https:\/\/baldumarket.lt\/lt\/wp-json\/wp\/v2\/product_brand?post=326757"},{"taxonomy":"product_cat","embeddable":true,"href":"https:\/\/baldumarket.lt\/lt\/wp-json\/wp\/v2\/product_cat?post=326757"},{"taxonomy":"product_tag","embeddable":true,"href":"https:\/\/baldumarket.lt\/lt\/wp-json\/wp\/v2\/product_tag?post=326757"}],"curies":[{"name":"wp","href":"https:\/\/api.w.org\/{rel}","templated":true}]}}