{"id":326709,"date":"2026-01-16T11:18:03","date_gmt":"2026-01-16T08:18:03","guid":{"rendered":"https:\/\/baldumarket.lt\/product\/witryna-2f2s-z-szufladami-122-ovalio-dab-cremona\/"},"modified":"2026-03-23T13:00:26","modified_gmt":"2026-03-23T10:00:26","slug":"witryna-2f2s-z-szufladami-122-ovalio-dab-cremona","status":"publish","type":"product","link":"https:\/\/baldumarket.lt\/lt\/product\/witryna-2f2s-z-szufladami-122-ovalio-dab-cremona\/","title":{"rendered":"Vitrina 2F2S su stal\u010diais 122 Ovalio cremona \u0105\u017euolas"},"content":{"rendered":"<h5><span style=\"color: #54859b\">Apsilankykite m\u016bs\u0173 virtualioje Stolarz-Lempert prek\u0117s \u017eenklo parduotuv\u0117je<\/span><\/h5>\n<p> <a href=\"http:\/\/spacer.lempert.pl\/\" target=\"_blank\" rel=\"noopener\"><span style=\"color: #e47025\">http:\/\/spacer.lempert.pl\/<\/span><\/a><\/p>\n<p>\u201eOvalio\u201c bald\u0173 kolekcija \u2013 tai harmoningas moderni\u0173 form\u0173 ir rafinuot\u0173 detali\u0173 derinys. Minimalistines atskir\u0173 bald\u0173 linijas pagyvina \u012fmantrus frezavimas, o u\u017eapvalinti kra\u0161tai suteikia elegancijos.<br \/>\nSistemos parametrai:<br \/>\nFasadai pagaminti i\u0161 16 mm MDF \u2013 Kremonos \u0105\u017euolo<br \/>\nKarkasai pagaminti i\u0161 16 mm laminuotos plok\u0161t\u0117s (Cremona Oak) + 16 mm MDF (Cremona Oak)<br \/>\nNugara \u2013 2,5 mm HDF<br \/>\nABS apvadai<br \/>\nPriekinis stiklas \u2013 gr\u016bdintas, i\u0161 vis\u0173 pusi\u0173 poliruotas, skaidrus stiklas, 4 mm storio<br \/>\nLentynos \u2013 i\u0161 vis\u0173 pusi\u0173 poliruotas, skaidrus stiklas, 5 mm storio<br \/>\nKojel\u0117s \u2013 tiesios metalin\u0117s \u2013 15 cm<br \/>\nKoj\u0173 spalva: juoda<br \/>\nKreiptuvai \u2013 QUADRO \u2013 \u0161velniai u\u017esidarantys<br \/>\nVyriai \u2013 \u0161velniai u\u017esidarantys<br \/>\nRankena \u2013 juodas mygtukas<br \/>\n\u201eOvalio\u201c vitrinos fasadai yra stikliniai, u\u017e j\u0173 \u2013 stiklin\u0117s lentynos ir du papildomi stal\u010diai.<br \/>\n\u00a0<br \/>\nSvoris ir matmenys: 1\/2 pakuot\u0117s: 1461 x 453 x 119 mm<br \/>\nSvoris: 37,1 kg<br \/>\n2\/2 pakuot\u0117: 1464 x 575 x 97 mm<br \/>\nSvoris: 38,25 kg<\/p>","protected":false},"excerpt":{"rendered":"<p>Plotis [cm]: 123<br \/>\nAuk\u0161tis [cm]: 155<br \/>\ngylis [cm]: 42,3<\/p>","protected":false},"featured_media":326710,"comment_status":"open","ping_status":"open","template":"","meta":[],"product_brand":[],"product_cat":[9234,2006],"product_tag":[],"class_list":{"0":"post-326709","1":"product","2":"type-product","3":"status-publish","4":"has-post-thumbnail","6":"product_cat-stolarz-lempert","7":"product_cat-vitrines","9":"first","10":"instock","11":"purchasable","12":"product-type-simple"},"_links":{"self":[{"href":"https:\/\/baldumarket.lt\/lt\/wp-json\/wp\/v2\/product\/326709","targetHints":{"allow":["GET"]}}],"collection":[{"href":"https:\/\/baldumarket.lt\/lt\/wp-json\/wp\/v2\/product"}],"about":[{"href":"https:\/\/baldumarket.lt\/lt\/wp-json\/wp\/v2\/types\/product"}],"replies":[{"embeddable":true,"href":"https:\/\/baldumarket.lt\/lt\/wp-json\/wp\/v2\/comments?post=326709"}],"wp:featuredmedia":[{"embeddable":true,"href":"https:\/\/baldumarket.lt\/lt\/wp-json\/wp\/v2\/media\/326710"}],"wp:attachment":[{"href":"https:\/\/baldumarket.lt\/lt\/wp-json\/wp\/v2\/media?parent=326709"}],"wp:term":[{"taxonomy":"product_brand","embeddable":true,"href":"https:\/\/baldumarket.lt\/lt\/wp-json\/wp\/v2\/product_brand?post=326709"},{"taxonomy":"product_cat","embeddable":true,"href":"https:\/\/baldumarket.lt\/lt\/wp-json\/wp\/v2\/product_cat?post=326709"},{"taxonomy":"product_tag","embeddable":true,"href":"https:\/\/baldumarket.lt\/lt\/wp-json\/wp\/v2\/product_tag?post=326709"}],"curies":[{"name":"wp","href":"https:\/\/api.w.org\/{rel}","templated":true}]}}