{"id":326693,"date":"2026-01-16T11:17:48","date_gmt":"2026-01-16T08:17:48","guid":{"rendered":"https:\/\/baldumarket.lt\/product\/toaletka-2s-konsola-wiszaca-202-ovalio-dab-cremona\/"},"modified":"2026-03-23T13:00:26","modified_gmt":"2026-03-23T10:00:26","slug":"toaletka-2s-konsola-wiszaca-202-ovalio-dab-cremona","status":"publish","type":"product","link":"https:\/\/baldumarket.lt\/lt\/product\/toaletka-2s-konsola-wiszaca-202-ovalio-dab-cremona\/","title":{"rendered":"Tualetinis staliukas 2S pakabinamas konsolinis 202 Ovalio kremonos \u0105\u017euolas"},"content":{"rendered":"<h5><span style=\"color: #54859b\">Apsilankykite m\u016bs\u0173 virtualioje Stolarz-Lempert prek\u0117s \u017eenklo parduotuv\u0117je<\/span><\/h5>\n<p> <a href=\"http:\/\/spacer.lempert.pl\/\" target=\"_blank\" rel=\"noopener\"><span style=\"color: #e47025\">http:\/\/spacer.lempert.pl\/<\/span><\/a><\/p>\n<p>\u201eOvalio\u201c bald\u0173 kolekcija \u2013 tai harmoningas moderni\u0173 form\u0173 ir rafinuot\u0173 detali\u0173 derinys. Minimalistines atskir\u0173 bald\u0173 linijas pagyvina \u012fmantrus frezavimas, o u\u017eapvalinti kra\u0161tai suteikia elegancijos.<br \/>\nSistemos parametrai:<br \/>\nFasadai pagaminti i\u0161 16 mm MDF \u2013 Kremonos \u0105\u017euolo<br \/>\nKarkasai pagaminti i\u0161 16 mm laminuotos plok\u0161t\u0117s (Cremona Oak) + 16 mm MDF (Cremona Oak)<br \/>\nNugara \u2013 2,5 mm HDF<br \/>\nABS apvadai<br \/>\nPriekinis stiklas \u2013 gr\u016bdintas, i\u0161 vis\u0173 pusi\u0173 poliruotas, skaidrus stiklas, 4 mm storio<br \/>\nLentynos \u2013 i\u0161 vis\u0173 pusi\u0173 poliruotas, skaidrus stiklas, 5 mm storio<br \/>\nKojel\u0117s \u2013 tiesios metalin\u0117s \u2013 15 cm<br \/>\nKoj\u0173 spalva: juoda<br \/>\nKreiptuvai \u2013 QUADRO \u2013 \u0161velniai u\u017esidarantys<br \/>\nVyriai \u2013 \u0161velniai u\u017esidarantys<br \/>\nRankena \u2013 juodas mygtukas<br \/>\nOvalio konsolinis tualetinis staliukas su stal\u010diais.<br \/>\nSvoris ir matmenys: 1\/1 pakuot\u0117s<br \/>\n1457 x 392 x 74 mm<br \/>\nsvoris \u2013 17,95 kg<\/p>","protected":false},"excerpt":{"rendered":"<p>Plotis [cm]: 123<br \/>\nAuk\u0161tis [cm]: 17,5<br \/>\ngylis [cm]: 36<\/p>","protected":false},"featured_media":326694,"comment_status":"open","ping_status":"open","template":"","meta":[],"product_brand":[],"product_cat":[9234,1237],"product_tag":[],"class_list":{"0":"post-326693","1":"product","2":"type-product","3":"status-publish","4":"has-post-thumbnail","6":"product_cat-stolarz-lempert","7":"product_cat-dressing-tables","9":"first","10":"instock","11":"purchasable","12":"product-type-simple"},"_links":{"self":[{"href":"https:\/\/baldumarket.lt\/lt\/wp-json\/wp\/v2\/product\/326693","targetHints":{"allow":["GET"]}}],"collection":[{"href":"https:\/\/baldumarket.lt\/lt\/wp-json\/wp\/v2\/product"}],"about":[{"href":"https:\/\/baldumarket.lt\/lt\/wp-json\/wp\/v2\/types\/product"}],"replies":[{"embeddable":true,"href":"https:\/\/baldumarket.lt\/lt\/wp-json\/wp\/v2\/comments?post=326693"}],"wp:featuredmedia":[{"embeddable":true,"href":"https:\/\/baldumarket.lt\/lt\/wp-json\/wp\/v2\/media\/326694"}],"wp:attachment":[{"href":"https:\/\/baldumarket.lt\/lt\/wp-json\/wp\/v2\/media?parent=326693"}],"wp:term":[{"taxonomy":"product_brand","embeddable":true,"href":"https:\/\/baldumarket.lt\/lt\/wp-json\/wp\/v2\/product_brand?post=326693"},{"taxonomy":"product_cat","embeddable":true,"href":"https:\/\/baldumarket.lt\/lt\/wp-json\/wp\/v2\/product_cat?post=326693"},{"taxonomy":"product_tag","embeddable":true,"href":"https:\/\/baldumarket.lt\/lt\/wp-json\/wp\/v2\/product_tag?post=326693"}],"curies":[{"name":"wp","href":"https:\/\/api.w.org\/{rel}","templated":true}]}}