{"id":326637,"date":"2026-01-16T11:17:07","date_gmt":"2026-01-16T08:17:07","guid":{"rendered":"https:\/\/baldumarket.lt\/product\/salon-ovalio-bez-piaskowy\/"},"modified":"2026-04-23T18:18:58","modified_gmt":"2026-04-23T15:18:58","slug":"salon-ovalio-bez-piaskowy","status":"publish","type":"product","link":"https:\/\/baldumarket.lt\/lt\/product\/salon-ovalio-bez-piaskowy\/","title":{"rendered":"Ovalio svetain\u0117s sm\u0117lio spalvos"},"content":{"rendered":"<h5><span style=\"color: #54859b\">Apsilankykite m\u016bs\u0173 virtualioje Stolarz-Lempert prek\u0117s \u017eenklo parduotuv\u0117je<\/span><\/h5>\n<p> <a href=\"http:\/\/spacer.lempert.pl\/\" target=\"_blank\" rel=\"noopener\"><span style=\"color: #e47025\">http:\/\/spacer.lempert.pl\/<\/span><\/a><\/p>\n<p>\u201eOvalio\u201c bald\u0173 kolekcija \u2013 tai harmoningas moderni\u0173 form\u0173 ir rafinuot\u0173 detali\u0173 derinys. Minimalistines atskir\u0173 bald\u0173 linijas pagyvina \u012fmantrus frezavimas, o u\u017eapvalinti kra\u0161tai suteikia elegancijos.<br \/>\nSistemos parametrai:<br \/>\nPriekin\u0117s dalys pagamintos i\u0161 16 mm sm\u0117lio spalvos laminuotos plok\u0161t\u0117s<br \/>\nKarkasai pagaminti i\u0161 16 mm sm\u0117lio spalvos laminuotos plok\u0161t\u0117s + 16 mm sm\u0117lio spalvos MDF plok\u0161t\u0117s<br \/>\nNugara \u2013 2,5 mm HDF<br \/>\nABS apvadai<br \/>\nPriekinis stiklas \u2013 gr\u016bdintas, i\u0161 vis\u0173 pusi\u0173 poliruotas, skaidrus stiklas, 4 mm storio<br \/>\nLentynos \u2013 i\u0161 vis\u0173 pusi\u0173 poliruotas, skaidrus stiklas, 1 mm storio, 5 mm<br \/>\nKojos \u2013 tiesios metalin\u0117s \u2013 15 cm<br \/>\nKoj\u0173 spalva: auksin\u0117<br \/>\nKreiptuvai \u2013 QUADRO \u2013 \u0160velnus u\u017edarymas<br \/>\nVyriai \u2013 \u0161velnaus u\u017edarymo<br \/>\nRankena \u2013 auksin\u0117 ranken\u0117l\u0117<br \/>\nSvetain\u0117je yra:<br \/>\nVitrina 2F2S su stal\u010diais 122 Ovalio \u2013 123\/155\/42,3 cm P\/A\/G<br \/>\nKomoda 3F 830 Ovalio \u2013 165\/85,4\/42,3 cm P\/A\/G<br \/>\nApvalus veidrodis 701 Ovalio, skersmuo \u2013 100 cm<br \/>\nKavos staliukas 200 Ovalio \u2013 100\/45\/52 cm P\/A\/G<\/p>","protected":false},"excerpt":{"rendered":"<p>Visit our virtual store of the Stolarz-Lempert brand http:\/\/spacer.lempert.pl\/ The Ovalio furniture collection is a harmonious blend of modern form and refined details. The minimalist lines of individual pieces are enlivened with intricate milling, and the rounded sides add elegance. System parameters: Fronts made of 16 mm laminated board in sand beige Carcasses made of [&hellip;]<\/p>","protected":false},"featured_media":326638,"comment_status":"open","ping_status":"open","template":"","meta":[],"product_brand":[],"product_cat":[9234,2008],"product_tag":[],"class_list":{"0":"post-326637","1":"product","2":"type-product","3":"status-publish","4":"has-post-thumbnail","6":"product_cat-stolarz-lempert","7":"product_cat-wall-units","9":"first","10":"instock","11":"purchasable","12":"product-type-simple"},"_links":{"self":[{"href":"https:\/\/baldumarket.lt\/lt\/wp-json\/wp\/v2\/product\/326637","targetHints":{"allow":["GET"]}}],"collection":[{"href":"https:\/\/baldumarket.lt\/lt\/wp-json\/wp\/v2\/product"}],"about":[{"href":"https:\/\/baldumarket.lt\/lt\/wp-json\/wp\/v2\/types\/product"}],"replies":[{"embeddable":true,"href":"https:\/\/baldumarket.lt\/lt\/wp-json\/wp\/v2\/comments?post=326637"}],"wp:featuredmedia":[{"embeddable":true,"href":"https:\/\/baldumarket.lt\/lt\/wp-json\/wp\/v2\/media\/326638"}],"wp:attachment":[{"href":"https:\/\/baldumarket.lt\/lt\/wp-json\/wp\/v2\/media?parent=326637"}],"wp:term":[{"taxonomy":"product_brand","embeddable":true,"href":"https:\/\/baldumarket.lt\/lt\/wp-json\/wp\/v2\/product_brand?post=326637"},{"taxonomy":"product_cat","embeddable":true,"href":"https:\/\/baldumarket.lt\/lt\/wp-json\/wp\/v2\/product_cat?post=326637"},{"taxonomy":"product_tag","embeddable":true,"href":"https:\/\/baldumarket.lt\/lt\/wp-json\/wp\/v2\/product_tag?post=326637"}],"curies":[{"name":"wp","href":"https:\/\/api.w.org\/{rel}","templated":true}]}}