{"id":326557,"date":"2026-01-16T11:16:02","date_gmt":"2026-01-16T08:16:02","guid":{"rendered":"https:\/\/baldumarket.lt\/product\/komoda-3f-z-szafkami-830-ovalio-bez-piaskowy\/"},"modified":"2026-03-23T13:00:26","modified_gmt":"2026-03-23T10:00:26","slug":"komoda-3f-z-szafkami-830-ovalio-bez-piaskowy","status":"publish","type":"product","link":"https:\/\/baldumarket.lt\/lt\/product\/komoda-3f-z-szafkami-830-ovalio-bez-piaskowy\/","title":{"rendered":"3F komoda su spintel\u0117mis 830 Ovalio sm\u0117lio spalvos"},"content":{"rendered":"<h5><span style=\"color: #54859b\">Apsilankykite m\u016bs\u0173 virtualioje Stolarz-Lempert prek\u0117s \u017eenklo parduotuv\u0117je<\/span><\/h5>\n<p> <a href=\"http:\/\/spacer.lempert.pl\/\" target=\"_blank\" rel=\"noopener\"><span style=\"color: #e47025\">http:\/\/spacer.lempert.pl\/<\/span><\/a><\/p>\n<p>\u201eOvalio\u201c bald\u0173 kolekcija \u2013 tai harmoningas moderni\u0173 form\u0173 ir rafinuot\u0173 detali\u0173 derinys. Minimalistines atskir\u0173 bald\u0173 linijas pagyvina \u012fmantrus frezavimas, o u\u017eapvalinti kra\u0161tai suteikia elegancijos.<br \/>\nSistemos parametrai:<br \/>\nPriekin\u0117s dalys pagamintos i\u0161 16 mm sm\u0117lio spalvos laminuotos plok\u0161t\u0117s<br \/>\nKarkasai pagaminti i\u0161 16 mm sm\u0117lio spalvos laminuotos plok\u0161t\u0117s + 16 mm sm\u0117lio spalvos MDF plok\u0161t\u0117s<br \/>\nNugara \u2013 2,5 mm HDF<br \/>\nABS apvadai<br \/>\nPriekinis stiklas \u2013 gr\u016bdintas, i\u0161 vis\u0173 pusi\u0173 poliruotas, skaidrus stiklas, 4 mm storio<br \/>\nLentynos \u2013 i\u0161 vis\u0173 pusi\u0173 poliruotas, skaidrus stiklas, 5 mm storio<br \/>\nKojel\u0117s \u2013 tiesios metalin\u0117s \u2013 15 cm<br \/>\nKoj\u0173 spalva: auksin\u0117<br \/>\nKreiptuvai \u2013 QUADRO \u2013 \u0161velniai u\u017esidarantys<br \/>\nVyriai \u2013 \u0161velniai u\u017esidarantys<br \/>\nRankena \u2013 auksin\u0117 ranken\u0117l\u0117<br \/>\n\u201eOvalio\u201c komoda \u2013 turi tris spinteles su lentynomis u\u017e fasad\u0173.<br \/>\nSvoris ir matmenys: 1\/2 pakuot\u0117s<br \/>\n747 x 580 x 150 mm<br \/>\nSvoris \u2013 30,45 kg<br \/>\n2\/2 pakuot\u0117s<br \/>\n1727 x 453 x 60 mm<br \/>\nSvoris \u2013 22,7 kg<\/p>","protected":false},"excerpt":{"rendered":"<p>Plotis [cm]: 165<br \/>\n\u016agis [cm]: 85,4<br \/>\ngylis [cm]: 42,3<\/p>","protected":false},"featured_media":326558,"comment_status":"open","ping_status":"open","template":"","meta":[],"product_brand":[],"product_cat":[9234,1173],"product_tag":[],"class_list":{"0":"post-326557","1":"product","2":"type-product","3":"status-publish","4":"has-post-thumbnail","6":"product_cat-stolarz-lempert","7":"product_cat-chests-of-drawers","9":"first","10":"instock","11":"purchasable","12":"product-type-simple"},"_links":{"self":[{"href":"https:\/\/baldumarket.lt\/lt\/wp-json\/wp\/v2\/product\/326557","targetHints":{"allow":["GET"]}}],"collection":[{"href":"https:\/\/baldumarket.lt\/lt\/wp-json\/wp\/v2\/product"}],"about":[{"href":"https:\/\/baldumarket.lt\/lt\/wp-json\/wp\/v2\/types\/product"}],"replies":[{"embeddable":true,"href":"https:\/\/baldumarket.lt\/lt\/wp-json\/wp\/v2\/comments?post=326557"}],"wp:featuredmedia":[{"embeddable":true,"href":"https:\/\/baldumarket.lt\/lt\/wp-json\/wp\/v2\/media\/326558"}],"wp:attachment":[{"href":"https:\/\/baldumarket.lt\/lt\/wp-json\/wp\/v2\/media?parent=326557"}],"wp:term":[{"taxonomy":"product_brand","embeddable":true,"href":"https:\/\/baldumarket.lt\/lt\/wp-json\/wp\/v2\/product_brand?post=326557"},{"taxonomy":"product_cat","embeddable":true,"href":"https:\/\/baldumarket.lt\/lt\/wp-json\/wp\/v2\/product_cat?post=326557"},{"taxonomy":"product_tag","embeddable":true,"href":"https:\/\/baldumarket.lt\/lt\/wp-json\/wp\/v2\/product_tag?post=326557"}],"curies":[{"name":"wp","href":"https:\/\/api.w.org\/{rel}","templated":true}]}}