{"id":325877,"date":"2026-01-16T11:05:49","date_gmt":"2026-01-16T08:05:49","guid":{"rendered":"https:\/\/baldumarket.lt\/product\/szafka-gorna-60-60-cm-narozna-artisan-cappuccino-polysk-60x60-gn-108-45-stopni-1f\/"},"modified":"2026-03-23T13:00:26","modified_gmt":"2026-03-23T10:00:26","slug":"szafka-gorna-60-60-cm-narozna-artisan-cappuccino-polysk-60x60-gn-108-45-stopni-1f","status":"publish","type":"product","link":"https:\/\/baldumarket.lt\/lt\/product\/szafka-gorna-60-60-cm-narozna-artisan-cappuccino-polysk-60x60-gn-108-45-stopni-1f\/","title":{"rendered":"Vir\u0161utin\u0117 spintel\u0117 60\/60 cm kampin\u0117 \u201eArtisan cappuccino\u201c blizgi 60\u00d760 GN-108 (45 laipsni\u0173) 1F"},"content":{"rendered":"<h5><span style=\"color: #54859b\">Apsilankykite m\u016bs\u0173 virtualioje Stolarz-Lempert prek\u0117s \u017eenklo parduotuv\u0117je<\/span><\/h5>\n<p> <a href=\"http:\/\/spacer.lempert.pl\/\" target=\"_blank\" rel=\"noopener\"><span style=\"color: #e47025\">http:\/\/spacer.lempert.pl\/<\/span><\/a><\/p>\n<p>\u201eArtisan Kitchen\u201c \u2013 tai modern\u016bs ir \u012fdom\u016bs baldai, kurie tiks prie bet kokio interjero.<br \/>\nVirtuv\u0117je yra de\u0161imtys spinteli\u0173, i\u0161 kuri\u0173 galite susikurti savo komplekt\u0105.<br \/>\nPaprastos formos \u2013 puikus pasirinkimas moderniai virtuvei.<br \/>\n\u012e rinkin\u012f \u012feina:<br \/>\nauk\u0161tos kokyb\u0117s MDF fasadai<br \/>\nerdvios spintel\u0117s<br \/>\nmetalin\u0117s rankenos<br \/>\n\u0161velniai u\u017esidarantys vyriai<br \/>\nauk\u0161\u010diausios kokyb\u0117s stal\u010diai su \u0161velnaus u\u017edarymo sistema<br \/>\n2,8 cm arba 3,8 cm storio stalvir\u0161iai, pagaminti naudojant pokalimo technologij\u0105, su ergonomi\u0161kai u\u017eapvalinta priekine dalimi (neb\u016btina)<br \/>\nvirtuv\u0117 be koj\u0173, montuojama ant cokoli\u0173<br \/>\nBaldai si\u016blomi penki\u0173 patraukli\u0173 spalv\u0173 \u2013 apsilankykite m\u016bs\u0173 svetain\u0117je:<br \/>\nVirtuv\u0117s spalvos:<br \/>\nFasadai: MDF kapu\u010dino pusiau blizgus, PVC kapu\u010dino pusiau blizgus, Artisan \u0105\u017euolas<br \/>\nKorpusas: Artisan \u0105\u017euolas<br \/>\nRankena 128-9408 metalin\u0117<br \/>\nCokolin\u0117s grindys: \u0105\u017euolas i\u0161 rank\u0173 darbo<br \/>\nVir\u0161utin\u0117s plok\u0161t\u0117s storis: 28 mm arba 38 mm<br \/>\nArtisan kapu\u010dino blizgi kampin\u0117 vir\u0161utin\u0117 spintel\u0117 60\u00d760 cm GN-108 (45 laipsni\u0173) 1F<br \/>\n\u00a0<br \/>\nUniversali spintel\u0117, skirta montuoti de\u0161in\u0117je arba kair\u0117je pus\u0117je.<\/p>","protected":false},"excerpt":{"rendered":"<p>Priekin\u0117s dalies tipas: laminuota plok\u0161t\u0117 \/ MDF \/ lakuota 16 mm MDF (kapu\u010dino blizgi) ir laminuota plok\u0161t\u0117 16 mm (artisan)<br \/>\nVirtuv\u0117s spalva: blizgi kapu\u010dino<br \/>\nVirtuv\u0117s stilius: Modernus<br \/>\nPriekin\u0117s dalies tipas: laminuota plok\u0161t\u0117 \/ MDF \/ lakuota 16 mm MDF (kapu\u010dino blizgi) ir laminuota plok\u0161t\u0117 16 mm (artisan)<\/p>","protected":false},"featured_media":325878,"comment_status":"open","ping_status":"open","template":"","meta":[],"product_brand":[],"product_cat":[9234,9118],"product_tag":[],"class_list":{"0":"post-325877","1":"product","2":"type-product","3":"status-publish","4":"has-post-thumbnail","6":"product_cat-stolarz-lempert","7":"product_cat-kitchen-cabinets","9":"first","10":"instock","11":"purchasable","12":"product-type-simple"},"_links":{"self":[{"href":"https:\/\/baldumarket.lt\/lt\/wp-json\/wp\/v2\/product\/325877","targetHints":{"allow":["GET"]}}],"collection":[{"href":"https:\/\/baldumarket.lt\/lt\/wp-json\/wp\/v2\/product"}],"about":[{"href":"https:\/\/baldumarket.lt\/lt\/wp-json\/wp\/v2\/types\/product"}],"replies":[{"embeddable":true,"href":"https:\/\/baldumarket.lt\/lt\/wp-json\/wp\/v2\/comments?post=325877"}],"wp:featuredmedia":[{"embeddable":true,"href":"https:\/\/baldumarket.lt\/lt\/wp-json\/wp\/v2\/media\/325878"}],"wp:attachment":[{"href":"https:\/\/baldumarket.lt\/lt\/wp-json\/wp\/v2\/media?parent=325877"}],"wp:term":[{"taxonomy":"product_brand","embeddable":true,"href":"https:\/\/baldumarket.lt\/lt\/wp-json\/wp\/v2\/product_brand?post=325877"},{"taxonomy":"product_cat","embeddable":true,"href":"https:\/\/baldumarket.lt\/lt\/wp-json\/wp\/v2\/product_cat?post=325877"},{"taxonomy":"product_tag","embeddable":true,"href":"https:\/\/baldumarket.lt\/lt\/wp-json\/wp\/v2\/product_tag?post=325877"}],"curies":[{"name":"wp","href":"https:\/\/api.w.org\/{rel}","templated":true}]}}