{"id":325593,"date":"2026-01-16T11:01:23","date_gmt":"2026-01-16T08:01:23","guid":{"rendered":"https:\/\/baldumarket.lt\/product\/zestaw-kuchenny-260-cm-cremona-antracyt-kuchnia-260-cm\/"},"modified":"2026-03-23T13:00:26","modified_gmt":"2026-03-23T10:00:26","slug":"zestaw-kuchenny-260-cm-cremona-antracyt-kuchnia-260-cm","status":"publish","type":"product","link":"https:\/\/baldumarket.lt\/lt\/product\/zestaw-kuchenny-260-cm-cremona-antracyt-kuchnia-260-cm\/","title":{"rendered":"Virtuv\u0117s komplektas 260 cm Cremona antracito spalvos, virtuv\u0117 260 cm"},"content":{"rendered":"<h5><span style=\"color: #54859b\">Apsilankykite m\u016bs\u0173 virtualioje Stolarz-Lempert prek\u0117s \u017eenklo parduotuv\u0117je<\/span><\/h5>\n<p> <a href=\"http:\/\/spacer.lempert.pl\/\" target=\"_blank\" rel=\"noopener\"><span style=\"color: #e47025\">http:\/\/spacer.lempert.pl\/<\/span><\/a><\/p>\n<p>\u201eCremona\u201c virtuv\u0117je nat\u016bralus med\u017eio gro\u017eis atsispindi moderniame dizaine. \u0160iltas \u201eCremona\u201c \u0105\u017euolo atspalvis bet kuriai virtuvei suteikia elegancijos, harmonijos ir jaukios atmosferos. Komplekt\u0105 sudaro \u0161ios spintel\u0117s:<br \/>\n60 cm su 1 priekiu \u2013 60 D 1F BB<br \/>\n60 cm po orkaite \u2013 60 D GAZ BB<br \/>\n40 cm stal\u010diai \u2013 40 D 3S BB<br \/>\n60 cm kriaukl\u0117s stal\u010dius \u2013 60 ZL 1S BB<br \/>\n40 cm su 1 priekiu \u2013 40 D 1F BB<br \/>\nVir\u0161uje<br \/>\n60 cm su 1 priekiu \u2013 60 G-72 1F<br \/>\n60 cm po gaubtu \u2013 60 GU-36 1F<br \/>\n40 cm su 1 priekiu \u2013 40 G-72 1F<br \/>\n60 cm su 1 priekiu \u2013 60 G-72 1F<br \/>\n40 cm su 1 priekiu \u2013 40 G-72 1F<br \/>\nParametrai:<br \/>\nPlok\u0161t\u0117s tipas, storis ir spalva:<br \/>\n16 mm antracito spalvos laminuotos plok\u0161t\u0117s korpusas, 2,5 mm HDF nugar\u0117l\u0117 \u2013 balta<br \/>\n16 mm storio Cremona \u0105\u017euolo laminuotos plok\u0161t\u0117s fasadai<br \/>\nBriaunos tipas:<br \/>\nMelamino korpusai<br \/>\nABS fasadai<br \/>\nKojel\u0117s \u2013 reguliuojamo auk\u0161\u010dio, 15 cm auk\u0161\u010dio<br \/>\nRankenos \u2013 juodos, pritvirtintos prie kra\u0161t\u0173<br \/>\nStal\u010di\u0173 atidarymo sistema \u2013 b\u0117geli\u0173 tipo \u2013 PREMIUM BOX<br \/>\nVyri\u0173 tipas \u2013 \u0161velnaus u\u017edarymo (i\u0161skyrus kampines spinteles)<br \/>\nUniversal\u016bs fasadai \u2013 montuojami kair\u0117je pus\u0117je<br \/>\nSpintel\u0117s \u2013 be stalvir\u0161i\u0173 ar grindjuos\u010di\u0173<br \/>\n\u0160velnaus u\u017edarymo sistema fasadams ir stal\u010diams, virtuv\u0117 ant reguliuojamo auk\u0161\u010dio kojeli\u0173, cokolis \u012f korpus\u0105 ne\u012feina.<br \/>\nSpalvos:<br \/>\nPriekin\u0117s dalys: 16 mm storio laminuota Kremonos \u0105\u017euolo plok\u0161t\u0117 (ABS)<br \/>\nKorpusas: 16 mm antracito (melamino) laminuota plok\u0161t\u0117<br \/>\n\u00a0<\/p>","protected":false},"excerpt":{"rendered":"<p>Virtuv\u0117s spalva: Kremonos \u0105\u017euolas<br \/>\nVirtuv\u0117s stilius: Modernus<br \/>\nPriekin\u0117s dalies tipas: laminuota plok\u0161t\u0117 \/ MDF \/ lakuota laminuota plok\u0161t\u0117<br \/>\nPlotis [cm]: 260<br \/>\nAuk\u0161tis [cm]: 71,5 (vir\u0161uje)<br \/>\nAuk\u0161tis be stalvir\u0161io [cm]: 87<br \/>\nVyri\u0173 \/ stal\u010di\u0173 tipas: \u0161velnus u\u017edarymas<br \/>\nSpintel\u0117s pad\u0117tis \/ atidarymo b\u016bdas: Universalus<br \/>\nGylis be stalvir\u0161io [cm]: 52<\/p>","protected":false},"featured_media":325594,"comment_status":"open","ping_status":"open","template":"","meta":[],"product_brand":[],"product_cat":[9234,1932],"product_tag":[],"class_list":{"0":"post-325593","1":"product","2":"type-product","3":"status-publish","4":"has-post-thumbnail","6":"product_cat-stolarz-lempert","7":"product_cat-kitchen-sets","9":"first","10":"instock","11":"purchasable","12":"product-type-simple"},"_links":{"self":[{"href":"https:\/\/baldumarket.lt\/lt\/wp-json\/wp\/v2\/product\/325593","targetHints":{"allow":["GET"]}}],"collection":[{"href":"https:\/\/baldumarket.lt\/lt\/wp-json\/wp\/v2\/product"}],"about":[{"href":"https:\/\/baldumarket.lt\/lt\/wp-json\/wp\/v2\/types\/product"}],"replies":[{"embeddable":true,"href":"https:\/\/baldumarket.lt\/lt\/wp-json\/wp\/v2\/comments?post=325593"}],"wp:featuredmedia":[{"embeddable":true,"href":"https:\/\/baldumarket.lt\/lt\/wp-json\/wp\/v2\/media\/325594"}],"wp:attachment":[{"href":"https:\/\/baldumarket.lt\/lt\/wp-json\/wp\/v2\/media?parent=325593"}],"wp:term":[{"taxonomy":"product_brand","embeddable":true,"href":"https:\/\/baldumarket.lt\/lt\/wp-json\/wp\/v2\/product_brand?post=325593"},{"taxonomy":"product_cat","embeddable":true,"href":"https:\/\/baldumarket.lt\/lt\/wp-json\/wp\/v2\/product_cat?post=325593"},{"taxonomy":"product_tag","embeddable":true,"href":"https:\/\/baldumarket.lt\/lt\/wp-json\/wp\/v2\/product_tag?post=325593"}],"curies":[{"name":"wp","href":"https:\/\/api.w.org\/{rel}","templated":true}]}}