{"id":325489,"date":"2026-01-16T10:59:46","date_gmt":"2026-01-16T07:59:46","guid":{"rendered":"https:\/\/baldumarket.lt\/product\/szafka-gorna-niska-gleboka-50-cm-cremona-antracyt-50-nagu-36-1f\/"},"modified":"2026-03-23T13:00:26","modified_gmt":"2026-03-23T10:00:26","slug":"szafka-gorna-niska-gleboka-50-cm-cremona-antracyt-50-nagu-36-1f","status":"publish","type":"product","link":"https:\/\/baldumarket.lt\/lt\/product\/szafka-gorna-niska-gleboka-50-cm-cremona-antracyt-50-nagu-36-1f\/","title":{"rendered":"\u017dema gili vir\u0161utin\u0117 spalvos spintel\u0117 50 cm Cremona antracito 50 NAGU-36 1F"},"content":{"rendered":"<h5><span style=\"color: #54859b\">Apsilankykite m\u016bs\u0173 virtualioje Stolarz-Lempert prek\u0117s \u017eenklo parduotuv\u0117je<\/span><\/h5>\n<p> <a href=\"http:\/\/spacer.lempert.pl\/\" target=\"_blank\" rel=\"noopener\"><span style=\"color: #e47025\">http:\/\/spacer.lempert.pl\/<\/span><\/a><\/p>\n<p>\u201eCremona\u201c virtuv\u0117 si\u016blo nat\u016bral\u0173 med\u017eio gro\u017e\u012f moderniame dizaine. \u0160iltas \u201eCremona\u201c \u0105\u017euolo atspalvis suteikia bet kuriai virtuvei elegancijos, harmonijos ir jaukios atmosferos.<br \/>\nParametrai:<br \/>\nLentos tipas, storis, spalva:<br \/>\n16 mm antracito laminuota plok\u0161t\u0117, nugar\u0117l\u0117 \u2013 2,5 mm HDF \u2013 balta<br \/>\n16 mm storio Cremona \u0105\u017euolo laminuotos plok\u0161t\u0117s fasadai<br \/>\nApvado tipas:<br \/>\nmelamino korpusai<br \/>\nABS fasadai<br \/>\nKojel\u0117s \u2013 reguliuojamo auk\u0161\u010dio, 15 cm auk\u0161\u010dio<br \/>\nRankenos \u2013 juodos, pritvirtintos prie kra\u0161t\u0173<br \/>\nStal\u010di\u0173 atidarymo sistema \u2013 b\u0117geli\u0173 tipo \u2013 PREMIUM BOX<br \/>\nVyri\u0173 tipas \u2013 \u0161velnaus u\u017edarymo (i\u0161skyrus kampines spinteles)<br \/>\nUniversal\u016bs fasadai \u2013 montuojami kair\u0117je arba de\u0161in\u0117je pus\u0117je<br \/>\nSpintel\u0117s \u2013 be stalvir\u0161i\u0173 ar grindjuos\u010di\u0173<br \/>\n\u0160velnaus u\u017edarymo sistema fasadams ir stal\u010diams, virtuv\u0117 ant reguliuojamo auk\u0161\u010dio kojeli\u0173, cokolis nepridedamas.<br \/>\nSpalvos:<br \/>\nPriekin\u0117s dalys: 16 mm storio Cremona \u0105\u017euolo (ABS) laminuota plok\u0161t\u0117<br \/>\nKorpusas: 16 mm antracito (melamino) laminuota plok\u0161t\u0117<br \/>\n\u00a0<\/p>","protected":false},"excerpt":{"rendered":"<p>Virtuv\u0117s spalva: Kremonos \u0105\u017euolas<br \/>\nVirtuv\u0117s stilius: Modernus<br \/>\nPriekin\u0117s dalies tipas: laminuota plok\u0161t\u0117 \/ MDF \/ lakuota laminuota plok\u0161t\u0117<br \/>\nPlotis [cm]: 50<br \/>\nAuk\u0161tis [cm]: 36<br \/>\nGylis [cm]: 57<br \/>\nVyri\u0173 \/ stal\u010di\u0173 tipas: \u0161velnus u\u017edarymas<br \/>\nSpintel\u0117s pad\u0117tis \/ atidarymo b\u016bdas: Universalus<\/p>","protected":false},"featured_media":325490,"comment_status":"open","ping_status":"open","template":"","meta":[],"product_brand":[],"product_cat":[9234,9118],"product_tag":[],"class_list":{"0":"post-325489","1":"product","2":"type-product","3":"status-publish","4":"has-post-thumbnail","6":"product_cat-stolarz-lempert","7":"product_cat-kitchen-cabinets","9":"first","10":"instock","11":"purchasable","12":"product-type-simple"},"_links":{"self":[{"href":"https:\/\/baldumarket.lt\/lt\/wp-json\/wp\/v2\/product\/325489","targetHints":{"allow":["GET"]}}],"collection":[{"href":"https:\/\/baldumarket.lt\/lt\/wp-json\/wp\/v2\/product"}],"about":[{"href":"https:\/\/baldumarket.lt\/lt\/wp-json\/wp\/v2\/types\/product"}],"replies":[{"embeddable":true,"href":"https:\/\/baldumarket.lt\/lt\/wp-json\/wp\/v2\/comments?post=325489"}],"wp:featuredmedia":[{"embeddable":true,"href":"https:\/\/baldumarket.lt\/lt\/wp-json\/wp\/v2\/media\/325490"}],"wp:attachment":[{"href":"https:\/\/baldumarket.lt\/lt\/wp-json\/wp\/v2\/media?parent=325489"}],"wp:term":[{"taxonomy":"product_brand","embeddable":true,"href":"https:\/\/baldumarket.lt\/lt\/wp-json\/wp\/v2\/product_brand?post=325489"},{"taxonomy":"product_cat","embeddable":true,"href":"https:\/\/baldumarket.lt\/lt\/wp-json\/wp\/v2\/product_cat?post=325489"},{"taxonomy":"product_tag","embeddable":true,"href":"https:\/\/baldumarket.lt\/lt\/wp-json\/wp\/v2\/product_tag?post=325489"}],"curies":[{"name":"wp","href":"https:\/\/api.w.org\/{rel}","templated":true}]}}