{"id":325195,"date":"2026-01-16T10:55:36","date_gmt":"2026-01-16T07:55:36","guid":{"rendered":"https:\/\/baldumarket.lt\/product\/front-zmywarki-odkryty-60-cm-cremona-antracyt-zm-570x596\/"},"modified":"2026-01-17T16:41:27","modified_gmt":"2026-01-17T13:41:27","slug":"front-zmywarki-odkryty-60-cm-cremona-antracyt-zm-570x596","status":"publish","type":"product","link":"https:\/\/baldumarket.lt\/lt\/produktas\/front-zmywarki-odkryty-60-cm-cremona-antracyt-zm-570x596\/","title":{"rendered":"Front zmywarki odkryty 60 cm Cremona Antracyt ZM 570&#215;596"},"content":{"rendered":"<p>The Cremona kitchen offers the natural beauty of wood in a modern design. The warm shade of Cremona oak brings elegance, harmony, and a cozy atmosphere to any kitchen.<br \/>\nParametrai:<br \/>\nLentos tipas, storis, spalva:<br \/>\n16 mm anthracite laminated board, back &#8211; 2.5 mm HDF &#8211; white<br \/>\n16 mm Cremona oak laminated board fronts<br \/>\nApvado tipas:<br \/>\nmelamino korpusai<br \/>\nABS fasadai<br \/>\nKojel\u0117s \u2013 reguliuojamo auk\u0161\u010dio, 15 cm auk\u0161\u010dio<br \/>\nRankenos \u2013 juodos, pritvirtintos prie kra\u0161t\u0173<br \/>\nStal\u010di\u0173 atidarymo sistema \u2013 b\u0117geli\u0173 tipo \u2013 PREMIUM BOX<br \/>\nVyri\u0173 tipas \u2013 \u0161velnaus u\u017edarymo (i\u0161skyrus kampines spinteles)<br \/>\nUniversal fronts &#8211; left-hand or right-hand mounting<br \/>\nSpintel\u0117s \u2013 be stalvir\u0161i\u0173 ar grindjuos\u010di\u0173<br \/>\n\u0160velnaus u\u017edarymo sistema fasadams ir stal\u010diams, virtuv\u0117 ant reguliuojamo auk\u0161\u010dio kojeli\u0173, cokolis nepridedamas.<br \/>\nSpalvos:<br \/>\nFronts: 16mm Cremona Oak (ABS) laminated board<br \/>\nKorpusas: 16 mm antracito (melamino) laminuota plok\u0161t\u0117<br \/>\n\u00a0<\/p>","protected":false},"excerpt":{"rendered":"<p>Virtuv\u0117s spalva: Kremonos \u0105\u017euolas<br \/>\nVirtuv\u0117s stilius: Modernus<br \/>\nFront Type: Laminated Board\/MDF\/Lacquer Laminated Board<br \/>\nWidth [cm]: 59.6<br \/>\nHeight [cm]: 57<br \/>\nVyri\u0173 \/ stal\u010di\u0173 tipas: \u0161velnus u\u017edarymas<br \/>\nSpintel\u0117s pad\u0117tis \/ atidarymo b\u016bdas: Universalus<\/p>","protected":false},"featured_media":325196,"comment_status":"open","ping_status":"open","template":"","meta":[],"product_brand":[],"product_cat":[9234,1043],"product_tag":[],"class_list":{"0":"post-325195","1":"product","2":"type-product","3":"status-publish","4":"has-post-thumbnail","6":"product_cat-stolarz-lempert","7":"product_cat-extras","9":"first","10":"instock","11":"purchasable","12":"product-type-simple"},"_links":{"self":[{"href":"https:\/\/baldumarket.lt\/lt\/wp-json\/wp\/v2\/product\/325195","targetHints":{"allow":["GET"]}}],"collection":[{"href":"https:\/\/baldumarket.lt\/lt\/wp-json\/wp\/v2\/product"}],"about":[{"href":"https:\/\/baldumarket.lt\/lt\/wp-json\/wp\/v2\/types\/product"}],"replies":[{"embeddable":true,"href":"https:\/\/baldumarket.lt\/lt\/wp-json\/wp\/v2\/comments?post=325195"}],"wp:featuredmedia":[{"embeddable":true,"href":"https:\/\/baldumarket.lt\/lt\/wp-json\/wp\/v2\/media\/325196"}],"wp:attachment":[{"href":"https:\/\/baldumarket.lt\/lt\/wp-json\/wp\/v2\/media?parent=325195"}],"wp:term":[{"taxonomy":"product_brand","embeddable":true,"href":"https:\/\/baldumarket.lt\/lt\/wp-json\/wp\/v2\/product_brand?post=325195"},{"taxonomy":"product_cat","embeddable":true,"href":"https:\/\/baldumarket.lt\/lt\/wp-json\/wp\/v2\/product_cat?post=325195"},{"taxonomy":"product_tag","embeddable":true,"href":"https:\/\/baldumarket.lt\/lt\/wp-json\/wp\/v2\/product_tag?post=325195"}],"curies":[{"name":"wp","href":"https:\/\/api.w.org\/{rel}","templated":true}]}}