{"id":325171,"date":"2026-01-16T10:55:18","date_gmt":"2026-01-16T07:55:18","guid":{"rendered":"https:\/\/baldumarket.lt\/product\/zestaw-kuchenny-180-cm-cremona-kuchnia-180-cm\/"},"modified":"2026-03-23T13:00:26","modified_gmt":"2026-03-23T10:00:26","slug":"zestaw-kuchenny-180-cm-cremona-kuchnia-180-cm","status":"publish","type":"product","link":"https:\/\/baldumarket.lt\/lt\/product\/zestaw-kuchenny-180-cm-cremona-kuchnia-180-cm\/","title":{"rendered":"Virtuv\u0117s komplektas 180 cm Cremona, virtuv\u0117 180 cm"},"content":{"rendered":"<h5><span style=\"color: #54859b\">Apsilankykite m\u016bs\u0173 virtualioje Stolarz-Lempert prek\u0117s \u017eenklo parduotuv\u0117je<\/span><\/h5>\n<p> <a href=\"http:\/\/spacer.lempert.pl\/\" target=\"_blank\" rel=\"noopener\"><span style=\"color: #e47025\">http:\/\/spacer.lempert.pl\/<\/span><\/a><\/p>\n<p>\u201eCremona\u201c virtuv\u0117je nat\u016bralus med\u017eio gro\u017eis atsispindi moderniame dizaine. \u0160iltas \u201eCremona\u201c \u0105\u017euolo atspalvis bet kuriai virtuvei suteikia elegancijos, harmonijos ir jaukios atmosferos. Komplekt\u0105 sudaro \u0161ios spintel\u0117s:<br \/>\n60 cm kriaukl\u0117s stal\u010dius \u2013 60 ZL 1S BB<br \/>\n60 cm su 1 priekiu \u2013 60 D 1F BB<br \/>\n60 cm stal\u010diai \u2013 60 D 3S BB<br \/>\nVir\u0161uje:<br \/>\n30 cm atvira lentyn\u0173 sistema \u2013 30 G-72 OTW<br \/>\n30 cm su 1 priekiu \u2013 30 G-72 1F<br \/>\n60 cm \u2013 60 GU-36 1F<br \/>\nViena lentyna:<br \/>\n60 cm su 1 priekiu \u2013 60 G-72 1F<br \/>\n\u012e rinkin\u012f \u012feina:<br \/>\nauk\u0161tos kokyb\u0117s fasadai i\u0161 laminuotos plok\u0161t\u0117s<br \/>\nerdvios spintel\u0117s<br \/>\njuodos aliuminio kra\u0161t\u0173 rankenos<br \/>\nmetaliniai vyriai ir stal\u010diai<br \/>\n\u0161velnaus u\u017edarymo priekin\u0117 sistema<br \/>\n\u0160velnaus u\u017edarymo stal\u010di\u0173 sistema \u2013 Premium Box<br \/>\nbe kojeli\u0173 \u2013 spintel\u0117s stovi ant karkaso<br \/>\napatin\u0117s spintel\u0117s be stalvir\u0161i\u0173 \u2013 specialus stalvir\u0161is \u2013 \u201eRoma Marble\u201c 38 mm<br \/>\n\u00a0<br \/>\nVirtuv\u0117s spalvos:<br \/>\n\u00a0Korpusas \u2013 16 mm laminuota plok\u0161t\u0117, matin\u0117s juodos arba matin\u0117s baltos spalvos<br \/>\nHDF 2,5 mm \u2013 balta<br \/>\n\u00a0priekis \u2013 16 mm laminuota lenta Cremona \u0105\u017euolo spalvos<br \/>\n\u00a0kra\u0161tas \u2013 melaminas + ABS<br \/>\n\u00a0<\/p>","protected":false},"excerpt":{"rendered":"<p>Virtuv\u0117s spalva: Kremonos \u0105\u017euolas<br \/>\nVirtuv\u0117s stilius: Modernus<br \/>\nPriekin\u0117s dalies tipas: laminuota plok\u0161t\u0117 \/ MDF \/ lakuota laminuota plok\u0161t\u0117<br \/>\nPlotis [cm]: 180<br \/>\nAuk\u0161tis [cm]: 71,5 (vir\u0161uje)<br \/>\nAuk\u0161tis be stalvir\u0161io [cm]: 82<br \/>\nVyri\u0173 \/ stal\u010di\u0173 tipas: \u0161velnus u\u017edarymas<br \/>\nSpintel\u0117s pad\u0117tis \/ atidarymo b\u016bdas: Universalus<br \/>\nGylis be stalvir\u0161io [cm]: 52<\/p>","protected":false},"featured_media":325172,"comment_status":"open","ping_status":"open","template":"","meta":[],"product_brand":[],"product_cat":[9234,1932],"product_tag":[],"class_list":{"0":"post-325171","1":"product","2":"type-product","3":"status-publish","4":"has-post-thumbnail","6":"product_cat-stolarz-lempert","7":"product_cat-kitchen-sets","9":"first","10":"instock","11":"purchasable","12":"product-type-simple"},"_links":{"self":[{"href":"https:\/\/baldumarket.lt\/lt\/wp-json\/wp\/v2\/product\/325171","targetHints":{"allow":["GET"]}}],"collection":[{"href":"https:\/\/baldumarket.lt\/lt\/wp-json\/wp\/v2\/product"}],"about":[{"href":"https:\/\/baldumarket.lt\/lt\/wp-json\/wp\/v2\/types\/product"}],"replies":[{"embeddable":true,"href":"https:\/\/baldumarket.lt\/lt\/wp-json\/wp\/v2\/comments?post=325171"}],"wp:featuredmedia":[{"embeddable":true,"href":"https:\/\/baldumarket.lt\/lt\/wp-json\/wp\/v2\/media\/325172"}],"wp:attachment":[{"href":"https:\/\/baldumarket.lt\/lt\/wp-json\/wp\/v2\/media?parent=325171"}],"wp:term":[{"taxonomy":"product_brand","embeddable":true,"href":"https:\/\/baldumarket.lt\/lt\/wp-json\/wp\/v2\/product_brand?post=325171"},{"taxonomy":"product_cat","embeddable":true,"href":"https:\/\/baldumarket.lt\/lt\/wp-json\/wp\/v2\/product_cat?post=325171"},{"taxonomy":"product_tag","embeddable":true,"href":"https:\/\/baldumarket.lt\/lt\/wp-json\/wp\/v2\/product_tag?post=325171"}],"curies":[{"name":"wp","href":"https:\/\/api.w.org\/{rel}","templated":true}]}}