{"id":325163,"date":"2026-01-16T10:55:09","date_gmt":"2026-01-16T07:55:09","guid":{"rendered":"https:\/\/baldumarket.lt\/product\/zestaw-kuchenny-260-cm-cremona-kuchnia-260-cm\/"},"modified":"2026-03-23T13:00:26","modified_gmt":"2026-03-23T10:00:26","slug":"zestaw-kuchenny-260-cm-cremona-kuchnia-260-cm","status":"publish","type":"product","link":"https:\/\/baldumarket.lt\/lt\/product\/zestaw-kuchenny-260-cm-cremona-kuchnia-260-cm\/","title":{"rendered":"Virtuv\u0117s komplektas 260 cm Cremona, virtuv\u0117 260 cm"},"content":{"rendered":"<h5><span style=\"color: #54859b\">Apsilankykite m\u016bs\u0173 virtualioje Stolarz-Lempert prek\u0117s \u017eenklo parduotuv\u0117je<\/span><\/h5>\n<p> <a href=\"http:\/\/spacer.lempert.pl\/\" target=\"_blank\" rel=\"noopener\"><span style=\"color: #e47025\">http:\/\/spacer.lempert.pl\/<\/span><\/a><\/p>\n<p>\u201eCremona\u201c virtuv\u0117je nat\u016bralus med\u017eio gro\u017eis atsispindi moderniame dizaine. \u0160iltas \u201eCremona\u201c \u0105\u017euolo atspalvis bet kuriai virtuvei suteikia elegancijos, harmonijos ir jaukios atmosferos. Komplekt\u0105 sudaro \u0161ios spintel\u0117s:<br \/>\n60 cm su 1 priekiu \u2013 60 D 1F BB<br \/>\n60 cm orkait\u0117s spintel\u0117 \u2013 60 D GAZ BB<br \/>\n40 cm stal\u010di\u0173 spintel\u0117 \u2013 40 D 3S BB<br \/>\n60 cm kriaukl\u0117s spintel\u0117 \u2013 60 ZL 1S BB<br \/>\n40 cm su 1 priekine spintele \u2013 40 D 1F BB<br \/>\nVir\u0161utin\u0117 spintel\u0117:<br \/>\n60 cm su 1 priekine spintele \u2013 60 G-72 1F<br \/>\n60 cm gartraukio spintel\u0117 \u2013 60 GU-36 1F<br \/>\n40 cm su 1 priekine spintele \u2013 40 G-72 1F<br \/>\n60 cm su 1 priekine spintele \u2013 60 G-72 1F<br \/>\n40 cm su 1 priekine spintele \u2013 40 G-72 1F<br \/>\n\u012e rinkin\u012f \u012feina:<br \/>\nauk\u0161tos kokyb\u0117s priekin\u0117s spintel\u0117s, pagamintos i\u0161 laminuotos plok\u0161t\u0117s<br \/>\nerdvios spintel\u0117s<br \/>\naliuminio kra\u0161t\u0173 rankenos juodos<br \/>\nmetaliniai vyriai ir stal\u010diai<br \/>\n\u0160velnaus u\u017edarymo priekin\u0117 sistema<br \/>\n\u0160velnaus u\u017edarymo stal\u010di\u0173 sistema \u2013 Premium Box<br \/>\nBe kojeli\u0173 \u2013 spintel\u0117s stovi ant r\u0117m\u0173<br \/>\nApatin\u0117s spintel\u0117s be stalvir\u0161i\u0173 \u2013 Atskiras stalvir\u0161is \u2013 38 mm \u201eRoma\u201c marmuras<br \/>\n\u00a0<br \/>\nVirtuv\u0117s spalvos:<br \/>\nKorpusas \u2013 16 mm laminuota plok\u0161t\u0117, matin\u0117s juodos arba matin\u0117s baltos spalvos<br \/>\n2,5 mm HDF \u2013 balta<br \/>\nPriekin\u0117 dalis \u2013 16 mm laminuota lenta Cremona \u0105\u017euolo spalvos<br \/>\nKra\u0161tas \u2013 melaminas + ABS<br \/>\n\u00a0<\/p>","protected":false},"excerpt":{"rendered":"<p>Virtuv\u0117s spalva: Kremonos \u0105\u017euolas<br \/>\nVirtuv\u0117s stilius: Modernus<br \/>\nPriekin\u0117s dalies tipas: laminuota plok\u0161t\u0117 \/ MDF \/ lakuota laminuota plok\u0161t\u0117<br \/>\nPlotis [cm]: 260<br \/>\nAuk\u0161tis [cm]: 71,5 (vir\u0161uje)<br \/>\nAuk\u0161tis be stalvir\u0161io [cm]: 82<br \/>\nVyri\u0173 \/ stal\u010di\u0173 tipas: \u0161velnus u\u017edarymas<br \/>\nSpintel\u0117s pad\u0117tis \/ atidarymo b\u016bdas: Universalus<br \/>\nGylis be stalvir\u0161io [cm]: 52<\/p>","protected":false},"featured_media":325164,"comment_status":"open","ping_status":"open","template":"","meta":[],"product_brand":[],"product_cat":[9234,1932],"product_tag":[],"class_list":{"0":"post-325163","1":"product","2":"type-product","3":"status-publish","4":"has-post-thumbnail","6":"product_cat-stolarz-lempert","7":"product_cat-kitchen-sets","9":"first","10":"instock","11":"purchasable","12":"product-type-simple"},"_links":{"self":[{"href":"https:\/\/baldumarket.lt\/lt\/wp-json\/wp\/v2\/product\/325163","targetHints":{"allow":["GET"]}}],"collection":[{"href":"https:\/\/baldumarket.lt\/lt\/wp-json\/wp\/v2\/product"}],"about":[{"href":"https:\/\/baldumarket.lt\/lt\/wp-json\/wp\/v2\/types\/product"}],"replies":[{"embeddable":true,"href":"https:\/\/baldumarket.lt\/lt\/wp-json\/wp\/v2\/comments?post=325163"}],"wp:featuredmedia":[{"embeddable":true,"href":"https:\/\/baldumarket.lt\/lt\/wp-json\/wp\/v2\/media\/325164"}],"wp:attachment":[{"href":"https:\/\/baldumarket.lt\/lt\/wp-json\/wp\/v2\/media?parent=325163"}],"wp:term":[{"taxonomy":"product_brand","embeddable":true,"href":"https:\/\/baldumarket.lt\/lt\/wp-json\/wp\/v2\/product_brand?post=325163"},{"taxonomy":"product_cat","embeddable":true,"href":"https:\/\/baldumarket.lt\/lt\/wp-json\/wp\/v2\/product_cat?post=325163"},{"taxonomy":"product_tag","embeddable":true,"href":"https:\/\/baldumarket.lt\/lt\/wp-json\/wp\/v2\/product_tag?post=325163"}],"curies":[{"name":"wp","href":"https:\/\/api.w.org\/{rel}","templated":true}]}}