{"id":32506,"date":"2025-11-14T22:14:09","date_gmt":"2025-11-14T19:14:09","guid":{"rendered":"https:\/\/baldumarket.lt\/product\/dullum-200-komoda-bialy\/"},"modified":"2026-03-24T18:15:57","modified_gmt":"2026-03-24T15:15:57","slug":"dullum-200-komoda-bialy","status":"publish","type":"product","link":"https:\/\/baldumarket.lt\/lt\/product\/dullum-200-komoda-bialy\/","title":{"rendered":"Dullum 200 komoda su stal\u010diais, balta"},"content":{"rendered":"<p>Komoda \u201eDullum\u201c \u2013 eleganti\u0161kas ir funkcionalus baldas, kurio gylis \u2013 40 cm, plotis \u2013 200 cm, o auk\u0161tis \u2013 75 cm. 16 mm storio lenta u\u017etikrina tvirt\u0105 ir patvari\u0105 konstrukcij\u0105. Komoda turi rutulinius guolius, kurie u\u017etikrina skland\u0173 ir patikim\u0105 stal\u010di\u0173 veikim\u0105. Kiekvienos spintel\u0117s maksimali apkrova yra 3 kg, tod\u0117l ji tinka \u012fvairi\u0173 daikt\u0173 laikymui, i\u0161laikant stabilum\u0105 ir funkcionalum\u0105.<\/p>","protected":false},"excerpt":{"rendered":"<p>Komoda \u201eDullum\u201c \u2013 eleganti\u0161kas ir funkcionalus baldas, kurio gylis \u2013 40 cm, plotis \u2013 200 cm, o auk\u0161tis \u2013 75 cm. 16 mm storio plok\u0161t\u0117 u\u017etikrina tvirt\u0105 ir patvari\u0105 konstrukcij\u0105. Komoda turi rutulinius guolius, kurie u\u017etikrina skland\u0173 ir patikim\u0105 stal\u010di\u0173 jud\u0117jim\u0105. Kiekviena spintel\u0117 turi [\u2026]<\/p>","protected":false},"featured_media":32507,"comment_status":"open","ping_status":"open","template":"","meta":[],"product_brand":[],"product_cat":[1173,2012,9164],"product_tag":[],"class_list":{"0":"post-32506","1":"product","2":"type-product","3":"status-publish","4":"has-post-thumbnail","6":"product_cat-chests-of-drawers","7":"product_cat-eltap","8":"product_cat-komody-eltap","10":"first","11":"instock","12":"purchasable","13":"product-type-simple"},"_links":{"self":[{"href":"https:\/\/baldumarket.lt\/lt\/wp-json\/wp\/v2\/product\/32506","targetHints":{"allow":["GET"]}}],"collection":[{"href":"https:\/\/baldumarket.lt\/lt\/wp-json\/wp\/v2\/product"}],"about":[{"href":"https:\/\/baldumarket.lt\/lt\/wp-json\/wp\/v2\/types\/product"}],"replies":[{"embeddable":true,"href":"https:\/\/baldumarket.lt\/lt\/wp-json\/wp\/v2\/comments?post=32506"}],"wp:featuredmedia":[{"embeddable":true,"href":"https:\/\/baldumarket.lt\/lt\/wp-json\/wp\/v2\/media\/32507"}],"wp:attachment":[{"href":"https:\/\/baldumarket.lt\/lt\/wp-json\/wp\/v2\/media?parent=32506"}],"wp:term":[{"taxonomy":"product_brand","embeddable":true,"href":"https:\/\/baldumarket.lt\/lt\/wp-json\/wp\/v2\/product_brand?post=32506"},{"taxonomy":"product_cat","embeddable":true,"href":"https:\/\/baldumarket.lt\/lt\/wp-json\/wp\/v2\/product_cat?post=32506"},{"taxonomy":"product_tag","embeddable":true,"href":"https:\/\/baldumarket.lt\/lt\/wp-json\/wp\/v2\/product_tag?post=32506"}],"curies":[{"name":"wp","href":"https:\/\/api.w.org\/{rel}","templated":true}]}}